{"id":13219,"date":"2022-03-15T07:30:16","date_gmt":"2022-03-15T06:30:16","guid":{"rendered":"https:\/\/dudelange.devoteamlab.lu\/?page_id=13219"},"modified":"2025-03-13T11:27:38","modified_gmt":"2025-03-13T10:27:38","slug":"pap-en-cours","status":"publish","type":"page","link":"https:\/\/www.dudelange.lu\/index.php\/pap-en-cours\/","title":{"rendered":"PAP en cours de proc\u00e9dure"},"content":{"rendered":"<p><strong>AVIS AU PUBLIC\u00a0<\/strong><\/p>\n<p><strong>PLAN D\u2019AM\u00c9NAGEMENT PARTICULIER \u00ab Nouveau Quartier \u00bb (PAP NQ 36) \u00ab Ribeschpontergriecht \u00bb<\/strong><\/p>\n<p style=\"text-align: left;\">Le coll\u00e8ge des bourgmestre et \u00e9chevin\u00b7es de la Ville de Dudelange, en ex\u00e9cution de l\u2019article 30 de la loi modifi\u00e9e du 19 juillet 2004 concernant l\u2019am\u00e9nagement communal et le d\u00e9veloppement urbain, porte \u00e0 la connaissance du public que le Projet d\u2019Am\u00e9nagement Particulier \u00ab Nouveau Quartier \u00bb (PAP NQ 36) \u00ab Ribeschpontergriecht \u00bb concernant des fonds sis \u00e0 Dudelange aux lieux-dits \u00ab Bei Ribeschpontergriecht \u00bb, \u00ab Op Ribeschpont \u00bb et \u00ab rue des Champs \u00bb pr\u00e9sent\u00e9 par le bureau \u00ab WW+ s.\u00e0 r.l. \u00bb pour le compte de Lionstone South S.\u00e0 r.l.\u00a0a \u00e9t\u00e9 introduit aupr\u00e8s de l\u2019administration communale pour approbation.<\/p>\n<p style=\"text-align: left;\">Le dossier aff\u00e9rent est d\u00e9pos\u00e9 \u00e0 l\u2019inspection du public au service de l\u2019Architecture et des Domaines, bureau 203, \u00e0 l\u2019H\u00f4tel de Ville de Dudelange pendant 30 jours, <span style=\"text-decoration: underline;\"><strong>du 11 octobre 2024 au 11 novembre 2024 inclus<\/strong><\/span>, \u00e0 savoir que seules les pi\u00e8ces d\u00e9pos\u00e9es \u00e0 la maison communale font foi.<\/p>\n<p style=\"text-align: left;\">End\u00e9ans le d\u00e9lai susvis\u00e9 les observations et objections contre le projet doivent, sous peine de forclusion, \u00eatre pr\u00e9sent\u00e9es par \u00e9crit au coll\u00e8ge des bourgmestre et \u00e9chevin\u00b7es par les personnes int\u00e9ress\u00e9es.<\/p>\n<p>&nbsp;<\/p>\n<p><span style=\"text-decoration: underline;\">Documents \u00e0 t\u00e9l\u00e9charger<\/span>:<\/p>\n<ul>\n<li><span style=\"color: #ef4030;\"><a style=\"color: #ef4030;\" href=\"https:\/\/sadudelangedata.blob.core.windows.net\/files\/2024\/10\/20240925_b.-Partie-ecrite.pdf\" target=\"_blank\" rel=\"noopener\"><span style=\"text-decoration: underline;\">Partie \u00e9crite<\/span><\/a><\/span> (PDF, 7.75 MB)<\/li>\n<li><span style=\"color: #ef4030;\"><a style=\"color: #ef4030;\" href=\"https:\/\/sadudelangedata.blob.core.windows.net\/files\/2024\/10\/20240925_Partie-graphique.pdf\" target=\"_blank\" rel=\"noopener\"><span style=\"text-decoration: underline;\">Partie graphique<\/span><\/a><\/span> (PDF, 2.62 MB)<\/li>\n<li><span style=\"text-decoration: underline;\"><span style=\"color: #ef4030;\"><a style=\"color: #ef4030; text-decoration: underline;\" href=\"https:\/\/sadudelangedata.blob.core.windows.net\/files\/2024\/10\/20240925_Rapport-justificatif.pdf\" target=\"_blank\" rel=\"noopener\">Rapport justificatif<\/a><\/span><\/span> (PDF, 15.6 MB)<\/li>\n<li><span style=\"color: #ef4030;\"><a style=\"color: #ef4030;\" href=\"https:\/\/sadudelangedata.blob.core.windows.net\/files\/2024\/10\/20241011-20241112_ARDOAVIPAP_NQ36-Ribeschpontergriecht.pdf\" target=\"_blank\" rel=\"noopener\"><span style=\"text-decoration: underline;\">Avis au public<\/span><\/a><\/span> (PDF, 52 KB)<\/li>\n<\/ul>\n","protected":false},"excerpt":{"rendered":"<p>AVIS AU PUBLIC\u00a0 PLAN D\u2019AM\u00c9NAGEMENT PARTICULIER \u00ab Nouveau Quartier \u00bb [&hellip;]<\/p>\n","protected":false},"author":1,"featured_media":13947,"parent":0,"menu_order":0,"comment_status":"closed","ping_status":"closed","template":"","meta":{"footnotes":""},"class_list":["post-13219","page","type-page","status-publish","has-post-thumbnail","hentry"],"publishpress_future_action":{"enabled":false,"date":"2026-04-24 06:16:30","action":"change-status","newStatus":"draft","terms":[],"taxonomy":"","extraData":[]},"publishpress_future_workflow_manual_trigger":{"enabledWorkflows":[]},"_links":{"self":[{"href":"https:\/\/www.dudelange.lu\/index.php\/wp-json\/wp\/v2\/pages\/13219","targetHints":{"allow":["GET"]}}],"collection":[{"href":"https:\/\/www.dudelange.lu\/index.php\/wp-json\/wp\/v2\/pages"}],"about":[{"href":"https:\/\/www.dudelange.lu\/index.php\/wp-json\/wp\/v2\/types\/page"}],"author":[{"embeddable":true,"href":"https:\/\/www.dudelange.lu\/index.php\/wp-json\/wp\/v2\/users\/1"}],"replies":[{"embeddable":true,"href":"https:\/\/www.dudelange.lu\/index.php\/wp-json\/wp\/v2\/comments?post=13219"}],"version-history":[{"count":31,"href":"https:\/\/www.dudelange.lu\/index.php\/wp-json\/wp\/v2\/pages\/13219\/revisions"}],"predecessor-version":[{"id":25710,"href":"https:\/\/www.dudelange.lu\/index.php\/wp-json\/wp\/v2\/pages\/13219\/revisions\/25710"}],"wp:featuredmedia":[{"embeddable":true,"href":"https:\/\/www.dudelange.lu\/index.php\/wp-json\/wp\/v2\/media\/13947"}],"wp:attachment":[{"href":"https:\/\/www.dudelange.lu\/index.php\/wp-json\/wp\/v2\/media?parent=13219"}],"curies":[{"name":"wp","href":"https:\/\/api.w.org\/{rel}","templated":true}]}}