{"id":13316,"date":"2021-10-20T08:24:40","date_gmt":"2021-10-20T06:24:40","guid":{"rendered":"https:\/\/dudelange.devoteamlab.lu\/?page_id=13316"},"modified":"2026-02-18T08:50:44","modified_gmt":"2026-02-18T07:50:44","slug":"circuit-frantz-kinnen","status":"publish","type":"page","link":"https:\/\/www.dudelange.lu\/index.php\/circuit-frantz-kinnen\/","title":{"rendered":"Circuit Frantz Kinnen"},"content":{"rendered":"<p>Frantz Kinnen (1905-1979) est n\u00e9 \u00e0 Dudelange et a grandi dans le milieu ouvrier de la \u00ab Schmelz \u00bb. Le peintre, dessinateur, sculpteur et cr\u00e9ateur de vitraux a \u00e9t\u00e9 maintes fois r\u00e9compens\u00e9 pour son travail: il a entre autres re\u00e7u trois fois le Prix Grand-Duc Adolphe et a particip\u00e9 \u00e0 de nombreuses expositions \u00e0 l\u2019\u00e9tranger, de Paris \u00e0 New York, de Tokio \u00e0 S\u00e3o Paulo. Frantz Kinnen a fait \u00e9voluer l\u2019art luxembourgeois d\u2019apr\u00e8s guerre en se distinguant comme un des premiers peintres luxembourgeois \u00e0 travailler dans l\u2019abstraction pure. Ce circuit vous propose de d\u00e9couvrir un grand nombre <span class=\"Y2IQFc\" lang=\"fr\">de ses \u0153uvres \u00e0 Dudelange.<\/span><\/p>\n<p>Circuit p\u00e9destre Frantz Kinnen:<\/p>\n<ul>\n<li>Square, rue Jean Jaur\u00e8s, sculpture en m\u00e9tal<\/li>\n<li>Ancien b\u00e2timent de la Poste, rue Jean Jaur\u00e8s, vitrail<\/li>\n<li>\u00c9glise St-Martin, vitrail porte d\u2019entr\u00e9e<\/li>\n<li>Centre paroissial (Ver\u00e4inshaus), vitrail<\/li>\n<li>\u00c9cole Wolkeschdahl, sculpture<\/li>\n<li>\u00c9cole Wolkeschdahl, vitrail<\/li>\n<li>\u00c9cole Wolkeschdahl Pr\u00e9scolaire, sculpture<\/li>\n<li>Place Marc Zanussi, Parc Le\u2019h, bas relief du kiosque<\/li>\n<li>\u00c9cole quartier Italie, vitrail<\/li>\n<li>Chapelle St-Eloi, vitrail<\/li>\n<\/ul>\n","protected":false},"excerpt":{"rendered":"<p>Frantz Kinnen (1905-1979) est n\u00e9 \u00e0 Dudelange et a grandi [&hellip;]<\/p>\n","protected":false},"author":8,"featured_media":13318,"parent":0,"menu_order":0,"comment_status":"closed","ping_status":"closed","template":"","meta":{"footnotes":""},"class_list":["post-13316","page","type-page","status-publish","has-post-thumbnail","hentry"],"publishpress_future_action":{"enabled":false,"date":"2026-05-14 14:16:54","action":"change-status","newStatus":"draft","terms":[],"taxonomy":"","extraData":[]},"publishpress_future_workflow_manual_trigger":{"enabledWorkflows":[]},"_links":{"self":[{"href":"https:\/\/www.dudelange.lu\/index.php\/wp-json\/wp\/v2\/pages\/13316","targetHints":{"allow":["GET"]}}],"collection":[{"href":"https:\/\/www.dudelange.lu\/index.php\/wp-json\/wp\/v2\/pages"}],"about":[{"href":"https:\/\/www.dudelange.lu\/index.php\/wp-json\/wp\/v2\/types\/page"}],"author":[{"embeddable":true,"href":"https:\/\/www.dudelange.lu\/index.php\/wp-json\/wp\/v2\/users\/8"}],"replies":[{"embeddable":true,"href":"https:\/\/www.dudelange.lu\/index.php\/wp-json\/wp\/v2\/comments?post=13316"}],"version-history":[{"count":11,"href":"https:\/\/www.dudelange.lu\/index.php\/wp-json\/wp\/v2\/pages\/13316\/revisions"}],"predecessor-version":[{"id":30028,"href":"https:\/\/www.dudelange.lu\/index.php\/wp-json\/wp\/v2\/pages\/13316\/revisions\/30028"}],"wp:featuredmedia":[{"embeddable":true,"href":"https:\/\/www.dudelange.lu\/index.php\/wp-json\/wp\/v2\/media\/13318"}],"wp:attachment":[{"href":"https:\/\/www.dudelange.lu\/index.php\/wp-json\/wp\/v2\/media?parent=13316"}],"curies":[{"name":"wp","href":"https:\/\/api.w.org\/{rel}","templated":true}]}}