{"id":13371,"date":"2021-10-22T09:43:54","date_gmt":"2021-10-22T07:43:54","guid":{"rendered":"https:\/\/dudelange.devoteamlab.lu\/?page_id=13371"},"modified":"2024-05-29T14:27:03","modified_gmt":"2024-05-29T12:27:03","slug":"chemin-sensoriel","status":"publish","type":"page","link":"https:\/\/www.dudelange.lu\/index.php\/chemin-sensoriel\/","title":{"rendered":"Chemin sensoriel (Buerf\u00e9isswee)"},"content":{"rendered":"<p>D\u00e9part: Parc Le&rsquo;h, place Marc Zanussi &#8211; derri\u00e8re le kiosque.<\/p>\n<p>Parcours sensoriel pour petits et grands de 550 m\u00e8tres avec 19 stations recouvertes de mat\u00e9riaux divers qu\u2019il faut parcourir pieds nus. Il vise l\u2019\u00e9veil des sens et la d\u00e9tente et favorise en m\u00eame temps les comp\u00e9tences motrices et l\u2019int\u00e9r\u00eat pour la nature.<\/p>\n<p>Ce chemin sensoriel, qui par le nombre de ses stations est le plus vaste du pays, est aussi le tout premier de ce genre dans le sud du pays. Il \u00e9mane d\u2019une id\u00e9e de la Commission de la famille. Sa construction revient au garde forestier et \u00e0 son \u00e9quipe. L\u2019entretien est assur\u00e9 par le CIGL Dudelange et les services de la Ville de Dudelange.<\/p>\n<p>&#8211;<\/p>\n<p>Start: Parc Le&rsquo;h, Place Marc Zanussi &#8211; hinter dem Kiosk.<\/p>\n<p>550 Meter langer Sinnespfad f\u00fcr Kinder und Erwachsene mit 19 Stationen, die mit verschiedenen Materialien bedeckt sind und barfu\u00df durchlaufen werden m\u00fcssen. Er zielt auf die Anregung der Sinne und die Entspannung ab und f\u00f6rdert gleichzeitig die motorischen F\u00e4higkeiten und das Interesse an der Natur.<\/p>\n<p>Der Sinnespfad ist der gr\u00f6\u00dfte des Landes, was die Anzahl der Stationen angeht, und gleichzeitig der erste seiner Art im S\u00fcden des Landes. Er geht auf eine Idee der Familienkommission zur\u00fcck. Er wurde vom F\u00f6rster und seinem Team errichtet. Die Wartung wird vom CIGL Dudelange und den Dienststellen der Stadt D\u00fcdelingen \u00fcbernommen.<\/p>\n","protected":false},"excerpt":{"rendered":"<p>D\u00e9part: Parc Le&rsquo;h, place Marc Zanussi &#8211; derri\u00e8re le kiosque. [&hellip;]<\/p>\n","protected":false},"author":8,"featured_media":20693,"parent":0,"menu_order":0,"comment_status":"closed","ping_status":"closed","template":"","meta":{"footnotes":""},"class_list":["post-13371","page","type-page","status-publish","has-post-thumbnail","hentry"],"publishpress_future_action":{"enabled":false,"date":"2026-05-22 09:27:50","action":"change-status","newStatus":"draft","terms":[],"taxonomy":"","extraData":[]},"publishpress_future_workflow_manual_trigger":{"enabledWorkflows":[]},"_links":{"self":[{"href":"https:\/\/www.dudelange.lu\/index.php\/wp-json\/wp\/v2\/pages\/13371","targetHints":{"allow":["GET"]}}],"collection":[{"href":"https:\/\/www.dudelange.lu\/index.php\/wp-json\/wp\/v2\/pages"}],"about":[{"href":"https:\/\/www.dudelange.lu\/index.php\/wp-json\/wp\/v2\/types\/page"}],"author":[{"embeddable":true,"href":"https:\/\/www.dudelange.lu\/index.php\/wp-json\/wp\/v2\/users\/8"}],"replies":[{"embeddable":true,"href":"https:\/\/www.dudelange.lu\/index.php\/wp-json\/wp\/v2\/comments?post=13371"}],"version-history":[{"count":5,"href":"https:\/\/www.dudelange.lu\/index.php\/wp-json\/wp\/v2\/pages\/13371\/revisions"}],"predecessor-version":[{"id":24340,"href":"https:\/\/www.dudelange.lu\/index.php\/wp-json\/wp\/v2\/pages\/13371\/revisions\/24340"}],"wp:featuredmedia":[{"embeddable":true,"href":"https:\/\/www.dudelange.lu\/index.php\/wp-json\/wp\/v2\/media\/20693"}],"wp:attachment":[{"href":"https:\/\/www.dudelange.lu\/index.php\/wp-json\/wp\/v2\/media?parent=13371"}],"curies":[{"name":"wp","href":"https:\/\/api.w.org\/{rel}","templated":true}]}}