{"id":13403,"date":"2021-10-22T10:37:12","date_gmt":"2021-10-22T08:37:12","guid":{"rendered":"https:\/\/dudelange.devoteamlab.lu\/?page_id=13403"},"modified":"2024-05-17T10:33:15","modified_gmt":"2024-05-17T08:33:15","slug":"activites-extra-scolaires","status":"publish","type":"page","link":"https:\/\/www.dudelange.lu\/index.php\/activites-extra-scolaires\/","title":{"rendered":"Activit\u00e9s extra-scolaires"},"content":{"rendered":"<div>\n<p><strong>Aires de jeux<br \/>\n<\/strong>\u200b\u200b\u200bDe nombreuses aires de jeux sont r\u00e9parties sur toute la ville et offrent une grande diversit\u00e9: du toboggan aux jeux \u00e0 ressort en passant par des balan\u00e7oires et des jeux d\u2019escalade, il y en a pour tous les go\u00fbts.\u200b\u200b<br \/>\nPlus d\u2019infos: <a href=\"https:\/\/spillplaz.lu\/lb\/playgrounds\/37\" target=\"_blank\" rel=\"noopener\"><span style=\"text-decoration: underline;\"><span style=\"color: #ef4030; text-decoration: underline;\">www.spillplaz.lu<\/span><\/span><\/a><\/p>\n<\/div>\n<p class=\"title-heading-left fusion-responsive-typography-calculated\"><strong><br \/>\nChemin sensoriel (Buerfousswee) au parc Le&rsquo;h<br \/>\n<\/strong>Parcours sensoriel pour petits et grands de 550 m\u00e8tres avec 19 stations recouvertes de mat\u00e9riaux divers qu\u2019il faut parcourir pieds nus. Il vise l\u2019\u00e9veil des sens et la d\u00e9tente et favorise en m\u00eame temps les comp\u00e9tences motrices et l\u2019int\u00e9r\u00eat pour la nature. D\u00e9part: Parc Le\u2019h, place Marc Zanussi \u2013 derri\u00e8re le kiosque.<\/p>\n<p><strong><br \/>\nSentier narratif (Lauschterwee)<\/strong><\/p>\n<div>\n<p>Une princesse ensorcel\u00e9e, des cloches, un serpent bizarre, des braises qui se transforment en or, voici ce que vous d\u00e9couvrirez au fil d\u2019une promenade d\u2019environ 1,5 heures dans les bois du Mont Saint-Jean. Vous parcourrez une dizaine de stations.\u00a0\u00c0 chaque station, gr\u00e2ce \u00e0 un code QR, vous choisirez d\u2019\u00e9couter (ou de voir) sur votre smartphone l\u2019une des 4 langues disponibles : luxembourgeois, fran\u00e7ais, allemand ou langage des signes. D\u00e9part: Place Gymnich, Boudersberg.<\/p>\n<p>[PDF]\u00a0<span style=\"text-decoration: underline;\"><span style=\"color: #ef4030;\"><a style=\"color: #ef4030; text-decoration: underline;\" href=\"https:\/\/sadudelangedata.blob.core.windows.net\/files\/2021\/09\/614b3b9491e3d-614b3b9491e3eClasseur1.pdf.pdf\" target=\"_blank\" rel=\"noopener\">Sentier narratif<\/a><\/span><\/span><\/p>\n<\/div>\n<p><strong><br \/>\nNuit du sport<\/strong><br \/>\nLa Nuit du Sport est organis\u00e9e chaque ann\u00e9e pour donner l\u2019opportunit\u00e9 aux jeunes et moins jeunes de d\u00e9couvrir de nouvelles disciplines sportives et de donner plaisir \u00e0 l\u2019activit\u00e9 physique et sportive ainsi qu\u2019\u00e0 un mode de vie sain. Les activit\u00e9s propos\u00e9es sont organis\u00e9es par les services communaux, la maison des jeunes et les associations sportives locales. Entr\u00e9e gratuite. Plus d\u2019infos:\u00a0<span style=\"text-decoration: underline;\"><span style=\"color: #ef4030;\"><a style=\"color: #ef4030; text-decoration: underline;\" href=\"http:\/\/www.nuitdusport.lu\/\" target=\"_blank\" rel=\"noopener\">www.nuitdusport.lu<\/a><\/span><\/span><\/p>\n<p>&nbsp;<\/p>\n<p>Document \u00e0 t\u00e9l\u00e9charger:<\/p>\n<ul>\n<li>[PDF]\u00a0<a href=\"https:\/\/sadudelangedata.blob.core.windows.net\/files\/2021\/09\/614491a43ac49-614491a43ac4aEnseignement-plan-activites-2021.pdf.pdf\" target=\"_blank\" rel=\"noopener\"><span style=\"text-decoration: underline;\"><span style=\"color: #ef4030; text-decoration: underline;\">Plan avec activit\u00e9s de loisirs<\/span><\/span><\/a><\/li>\n<\/ul>\n","protected":false},"excerpt":{"rendered":"<p>Aires de jeux \u200b\u200b\u200bDe nombreuses aires de jeux sont r\u00e9parties [&hellip;]<\/p>\n","protected":false},"author":8,"featured_media":2397,"parent":0,"menu_order":0,"comment_status":"closed","ping_status":"closed","template":"","meta":{"footnotes":""},"class_list":["post-13403","page","type-page","status-publish","has-post-thumbnail","hentry"],"publishpress_future_action":{"enabled":false,"date":"2026-04-22 20:50:30","action":"change-status","newStatus":"draft","terms":[],"taxonomy":"","extraData":[]},"publishpress_future_workflow_manual_trigger":{"enabledWorkflows":[]},"_links":{"self":[{"href":"https:\/\/www.dudelange.lu\/index.php\/wp-json\/wp\/v2\/pages\/13403","targetHints":{"allow":["GET"]}}],"collection":[{"href":"https:\/\/www.dudelange.lu\/index.php\/wp-json\/wp\/v2\/pages"}],"about":[{"href":"https:\/\/www.dudelange.lu\/index.php\/wp-json\/wp\/v2\/types\/page"}],"author":[{"embeddable":true,"href":"https:\/\/www.dudelange.lu\/index.php\/wp-json\/wp\/v2\/users\/8"}],"replies":[{"embeddable":true,"href":"https:\/\/www.dudelange.lu\/index.php\/wp-json\/wp\/v2\/comments?post=13403"}],"version-history":[{"count":11,"href":"https:\/\/www.dudelange.lu\/index.php\/wp-json\/wp\/v2\/pages\/13403\/revisions"}],"predecessor-version":[{"id":24180,"href":"https:\/\/www.dudelange.lu\/index.php\/wp-json\/wp\/v2\/pages\/13403\/revisions\/24180"}],"wp:featuredmedia":[{"embeddable":true,"href":"https:\/\/www.dudelange.lu\/index.php\/wp-json\/wp\/v2\/media\/2397"}],"wp:attachment":[{"href":"https:\/\/www.dudelange.lu\/index.php\/wp-json\/wp\/v2\/media?parent=13403"}],"curies":[{"name":"wp","href":"https:\/\/api.w.org\/{rel}","templated":true}]}}