{"id":13408,"date":"2021-10-22T10:45:18","date_gmt":"2021-10-22T08:45:18","guid":{"rendered":"https:\/\/dudelange.devoteamlab.lu\/?page_id=13408"},"modified":"2024-05-29T15:28:04","modified_gmt":"2024-05-29T13:28:04","slug":"aires-de-jeux-2","status":"publish","type":"page","link":"https:\/\/www.dudelange.lu\/index.php\/aires-de-jeux-2\/","title":{"rendered":"Aires de jeux"},"content":{"rendered":"<p>\u200b\u200b\u200bDe nombreuses aires de jeux sont r\u00e9parties sur toute la ville et offrent une grande diversit\u00e9: du toboggan aux jeux \u00e0 ressort en passant par des balan\u00e7oires et des jeux d\u2019escalade, il y en a pour tous les go\u00fbts.\u200b\u200b<\/p>\n<p>&#8211;<\/p>\n<p>Zahlreiche Spielpl\u00e4tze sind \u00fcber die ganze Stadt verteilt und bieten eine gro\u00dfe Vielfalt: Von Rutschen und Federspielger\u00e4ten bis zu Schaukeln und Kletterger\u00fcsten ist f\u00fcr jeden Geschmack etwas dabei.<\/p>\n<p>&nbsp;<\/p>\n<p>Infos: <span style=\"text-decoration: underline;\"><span style=\"color: #ef4030;\"><a style=\"color: #ef4030; text-decoration: underline;\" href=\"https:\/\/spillplaz.lu\/lb\/playgrounds\/37\" target=\"_blank\" rel=\"noopener\">www.spillplaz.lu<\/a><\/span><\/span><\/p>\n","protected":false},"excerpt":{"rendered":"<p>\u200b\u200b\u200bDe nombreuses aires de jeux sont r\u00e9parties sur toute la [&hellip;]<\/p>\n","protected":false},"author":8,"featured_media":13410,"parent":0,"menu_order":0,"comment_status":"closed","ping_status":"closed","template":"","meta":{"footnotes":""},"class_list":["post-13408","page","type-page","status-publish","has-post-thumbnail","hentry"],"publishpress_future_action":{"enabled":false,"date":"2026-05-16 08:36:49","action":"change-status","newStatus":"draft","terms":[],"taxonomy":"","extraData":[]},"publishpress_future_workflow_manual_trigger":{"enabledWorkflows":[]},"_links":{"self":[{"href":"https:\/\/www.dudelange.lu\/index.php\/wp-json\/wp\/v2\/pages\/13408","targetHints":{"allow":["GET"]}}],"collection":[{"href":"https:\/\/www.dudelange.lu\/index.php\/wp-json\/wp\/v2\/pages"}],"about":[{"href":"https:\/\/www.dudelange.lu\/index.php\/wp-json\/wp\/v2\/types\/page"}],"author":[{"embeddable":true,"href":"https:\/\/www.dudelange.lu\/index.php\/wp-json\/wp\/v2\/users\/8"}],"replies":[{"embeddable":true,"href":"https:\/\/www.dudelange.lu\/index.php\/wp-json\/wp\/v2\/comments?post=13408"}],"version-history":[{"count":3,"href":"https:\/\/www.dudelange.lu\/index.php\/wp-json\/wp\/v2\/pages\/13408\/revisions"}],"predecessor-version":[{"id":24349,"href":"https:\/\/www.dudelange.lu\/index.php\/wp-json\/wp\/v2\/pages\/13408\/revisions\/24349"}],"wp:featuredmedia":[{"embeddable":true,"href":"https:\/\/www.dudelange.lu\/index.php\/wp-json\/wp\/v2\/media\/13410"}],"wp:attachment":[{"href":"https:\/\/www.dudelange.lu\/index.php\/wp-json\/wp\/v2\/media?parent=13408"}],"curies":[{"name":"wp","href":"https:\/\/api.w.org\/{rel}","templated":true}]}}