{"id":13623,"date":"2021-10-28T08:19:50","date_gmt":"2021-10-28T06:19:50","guid":{"rendered":"https:\/\/dudelange.devoteamlab.lu\/?page_id=13623"},"modified":"2025-02-12T11:49:54","modified_gmt":"2025-02-12T10:49:54","slug":"chateau-deau-pomhouse","status":"publish","type":"page","link":"https:\/\/www.dudelange.lu\/index.php\/chateau-deau-pomhouse\/","title":{"rendered":"Ch\u00e2teau d&rsquo;eau &#038; Pomhouse"},"content":{"rendered":"<p>Le ch\u00e2teau d\u2019eau contient des galeries \u00e0 l\u2019int\u00e9rieur du socle et de la cuve qui abritent des expositions temporaires. En acc\u00e9dant \u00e0 la cuve de la tour, les visiteurs peuvent profiter d\u2019une vue panoramique impressionnante sur la ville de Dudelange et le paysage environnant.<\/p>\n<p>Le Pomhouse, l\u2019ancienne station de pompage, est vou\u00e9 au dialogue entre la collection historique et<br \/>\nl\u2019actualit\u00e9 photographique.<\/p>\n<p><strong>Centre national de l&rsquo;audiovisuel<\/strong><br \/>\n1B rue du Centenaire L-3475 Dudelange<br \/>\n<a title=\"info cna.etat.lu - Nouvelle fen\u00eatre\" href=\"http:\/\/www.cna.public.lu\/fr\/support\/contact\/index.php\" target=\"_blank\" rel=\"noopener\"><span style=\"text-decoration: underline;\"><span style=\"color: #ef4030; text-decoration: underline;\">info@cna.etat.lu<\/span><\/span><\/a><\/p>\n<p>&nbsp;<\/p>\n<p><strong>Plus d&rsquo;infos:<\/strong><\/p>\n<ul>\n<li><span style=\"text-decoration: underline;\"><a href=\"https:\/\/inpa.public.lu\/fr\/patrimoine\/industriel\/conservation_mise_valeur\/Dudelange__site_du_ch__teau_d_eau.html\" target=\"_blank\" rel=\"noopener\">www.inpa.public.lu<\/a><\/span><\/li>\n<\/ul>\n","protected":false},"excerpt":{"rendered":"<p>Le ch\u00e2teau d\u2019eau contient des galeries \u00e0 l\u2019int\u00e9rieur du socle [&hellip;]<\/p>\n","protected":false},"author":8,"featured_media":13624,"parent":0,"menu_order":0,"comment_status":"closed","ping_status":"closed","template":"","meta":{"footnotes":""},"class_list":["post-13623","page","type-page","status-publish","has-post-thumbnail","hentry"],"publishpress_future_action":{"enabled":false,"date":"2026-04-12 19:40:05","action":"change-status","newStatus":"draft","terms":[],"taxonomy":"","extraData":[]},"publishpress_future_workflow_manual_trigger":{"enabledWorkflows":[]},"_links":{"self":[{"href":"https:\/\/www.dudelange.lu\/index.php\/wp-json\/wp\/v2\/pages\/13623","targetHints":{"allow":["GET"]}}],"collection":[{"href":"https:\/\/www.dudelange.lu\/index.php\/wp-json\/wp\/v2\/pages"}],"about":[{"href":"https:\/\/www.dudelange.lu\/index.php\/wp-json\/wp\/v2\/types\/page"}],"author":[{"embeddable":true,"href":"https:\/\/www.dudelange.lu\/index.php\/wp-json\/wp\/v2\/users\/8"}],"replies":[{"embeddable":true,"href":"https:\/\/www.dudelange.lu\/index.php\/wp-json\/wp\/v2\/comments?post=13623"}],"version-history":[{"count":9,"href":"https:\/\/www.dudelange.lu\/index.php\/wp-json\/wp\/v2\/pages\/13623\/revisions"}],"predecessor-version":[{"id":26744,"href":"https:\/\/www.dudelange.lu\/index.php\/wp-json\/wp\/v2\/pages\/13623\/revisions\/26744"}],"wp:featuredmedia":[{"embeddable":true,"href":"https:\/\/www.dudelange.lu\/index.php\/wp-json\/wp\/v2\/media\/13624"}],"wp:attachment":[{"href":"https:\/\/www.dudelange.lu\/index.php\/wp-json\/wp\/v2\/media?parent=13623"}],"curies":[{"name":"wp","href":"https:\/\/api.w.org\/{rel}","templated":true}]}}