{"id":13745,"date":"2021-10-28T11:29:39","date_gmt":"2021-10-28T09:29:39","guid":{"rendered":"https:\/\/dudelange.devoteamlab.lu\/?page_id=13745"},"modified":"2021-11-05T14:36:22","modified_gmt":"2021-11-05T13:36:22","slug":"sigi","status":"publish","type":"page","link":"https:\/\/www.dudelange.lu\/index.php\/syndicats-communaux\/sigi\/","title":{"rendered":"SIGI"},"content":{"rendered":"<table style=\"border-collapse: collapse; width: 100%;\">\n<tbody>\n<tr>\n<td style=\"width: 29.397%; text-align: left; vertical-align: top;\">\n<dl id=\"attachment_13748\" class=\"wp-caption alignnone\" style=\"width: 200px;\">\n<dt class=\"wp-caption-dt\"><img decoding=\"async\" class=\"lazyload size-full wp-image-13748\" src=\"data:image\/svg+xml,%3Csvg%20xmlns%3D%27http%3A%2F%2Fwww.w3.org%2F2000%2Fsvg%27%20width%3D%27200%27%20height%3D%2796%27%20viewBox%3D%270%200%20200%2096%27%3E%3Crect%20width%3D%27200%27%20height%3D%2796%27%20fill-opacity%3D%220%22%2F%3E%3C%2Fsvg%3E\" data-orig-src=\"https:\/\/sadudelangedata.blob.core.windows.net\/files\/2021\/10\/Sigi.gif\" alt=\"SIGI\" width=\"200\" height=\"96\" \/><\/dt>\n<\/dl>\n<\/td>\n<td style=\"width: 70.603%;\">Syndicat intercommunal de gestion informatique.<br \/>\nPlus d&rsquo;infos:\u00a0<span style=\"text-decoration: underline;\"><span style=\"color: #ef4030;\"><a style=\"color: #ef4030; text-decoration: underline;\" href=\"http:\/\/www.sigi.lu\/\" target=\"_blank\" rel=\"noopener\">www.sigi.lu<\/a><\/span><\/span><\/p>\n<p><strong>D\u00e9l\u00e9gu\u00e9e:<\/strong><\/p>\n<ul>\n<li>Josiane Di Bartolomeo-Ries, \u00e9chevine<\/li>\n<\/ul>\n<\/td>\n<\/tr>\n<\/tbody>\n<\/table>\n","protected":false},"excerpt":{"rendered":"<p>Syndicat intercommunal de gestion informatique. Plus d&rsquo;infos:\u00a0www.sigi.lu D\u00e9l\u00e9gu\u00e9e: Josiane Di [&hellip;]<\/p>\n","protected":false},"author":9,"featured_media":0,"parent":2518,"menu_order":0,"comment_status":"closed","ping_status":"closed","template":"","meta":{"footnotes":""},"class_list":["post-13745","page","type-page","status-publish","hentry"],"publishpress_future_action":{"enabled":false,"date":"2026-05-24 14:36:40","action":"change-status","newStatus":"draft","terms":[],"taxonomy":"","extraData":[]},"publishpress_future_workflow_manual_trigger":{"enabledWorkflows":[]},"_links":{"self":[{"href":"https:\/\/www.dudelange.lu\/index.php\/wp-json\/wp\/v2\/pages\/13745","targetHints":{"allow":["GET"]}}],"collection":[{"href":"https:\/\/www.dudelange.lu\/index.php\/wp-json\/wp\/v2\/pages"}],"about":[{"href":"https:\/\/www.dudelange.lu\/index.php\/wp-json\/wp\/v2\/types\/page"}],"author":[{"embeddable":true,"href":"https:\/\/www.dudelange.lu\/index.php\/wp-json\/wp\/v2\/users\/9"}],"replies":[{"embeddable":true,"href":"https:\/\/www.dudelange.lu\/index.php\/wp-json\/wp\/v2\/comments?post=13745"}],"version-history":[{"count":9,"href":"https:\/\/www.dudelange.lu\/index.php\/wp-json\/wp\/v2\/pages\/13745\/revisions"}],"predecessor-version":[{"id":14193,"href":"https:\/\/www.dudelange.lu\/index.php\/wp-json\/wp\/v2\/pages\/13745\/revisions\/14193"}],"up":[{"embeddable":true,"href":"https:\/\/www.dudelange.lu\/index.php\/wp-json\/wp\/v2\/pages\/2518"}],"wp:attachment":[{"href":"https:\/\/www.dudelange.lu\/index.php\/wp-json\/wp\/v2\/media?parent=13745"}],"curies":[{"name":"wp","href":"https:\/\/api.w.org\/{rel}","templated":true}]}}