{"id":13800,"date":"2021-10-28T11:45:03","date_gmt":"2021-10-28T09:45:03","guid":{"rendered":"https:\/\/dudelange.devoteamlab.lu\/?page_id=13800"},"modified":"2021-11-05T14:50:19","modified_gmt":"2021-11-05T13:50:19","slug":"tice","status":"publish","type":"page","link":"https:\/\/www.dudelange.lu\/index.php\/syndicats-communaux\/tice\/","title":{"rendered":"TICE"},"content":{"rendered":"<table style=\"border-collapse: collapse; width: 100%;\">\n<tbody>\n<tr>\n<td style=\"width: 33.1316%;\"><a href=\"https:\/\/sadudelangedata.blob.core.windows.net\/files\/2021\/11\/tice.png\"><img decoding=\"async\" class=\"lazyload alignleft wp-image-14220\" src=\"data:image\/svg+xml,%3Csvg%20xmlns%3D%27http%3A%2F%2Fwww.w3.org%2F2000%2Fsvg%27%20width%3D%27242%27%20height%3D%2747%27%20viewBox%3D%270%200%20242%2047%27%3E%3Crect%20width%3D%27242%27%20height%3D%2747%27%20fill-opacity%3D%220%22%2F%3E%3C%2Fsvg%3E\" data-orig-src=\"https:\/\/sadudelangedata.blob.core.windows.net\/files\/2021\/11\/tice.png\" alt=\"TICE\" width=\"242\" height=\"47\" \/><\/a><\/td>\n<td style=\"width: 66.8684%;\">Syndicat des communes pour la construction et l&rsquo;exploitation des tramways intercommunaux dans le canton d&rsquo;Esch. Plus d&rsquo;infos: <span style=\"text-decoration: underline;\"><span style=\"color: #ef4030;\"><a style=\"color: #ef4030; text-decoration: underline;\" href=\"http:\/\/www.tice.lu\/\" target=\"_blank\" rel=\"noopener\">www.tice.lu<\/a><\/span><\/span><\/p>\n<p><strong>D\u00e9l\u00e9gu\u00e9s:<\/strong>\u200b<\/p>\n<ul>\n<li>Josiane Di Bartolomeo-Ries, \u00e9chevine<\/li>\n<li>Claudia Dall&rsquo;Agnol\u200b, \u00e9chevine\u200b\u200b\u200b\u200b\u200b\u200b\u200b<\/li>\n<li>Claude Martini\u200b, conseiller communal<\/li>\n<\/ul>\n<\/td>\n<\/tr>\n<\/tbody>\n<\/table>\n","protected":false},"excerpt":{"rendered":"<p>Syndicat des communes pour la construction et l&rsquo;exploitation des tramways [&hellip;]<\/p>\n","protected":false},"author":9,"featured_media":0,"parent":2518,"menu_order":0,"comment_status":"closed","ping_status":"closed","template":"","meta":{"footnotes":""},"class_list":["post-13800","page","type-page","status-publish","hentry"],"publishpress_future_action":{"enabled":false,"date":"2026-05-08 16:31:08","action":"change-status","newStatus":"draft","terms":[],"taxonomy":"","extraData":[]},"publishpress_future_workflow_manual_trigger":{"enabledWorkflows":[]},"_links":{"self":[{"href":"https:\/\/www.dudelange.lu\/index.php\/wp-json\/wp\/v2\/pages\/13800","targetHints":{"allow":["GET"]}}],"collection":[{"href":"https:\/\/www.dudelange.lu\/index.php\/wp-json\/wp\/v2\/pages"}],"about":[{"href":"https:\/\/www.dudelange.lu\/index.php\/wp-json\/wp\/v2\/types\/page"}],"author":[{"embeddable":true,"href":"https:\/\/www.dudelange.lu\/index.php\/wp-json\/wp\/v2\/users\/9"}],"replies":[{"embeddable":true,"href":"https:\/\/www.dudelange.lu\/index.php\/wp-json\/wp\/v2\/comments?post=13800"}],"version-history":[{"count":14,"href":"https:\/\/www.dudelange.lu\/index.php\/wp-json\/wp\/v2\/pages\/13800\/revisions"}],"predecessor-version":[{"id":14238,"href":"https:\/\/www.dudelange.lu\/index.php\/wp-json\/wp\/v2\/pages\/13800\/revisions\/14238"}],"up":[{"embeddable":true,"href":"https:\/\/www.dudelange.lu\/index.php\/wp-json\/wp\/v2\/pages\/2518"}],"wp:attachment":[{"href":"https:\/\/www.dudelange.lu\/index.php\/wp-json\/wp\/v2\/media?parent=13800"}],"curies":[{"name":"wp","href":"https:\/\/api.w.org\/{rel}","templated":true}]}}