{"id":14103,"date":"2021-11-04T08:01:40","date_gmt":"2021-11-04T07:01:40","guid":{"rendered":"https:\/\/dudelange.devoteamlab.lu\/?page_id=14103"},"modified":"2026-05-08T14:11:14","modified_gmt":"2026-05-08T12:11:14","slug":"flexbus","status":"publish","type":"page","link":"https:\/\/www.dudelange.lu\/index.php\/flexbus\/","title":{"rendered":"Flexbus"},"content":{"rendered":"<p>Bus sur demande gratuit pour seniors de plus de 60 ans. Sur demande, le Flexbus vient vous chercher \u00e0 votre domicile et vous conduit \u00e0 l\u2019adresse souhait\u00e9e et retour. Il dessert le territoire de la ville de Dudelange et vous conduit \u00e9galement jusqu\u2019au magasin de bricolage Globus. Le transport de fauteuil roulant et poussette est \u00e9galement possible.<\/p>\n<p>Le Flexbus circule du lundi au vendredi de 7h \u00e0 20h et le samedi de 8h \u00e0 20h.<br \/>\nPas de service le dimanche et les jours f\u00e9ri\u00e9s.<\/p>\n<p>Abonnement <em>gratuit<\/em> disponible \u00e0 la r\u00e9ception de l&rsquo;H\u00f4tel de Ville.<\/p>\n<p><strong><br \/>\nInfos &amp; r\u00e9servation:<\/strong> T 516121 -2050<\/p>\n<p><strong>\u00a0<\/strong><\/p>\n<p>&nbsp;<\/p>\n","protected":false},"excerpt":{"rendered":"<p>Bus sur demande gratuit pour seniors de plus de 60 [&hellip;]<\/p>\n","protected":false},"author":8,"featured_media":19872,"parent":0,"menu_order":0,"comment_status":"closed","ping_status":"closed","template":"","meta":{"footnotes":""},"class_list":["post-14103","page","type-page","status-publish","has-post-thumbnail","hentry"],"publishpress_future_action":{"enabled":false,"date":"2026-05-15 16:47:48","action":"change-status","newStatus":"draft","terms":[],"taxonomy":"","extraData":[]},"publishpress_future_workflow_manual_trigger":{"enabledWorkflows":[]},"_links":{"self":[{"href":"https:\/\/www.dudelange.lu\/index.php\/wp-json\/wp\/v2\/pages\/14103","targetHints":{"allow":["GET"]}}],"collection":[{"href":"https:\/\/www.dudelange.lu\/index.php\/wp-json\/wp\/v2\/pages"}],"about":[{"href":"https:\/\/www.dudelange.lu\/index.php\/wp-json\/wp\/v2\/types\/page"}],"author":[{"embeddable":true,"href":"https:\/\/www.dudelange.lu\/index.php\/wp-json\/wp\/v2\/users\/8"}],"replies":[{"embeddable":true,"href":"https:\/\/www.dudelange.lu\/index.php\/wp-json\/wp\/v2\/comments?post=14103"}],"version-history":[{"count":15,"href":"https:\/\/www.dudelange.lu\/index.php\/wp-json\/wp\/v2\/pages\/14103\/revisions"}],"predecessor-version":[{"id":29142,"href":"https:\/\/www.dudelange.lu\/index.php\/wp-json\/wp\/v2\/pages\/14103\/revisions\/29142"}],"wp:featuredmedia":[{"embeddable":true,"href":"https:\/\/www.dudelange.lu\/index.php\/wp-json\/wp\/v2\/media\/19872"}],"wp:attachment":[{"href":"https:\/\/www.dudelange.lu\/index.php\/wp-json\/wp\/v2\/media?parent=14103"}],"curies":[{"name":"wp","href":"https:\/\/api.w.org\/{rel}","templated":true}]}}