{"id":14739,"date":"2021-11-23T14:53:37","date_gmt":"2021-11-23T13:53:37","guid":{"rendered":"https:\/\/dudelange.devoteamlab.lu\/?page_id=14739"},"modified":"2025-12-04T10:22:32","modified_gmt":"2025-12-04T09:22:32","slug":"projet-neischmelz","status":"publish","type":"page","link":"https:\/\/www.dudelange.lu\/index.php\/projet-neischmelz\/","title":{"rendered":"Projet NeiSchmelz"},"content":{"rendered":"<p>Le projet NeiSchmelz a d\u00e9but\u00e9 d\u00e8s l\u2019ann\u00e9e 2005 avec la fermeture d\u00e9finitive du laminoir. Son identit\u00e9 fut alors d\u00e9finie: les presque 40ha (pour environ 1000 unit\u00e9s d\u2019habitation) seront d\u00e9di\u00e9s \u00e0 un \u00e9co-quartier \u00e0 \u00e9missions neutres en CO2.<\/p>\n<p><span style=\"color: #4e0000;\">[SITE INTERNET] <span style=\"text-decoration: underline;\"><span style=\"color: #ef4030; text-decoration: underline;\"><a style=\"color: #ef4030; text-decoration: underline;\" href=\"https:\/\/nschmelz.lu\/\" target=\"_blank\" rel=\"noopener\">Consultez la pr\u00e9sentation du projet NeiSchmelz<\/a><\/span><\/span><\/span><\/p>\n<p><strong>2025<\/strong><\/p>\n<ul>\n<li>R\u00e9union publique Projet NeiSchmelz &#8211; novembre 2025 : Habiter, travailler et vivre dans un quartier au patrimoine historique et industriel : d\u00e9couvrez <span style=\"text-decoration: underline;\"><span style=\"color: #ef4030; text-decoration: underline;\"><a style=\"color: #ef4030; text-decoration: underline;\" href=\"https:\/\/sadudelangedata.blob.core.windows.net\/files\/2025\/12\/2025_1117_NeiSchmelz_presentation_site-internet_def.pptx\" target=\"_blank\" rel=\"noopener\">la pr\u00e9sentation<\/a> <\/span><\/span><\/li>\n<li>D\u00e9couvrez en vid\u00e9o <span style=\"text-decoration: underline; color: #ef4030;\"><a style=\"color: #ef4030; text-decoration: underline;\" href=\"https:\/\/www.youtube.com\/watch?v=wXMZIUuldGw\" target=\"_blank\" rel=\"noopener\">le d\u00e9mant\u00e8lement du laminoir<\/a><\/span><\/li>\n<li>Consultez le site <span style=\"text-decoration: underline;\"><span style=\"color: #ef4030; text-decoration: underline;\"><a style=\"color: #ef4030; text-decoration: underline;\" href=\"https:\/\/nschmelz.lu\/\" target=\"_blank\" rel=\"noopener\">www.neischmelz.lu<\/a><\/span><\/span> pour plus d&rsquo;informationsPour toute question, n&rsquo;h\u00e9sitez pas \u00e0 contacter <span style=\"color: #ef4030;\"><a style=\"color: #ef4030;\" href=\"mailto:relations-publiques@fondsdulogement.lu\" target=\"_blank\" rel=\"noopener\">relations-publiques@fondsdulogement.lu<\/a><\/span>\u00a0ou\u00a0<span style=\"text-decoration: underline;\"><a href=\"mailto:neischmelz@dudelange.lu\" target=\"_blank\" rel=\"noopener\"><span style=\"color: #ef4030; text-decoration: underline;\">neischmelz@dudelange.lu<\/span><\/a><\/span>.<\/li>\n<\/ul>\n<p><strong>2023<\/strong><\/p>\n<ul>\n<li><span style=\"text-decoration: underline; color: #ef4030;\"><a style=\"color: #ef4030; text-decoration: underline;\" href=\"https:\/\/sadudelangedata.blob.core.windows.net\/files\/2023\/10\/2023_1018-_NeiSchmelz_PresentationPublique_FDL_DEF0.pdf\" target=\"_blank\" rel=\"noopener\">Pr\u00e9sentation Projet NeiSchmelz: phasage et descriptif &#8211; oct. 2023<\/a><\/span><\/li>\n<\/ul>\n<p><strong>2022\u00a0<\/strong><\/p>\n<ul>\n<li>[LIEN] <span style=\"text-decoration: underline;\"><span style=\"color: #ef4030;\"><a style=\"color: #ef4030; text-decoration: underline;\" href=\"https:\/\/www.tageblatt.lu\/headlines\/en-diddelenger-jong-nach-thierry-van-werveke-ist-in-duedelingen-jetzt-ein-platz-benannt\/\" target=\"_blank\" rel=\"noopener\">Inauguration Place Thierry Van Werveke le 8.10.2022 (Article Tageblatt)<\/a><\/span><\/span><\/li>\n<li>[LIEN] <span style=\"text-decoration: underline;\"><span style=\"color: #ef4030; text-decoration: underline;\"><a style=\"color: #ef4030; text-decoration: underline;\" href=\"https:\/\/paperjam.lu\/article\/dudelange-chantier-projet-neis\" target=\"_blank\" rel=\"noopener\">\u00c0 Dudelange, le chantier Neischmelz devrait d\u00e9buter en 2023 (Article Paperjam)<\/a><\/span><\/span><\/li>\n<li>[BLOG] <span style=\"text-decoration: underline;\"><span style=\"color: #ef4030; text-decoration: underline;\"><a style=\"color: #ef4030; text-decoration: underline;\" href=\"https:\/\/www.ondiraitlesud.lu\/le-floater-un-gite-unique-en-son-genre%ef%bf%bc\/\" target=\"_blank\" rel=\"noopener\">Le \u00ab Floater \u00bb : un g\u00eete unique en son genre<\/a><\/span><\/span><\/li>\n<li>[PDF] <span style=\"text-decoration: underline;\"><span style=\"color: #ef4030;\"><a style=\"color: #ef4030; text-decoration: underline;\" href=\"https:\/\/sadudelangedata.blob.core.windows.net\/files\/2023\/01\/Floater-DE-FR.pdf\" target=\"_blank\" rel=\"noopener\">Communiqu\u00e9 Inauguration Floater le 27.06.2022 (DE &amp; FR)<\/a><\/span><\/span><\/li>\n<li>[BLOG] <span style=\"text-decoration: underline;\"><span style=\"color: #ef4030; text-decoration: underline;\"><a style=\"color: #ef4030; text-decoration: underline;\" href=\"https:\/\/www.ondiraitlesud.lu\/le-vewa-et-le-hall-locomotive-retrouvent-une-nouvelle-vie%ef%bf%bc\/\" target=\"_blank\" rel=\"noopener\">Le \u00ab VeWa \u00bb et le \u00ab hall locomotive \u00bb retrouvent une nouvelle vie (FR &amp; DE)<\/a><\/span><\/span><\/li>\n<li>[PDF] <span style=\"text-decoration: underline;\"><span style=\"color: #ef4030; text-decoration: underline;\"><a style=\"color: #ef4030; text-decoration: underline;\" href=\"https:\/\/sadudelangedata.blob.core.windows.net\/files\/2022\/05\/20220514-Inauguration-Vestiaires-Wagonnage-VEWA.pdf\" target=\"_blank\" rel=\"noopener\">Communiqu\u00e9 Inauguration VeWa &#8211; Hall Vestiaire\/Wagonnage le 14.05.2022 (FR)<\/a><\/span><\/span><\/li>\n<li>[PDF] <span style=\"text-decoration: underline;\"><span style=\"color: #ef4030; text-decoration: underline;\"><a style=\"color: #ef4030; text-decoration: underline;\" href=\"https:\/\/sadudelangedata.blob.core.windows.net\/files\/2022\/07\/20220429-Micro-Brasserie-Hall-Locomotives.pdf\" target=\"_blank\" rel=\"noopener\">\u00ab Hall locomotives \u00bb : pr\u00e9sentation de la micro-brasserie\/restauration (FR)<\/a><\/span><\/span><\/li>\n<li>[PDF] <span style=\"text-decoration: underline;\"><span style=\"color: #ef4030; text-decoration: underline;\"><a style=\"color: #ef4030; text-decoration: underline;\" href=\"https:\/\/sadudelangedata.blob.core.windows.net\/files\/2022\/05\/20220514_VEWA_Presentation_Presse.pdf\" target=\"_blank\" rel=\"noopener\">VeWa &#8211; Espace de cr\u00e9ation \/ Pr\u00e9sentation PowerPoint<\/a><\/span><\/span><\/li>\n<li>[PDF]\u00a0<span style=\"color: #ef4030;\"><a style=\"color: #ef4030; text-decoration: underline;\" href=\"https:\/\/sadudelangedata.blob.core.windows.net\/files\/2022\/03\/Presentation-NeiSchmelz-23.03.2022.pdf\" target=\"_blank\" rel=\"noopener\">Soir\u00e9e<\/a><\/span><span style=\"text-decoration: underline;\"><span style=\"color: #ef4030; text-decoration: underline;\"><a style=\"color: #ef4030; text-decoration: underline;\" href=\"https:\/\/sadudelangedata.blob.core.windows.net\/files\/2022\/03\/Presentation-NeiSchmelz-23.03.2022.pdf\" target=\"_blank\" rel=\"noopener\"> d&rsquo;information du 23.03.2022 &#8211; Pr\u00e9sentation<\/a><\/span><\/span><\/li>\n<li>[LIEN] <span style=\"text-decoration: underline;\"><span style=\"color: #ef4030; text-decoration: underline;\"><a style=\"color: #ef4030; text-decoration: underline;\" href=\"https:\/\/gouvernement.lu\/fr\/actualites\/toutes_actualites\/communiques\/2022\/03-mars\/24-projet-neischmelz.html\" target=\"_blank\" rel=\"noopener\">Grand int\u00e9r\u00eat public pour le projet NeiSchmelz et la mobilit\u00e9 future \u00e0 Dudelange (Article Gouvernement.lu)<\/a><\/span><\/span><\/li>\n<li>[LIEN] <span style=\"text-decoration: underline;\"><span style=\"color: #ef4030; text-decoration: underline;\"><a style=\"color: #ef4030; text-decoration: underline;\" href=\"https:\/\/lequotidien.lu\/luxembourg\/neischmelz-lenveloppe-de-5075-millions-deuros-est-ficelee\/\" target=\"_blank\" rel=\"noopener\">NeiSchmelz : l\u2019enveloppe de 507,5 millions d\u2019euros est ficel\u00e9e (Article LeQuotidien)<\/a><\/span><\/span><\/li>\n<\/ul>\n<p><strong>2021<\/strong><\/p>\n<ul>\n<li>\u200b\u200b[LIEN] <span style=\"text-decoration: underline;\"><span style=\"color: #ef4030; text-decoration: underline;\"><a style=\"color: #ef4030; text-decoration: underline;\" href=\"https:\/\/gouvernement.lu\/fr\/actualites\/toutes_actualites\/communiques\/2021\/12-decembre\/02-kox-projet-neischmelz.html\" target=\"_blank\" rel=\"noopener\">Conf\u00e9rence de presse: \u00ab\u00a0Neischmelz\u00a0\u00bb un projet d&rsquo;envergure nationale pour le logement et la culture<\/a><\/span><\/span><\/li>\n<li>[LIEN] <span style=\"text-decoration: underline; color: #ef4030;\"><span style=\"text-decoration: underline;\"><a style=\"color: #ef4030; text-decoration: underline;\" href=\"https:\/\/gouvernement.lu\/de\/actualites\/toutes_actualites\/communiques\/2021\/12-decembre\/02-kox-projet-neischmelz.html\" target=\"_blank\" rel=\"noopener\">Pressekonferenz: \u00ab\u00a0Neischmelz\u00a0\u00bb ein Projekt von nationaler Bedeutung f\u00fcr Wohnen und Kultur<\/a><\/span><\/span><\/li>\n<li>[PDF] <span style=\"text-decoration: underline;\"><span style=\"color: #ef4030; text-decoration: underline;\"><a style=\"color: #ef4030; text-decoration: underline;\" href=\"https:\/\/gouvernement.lu\/dam-assets\/documents\/actualites\/2021\/12-decembre\/02-kox-projet-neischmelz\/PK-Neischmelz-Dossier-de-presse-.pdf\" target=\"_blank\" rel=\"noopener\">Dossier de presse Minist\u00e8re du Logement et Minist\u00e8re de la culture<\/a><\/span><\/span><\/li>\n<li>[VIDEO] <a href=\"https:\/\/youtu.be\/vwnVbT8rE2k\" target=\"_blank\" rel=\"noopener\"><span style=\"text-decoration: underline;\"><span style=\"color: #ef4030; text-decoration: underline;\">Fonds du Logement &#8211; Projet NeiSchmelz maquette 3D<\/span><\/span><\/a><\/li>\n<li>[BLOG] <a href=\"https:\/\/www.ondiraitlesud.lu\/caravan-greenhouse\/\" target=\"_blank\" rel=\"noopener\"><span style=\"text-decoration: underline;\"><span style=\"color: #ef4030; text-decoration: underline;\">Caravan Greenhouse<\/span><\/span><\/a><span style=\"color: #ef4030;\">\u00a0<\/span><\/li>\n<li>[BLOG] <span style=\"text-decoration: underline;\"><span style=\"color: #ef4030; text-decoration: underline;\"><a style=\"color: #ef4030; text-decoration: underline;\" href=\"https:\/\/www.ondiraitlesud.lu\/dkollektiv-faites-du-neuf-avec-du-vieux\/\" target=\"_blank\" rel=\"noopener\">D&rsquo;Kollektiv \u2013 faites du neuf avec du vieux !<\/a><\/span><\/span><\/li>\n<\/ul>\n<p><strong>2020<\/strong>\u200b<\/p>\n<ul>\n<li>[BLOG] <span style=\"color: #ef4030;\"><a style=\"color: #ef4030;\" href=\"https:\/\/www.ondiraitlesud.lu\/visite-de-henri-kox-ministre-du-logement-sur-le-site-neischmelz\/\" target=\"_blank\" rel=\"noopener\"><span style=\"text-decoration: underline;\">Visite de Henri Kox, ministre du Logement, sur le site NeiSchmelz\u200b\u200b &#8211; 29.01.2020<\/span><\/a><\/span><\/li>\n<li>\u200b[BLOG] <a href=\"https:\/\/www.ondiraitlesud.lu\/le-quartier-neischmelz-au-fil-du-temps\/\" target=\"_blank\" rel=\"noopener\"><span style=\"text-decoration: underline;\"><span style=\"color: #ef4030; text-decoration: underline;\">Le quartier Neischmelz au fil du temps<\/span><\/span><\/a><\/li>\n<li>[PDF] <a href=\"https:\/\/sadudelangedata.blob.core.windows.net\/files\/2021\/11\/NeiSchmelz-Panneaux-Passage.pdf\"><span style=\"text-decoration: underline;\"><span style=\"color: #ef4030; text-decoration: underline;\">Exposition: Le quartier NeiSchmelz au fil du temps<\/span><\/span><\/a><\/li>\n<li>[LIEN] <span style=\"text-decoration: underline;\"><span style=\"color: #4e0000; text-decoration: underline;\"><a style=\"color: #4e0000; text-decoration: underline;\" href=\"https:\/\/www.infogreen.lu\/neischmelz-l-eco-quartier-qui-refond-dudelange.html#dossier-du-mois\/article-14347\" target=\"_blank\" rel=\"noopener\"><span style=\"color: #ef4030; text-decoration: underline;\">NeiSchmelz, l&rsquo;\u00e9co-quartier que refond Dudelange (Article Infogreen)<\/span><\/a><\/span><\/span><\/li>\n<\/ul>\n<p><strong>2019<\/strong><\/p>\n<ul>\n<li>[PDF] <span style=\"text-decoration: underline;\"><span style=\"color: #ef4030;\"><a style=\"color: #ef4030; text-decoration: underline;\" href=\"https:\/\/sadudelangedata.blob.core.windows.net\/files\/2021\/11\/NeiSchmelz-Soiree-information-MOPO-PAG4PAP-14.10.2019.pdf\">Soir\u00e9e d&rsquo;information MOPO PAG &amp; 4PAP &#8211; 14.10.2019<\/a><\/span><\/span><\/li>\n<li>[PDF] <a href=\"https:\/\/sadudelangedata.blob.core.windows.net\/files\/2021\/11\/NeiSchmelz-Presentation-4PAP-14.10.2019.pdf\"><span style=\"text-decoration: underline;\"><span style=\"color: #ef4030; text-decoration: underline;\">Pr\u00e9sentation 4 PAP &#8211; Soir\u00e9e d&rsquo;information 14.10.2019<\/span><\/span><\/a><\/li>\n<\/ul>\n<p><strong>2018<\/strong><\/p>\n<ul>\n<li>[BLOG] <a href=\"https:\/\/www.ondiraitlesud.lu\/projet-neischmelz-recherche-du-potentiel-geothermique-du-sol-forage-de-reconnaissance\/\" target=\"_blank\" rel=\"noopener\"><span style=\"text-decoration: underline;\"><span style=\"color: #ef4030; text-decoration: underline;\">Recherche du potentiel g\u00e9othermique du sol \u2013 Forage de reconnaissance<\/span><\/span><\/a><\/li>\n<li>[BLOG] <a href=\"https:\/\/www.ondiraitlesud.lu\/projet-neischmelz-reunion-dinformation-pour-les-habitants-de-dudelange\/\" target=\"_blank\" rel=\"noopener\"><span style=\"text-decoration: underline;\"><span style=\"color: #ef4030; text-decoration: underline;\">R\u00e9union d\u2019information pour les habitants de Dudelange &#8211; 17.04.2018<\/span><\/span><\/a><\/li>\n<li>S\u00e9ance d&rsquo;information et workshops 4 PAP NeiSchmelz- 19.06.2018\n<ul>\n<li><span style=\"color: #3e3e3e;\">[PDF] <\/span><span style=\"text-decoration: underline;\"><span style=\"color: #ef4030; text-decoration: underline;\">Introduction et Pr\u00e9sentation PAP Centre<\/span><\/span><\/li>\n<li><span style=\"color: #ef4030;\"><span style=\"color: #3e3e3e;\">[PDF]<\/span> <\/span><span style=\"text-decoration: underline;\"><span style=\"color: #ef4030; text-decoration: underline;\">Pr\u00e9sentation PAP Nord<\/span><\/span><\/li>\n<li><span style=\"color: #ef4030;\"><span style=\"color: #3e3e3e;\">[PDF]<\/span> <\/span><span style=\"text-decoration: underline;\"><span style=\"color: #ef4030; text-decoration: underline;\">Pr\u00e9sentation PAP Sud<\/span><\/span><\/li>\n<li><span style=\"color: #ef4030;\"><span style=\"color: #3e3e3e;\">[PDF]<\/span> <\/span><span style=\"text-decoration: underline;\"><span style=\"color: #ef4030; text-decoration: underline;\">Pr\u00e9sentation PAP Italie<\/span><\/span><\/li>\n<li>[BLOG] <a href=\"https:\/\/www.ondiraitlesud.lu\/projet-neischmelz-reunion-dinformation-et-workshops-sur-les-4-pap\/\" target=\"_blank\" rel=\"noopener\"><span style=\"text-decoration: underline;\"><span style=\"color: #ef4030; text-decoration: underline;\">Projet NeiSchmelz : R\u00e9union d\u2019information et workshops sur les 4 PAP<\/span><\/span><\/a><\/li>\n<\/ul>\n<\/li>\n<li>[BLOG] <a href=\"https:\/\/www.ondiraitlesud.lu\/projet-neischmelz-histoire-infrastructures-et-citoyens\/\" target=\"_blank\" rel=\"noopener\"><span style=\"text-decoration: underline;\"><span style=\"color: #ef4030; text-decoration: underline;\">Projet NeiSchmelz : histoire, infrastructures et citoyens<\/span><\/span><\/a><\/li>\n<li><span style=\"color: #ef4030;\"><span style=\"color: #000000;\"><span style=\"color: #3e3e3e;\">[PDF]<\/span> <span style=\"text-decoration: underline;\"><span style=\"color: #ef4030;\"><a style=\"color: #ef4030; text-decoration: underline;\" href=\"https:\/\/sadudelangedata.blob.core.windows.net\/files\/2021\/11\/NeiSchmelz-Article-MengStad-nr1-2018.pdf\">Article MengStad (nr1 2018)<\/a><\/span><\/span><\/span><\/span><\/li>\n<li>[LIEN] <a href=\"https:\/\/paperjam.lu\/article\/videos-sala-makumbundu-une-recherche-sur-les-typologies\" target=\"_blank\" rel=\"noopener\"><span style=\"text-decoration: underline;\"><span style=\"color: #ef4030; text-decoration: underline;\">Sala Makumbundu (CBA) pr\u00e9sente le projet &#8211; 25.04.2018<\/span><\/span><\/a><\/li>\n<li><span style=\"color: #ef4030;\"><span style=\"color: #3e3e3e;\">[PDF]<\/span> <span style=\"text-decoration: underline;\"><a style=\"color: #ef4030; text-decoration: underline;\" href=\"https:\/\/sadudelangedata.blob.core.windows.net\/files\/2021\/11\/Neischmelz-Recap-2018.pdf\">Projet NeiSchmelz: petit historique d&rsquo;un grand projet<\/a><\/span><\/span><\/li>\n<\/ul>\n<p><strong>2017<\/strong><\/p>\n<ul>\n<li>S\u00e9ance d&rsquo;information sur les avancements du projet &#8211; 01.02.2017\n<ul>\n<li><span style=\"color: #3e3e3e;\">[PDF] <\/span><a href=\"https:\/\/sadudelangedata.blob.core.windows.net\/files\/2021\/11\/Neischmelz-Presentation-01.02.2017.pdf\" target=\"_blank\" rel=\"noopener\"><span style=\"text-decoration: underline;\"><span style=\"color: #ef4030; text-decoration: underline;\">Pr\u00e9sentation par la Ville de Dudelange et le Fonds du Logement<\/span><\/span><\/a><\/li>\n<li><span style=\"color: #3e3e3e;\">[PDF] <\/span><span style=\"text-decoration: underline;\"><span style=\"color: #ef4030;\"><a style=\"color: #ef4030; text-decoration: underline;\" href=\"https:\/\/sadudelangedata.blob.core.windows.net\/files\/2021\/11\/Neischmelz-Presentation-01.02.2017-CBA.pdf\" target=\"_blank\" rel=\"noopener\">Pr\u00e9sentation par le bureau d&rsquo;architectes CBA<\/a><\/span><\/span><\/li>\n<li>[BLOG] <span style=\"text-decoration: underline;\"><span style=\"color: #ef4030; text-decoration: underline;\"><a style=\"color: #ef4030; text-decoration: underline;\" href=\"https:\/\/www.ondiraitlesud.lu\/projet-neischmelz-soiree-dinformation-pour-les-habitants-de-dudelange\/\" target=\"_blank\" rel=\"noopener\">Soir\u00e9e d\u2019information pour les habitants de Dudelange\u00a0<\/a><\/span><\/span><\/li>\n<li>[BLOG] <a href=\"https:\/\/www.ondiraitlesud.lu\/projet-neischmelz-de-nombreux-aspects-devoiles-au-grand-public\/\" target=\"_blank\" rel=\"noopener\"><span style=\"text-decoration: underline;\"><span style=\"color: #ef4030; text-decoration: underline;\">Projet NeiSchmelz : de nombreux aspects d\u00e9voil\u00e9s au grand public<\/span><\/span><\/a><\/li>\n<\/ul>\n<\/li>\n<li>[BLOG] <a href=\"https:\/\/www.ondiraitlesud.lu\/projet-neischmelz-un-forum-dechanges-et-des-idees-concretes\/\" target=\"_blank\" rel=\"noopener\"><span style=\"text-decoration: underline;\"><span style=\"color: #ef4030; text-decoration: underline;\">Un forum d\u2019\u00e9changes et des id\u00e9es concr\u00e8tes &#8211; 04.07.2017<\/span><\/span><\/a><\/li>\n<li>[VIDEO] <span style=\"text-decoration: underline;\"><span style=\"color: #ef4030; text-decoration: underline;\"><a style=\"color: #ef4030; text-decoration: underline;\" href=\"https:\/\/www.youtube.com\/watch?v=kR8MLLX40OU\" target=\"_blank\" rel=\"noopener\">Fonds du Logement &#8211; Reconversion des anciennes friches industrielles<\/a><\/span><\/span><\/li>\n<\/ul>\n<p><strong>\u200b\u200b\u200b\u200b2016<\/strong><\/p>\n<ul>\n<li>[BLOG] <a href=\"https:\/\/www.ondiraitlesud.lu\/projet-neischmelz-le-processus-se-poursuit\/\" target=\"_blank\" rel=\"noopener\"><span style=\"text-decoration: underline;\"><span style=\"color: #ef4030; text-decoration: underline;\">Projet Neischmelz : Le processus se poursuit<\/span><\/span><\/a><\/li>\n<li>[BLOG] <a href=\"https:\/\/www.ondiraitlesud.lu\/ancien-laminoir-de-dudelange-lacte-est-ratifie\/\" target=\"_blank\" rel=\"noopener\"><span style=\"text-decoration: underline;\"><span style=\"color: #ef4030; text-decoration: underline;\">Ancien laminoir de Dudelange : l\u2019acte est ratifi\u00e9<\/span><\/span><\/a><\/li>\n<\/ul>\n<p><strong>2015<\/strong><\/p>\n<ul>\n<li>[PDF] <span style=\"text-decoration: underline;\"><span style=\"color: #ef4030;\"><a style=\"color: #ef4030; text-decoration: underline;\" href=\"https:\/\/sadudelangedata.blob.core.windows.net\/files\/2021\/11\/Neischmelz-Colloque-international-revalorisation-friches-industrielles-liege-2015.pdf\" target=\"_blank\" rel=\"noopener\">Participation au colloque international sur la revalorisation des friches industrielles &#8211; 03.04.2015<\/a><\/span><\/span><\/li>\n<li>Interview de Dan Biancalana sur le projet NeiSchmelz (Radio 100,7):<audio class=\"wp-audio-shortcode\" id=\"audio-14739-1\" preload=\"none\" style=\"width: 100%;\" controls=\"controls\"><source type=\"audio\/mpeg\" src=\"https:\/\/sadudelangedata.blob.core.windows.net\/files\/2021\/11\/interview-dan-biancalana.mp3?_=1\" \/><a href=\"https:\/\/sadudelangedata.blob.core.windows.net\/files\/2021\/11\/interview-dan-biancalana.mp3\">https:\/\/sadudelangedata.blob.core.windows.net\/files\/2021\/11\/interview-dan-biancalana.mp3<\/a><\/audio><\/li>\n<\/ul>\n<p><strong>2014<\/strong><\/p>\n<ul>\n<li><span style=\"color: #3e3e3e;\">[PDF] <\/span><a href=\"https:\/\/sadudelangedata.blob.core.windows.net\/files\/2021\/11\/NeiSchmelz-visite-guidee-2014.pdf\" target=\"_blank\" rel=\"noopener\"><span style=\"text-decoration: underline;\"><span style=\"color: #ef4030; text-decoration: underline;\">Visite guid\u00e9e &#8211; 08.02.2014<\/span><\/span><\/a><\/li>\n<li><span style=\"color: #3e3e3e;\">[PDF] <a href=\"https:\/\/sadudelangedata.blob.core.windows.net\/files\/2021\/11\/NeiSchmelz-2014-IfaS-Presentation.pdf\" target=\"_blank\" rel=\"noopener\"><span style=\"text-decoration: underline;\"><span style=\"color: #ef4030; text-decoration: underline;\">IfaS Pr\u00e4sentation zum B\u00fcrgerworkshop &#8211; 12.07.2014<\/span><\/span><\/a><\/span><\/li>\n<\/ul>\n<p><strong>2013<\/strong><\/p>\n<ul>\n<li><span style=\"color: #3e3e3e;\">[PDF] <span style=\"text-decoration: underline;\"><span style=\"color: #ef4030;\"><a style=\"color: #ef4030; text-decoration: underline;\" href=\"https:\/\/sadudelangedata.blob.core.windows.net\/files\/2021\/11\/Neischmelz-Rapport-2013.pdf\" target=\"_blank\" rel=\"noopener\">Rapport participation citoyenne (\u200bworkshop &amp; consultation)\u200b &#8211; 16.11.2013<\/a><\/span><\/span><\/span><\/li>\n<li><span style=\"color: #3e3e3e;\">[PDF] <a href=\"https:\/\/sadudelangedata.blob.core.windows.net\/files\/2021\/11\/NeiSchmelz_2013_Presentation2.pdf\" target=\"_blank\" rel=\"noopener\"><span style=\"text-decoration: underline;\"><span style=\"color: #ef4030; text-decoration: underline;\">Pr\u00e9sentation n\u00b02 (d\u00e9roulement et concept)<\/span><\/span><\/a><\/span><\/li>\n<li><span style=\"color: #3e3e3e;\">[PDF] <span style=\"text-decoration: underline;\"><span style=\"color: #ef4030;\"><a style=\"color: #ef4030; text-decoration: underline;\" href=\"https:\/\/sadudelangedata.blob.core.windows.net\/files\/2021\/11\/NeiSchmelz_2013_Presentation1.pdf\" target=\"_blank\" rel=\"noopener\">Pr\u00e9sentation n\u200b\u00b01 (historique et conception)<\/a><\/span><\/span><\/span><\/li>\n<li><span style=\"color: #3e3e3e;\">[PDF] <span style=\"text-decoration: underline;\"><span style=\"color: #ef4030; text-decoration: underline;\"><a style=\"color: #ef4030; text-decoration: underline;\" href=\"https:\/\/sadudelangedata.blob.core.windows.net\/files\/2021\/11\/NeiSchmelz-Flyer-2013.pdf\" target=\"_blank\" rel=\"noopener\">NeiSchmelz flyer 2013<\/a><\/span><\/span><\/span><span style=\"text-decoration: underline;\"><span style=\"color: #ef4030; text-decoration: underline;\">\u00a0\u200b\u200b\u200b\u200b\u200b<\/span><\/span><\/li>\n<\/ul>\n<p>&nbsp;<\/p>\n<p><strong>Liens<\/strong><\/p>\n<ul>\n<li><span style=\"text-decoration: underline;\"><span style=\"color: #ef4030; text-decoration: underline;\"><a style=\"color: #ef4030; text-decoration: underline;\" href=\"https:\/\/dkollektiv.org\/dkollage\/?fbclid=IwAR13SxzMmi-BS5OVlIeAyRHB_zKKIIRjJXGFgafbLwdaoCYn4bOTsmylzpk\" target=\"_blank\" rel=\"noopener\">DKollektiv<\/a><\/span><\/span><\/li>\n<li><span style=\"text-decoration: underline;\"><span style=\"color: #ef4030; text-decoration: underline;\"><a style=\"color: #ef4030; text-decoration: underline;\" href=\"https:\/\/fondsdulogement.lu\/fr\/nos-projets\/quartier-neischmelz-dudelange\" target=\"_blank\" rel=\"noopener\">Fonds du Logement<\/a><\/span><\/span><\/li>\n<li><span style=\"text-decoration: underline;\"><span style=\"color: #ef4030; text-decoration: underline;\"><a style=\"color: #ef4030; text-decoration: underline;\" href=\"https:\/\/www.dudelange.lu\/index.php\/velo\/\" target=\"_blank\" rel=\"noopener\">Jardin de la circulation<\/a><\/span><\/span><\/li>\n<li><span style=\"text-decoration: underline;\"><span style=\"color: #ef4030; text-decoration: underline;\"><a style=\"color: #ef4030; text-decoration: underline;\" href=\"https:\/\/www.dudelange.lu\/index.php\/urban-garden-neischmelz\/\" target=\"_blank\" rel=\"noopener\">Urban Garden NeiSchmelz<\/a><\/span><\/span><\/li>\n<\/ul>\n","protected":false},"excerpt":{"rendered":"<p>Le projet NeiSchmelz a d\u00e9but\u00e9 d\u00e8s l\u2019ann\u00e9e 2005 avec la [&hellip;]<\/p>\n","protected":false},"author":8,"featured_media":14756,"parent":0,"menu_order":0,"comment_status":"closed","ping_status":"closed","template":"","meta":{"footnotes":""},"class_list":["post-14739","page","type-page","status-publish","has-post-thumbnail","hentry"],"publishpress_future_action":{"enabled":false,"date":"2026-05-21 04:07:51","action":"change-status","newStatus":"draft","terms":[],"taxonomy":"","extraData":[]},"publishpress_future_workflow_manual_trigger":{"enabledWorkflows":[]},"_links":{"self":[{"href":"https:\/\/www.dudelange.lu\/index.php\/wp-json\/wp\/v2\/pages\/14739","targetHints":{"allow":["GET"]}}],"collection":[{"href":"https:\/\/www.dudelange.lu\/index.php\/wp-json\/wp\/v2\/pages"}],"about":[{"href":"https:\/\/www.dudelange.lu\/index.php\/wp-json\/wp\/v2\/types\/page"}],"author":[{"embeddable":true,"href":"https:\/\/www.dudelange.lu\/index.php\/wp-json\/wp\/v2\/users\/8"}],"replies":[{"embeddable":true,"href":"https:\/\/www.dudelange.lu\/index.php\/wp-json\/wp\/v2\/comments?post=14739"}],"version-history":[{"count":52,"href":"https:\/\/www.dudelange.lu\/index.php\/wp-json\/wp\/v2\/pages\/14739\/revisions"}],"predecessor-version":[{"id":29428,"href":"https:\/\/www.dudelange.lu\/index.php\/wp-json\/wp\/v2\/pages\/14739\/revisions\/29428"}],"wp:featuredmedia":[{"embeddable":true,"href":"https:\/\/www.dudelange.lu\/index.php\/wp-json\/wp\/v2\/media\/14756"}],"wp:attachment":[{"href":"https:\/\/www.dudelange.lu\/index.php\/wp-json\/wp\/v2\/media?parent=14739"}],"curies":[{"name":"wp","href":"https:\/\/api.w.org\/{rel}","templated":true}]}}