{"id":15013,"date":"2021-11-26T08:12:14","date_gmt":"2021-11-26T07:12:14","guid":{"rendered":"https:\/\/dudelange.devoteamlab.lu\/?page_id=15013"},"modified":"2026-04-16T17:28:02","modified_gmt":"2026-04-16T15:28:02","slug":"service-jeunesse-famille","status":"publish","type":"page","link":"https:\/\/www.dudelange.lu\/index.php\/service-jeunesse-famille\/","title":{"rendered":"Service Jeunesse, Famille, Seniors et Hub Social"},"content":{"rendered":"<p><strong>Missions du service Jeunesse, Famille, Seniors et Hub Social<\/strong><\/p>\n<p>Le service Jeunesse, Famille, Seniors et Hub Social\u00a0 a \u00e9t\u00e9 cr\u00e9\u00e9 en 2026 \u00e0 destination de la population de Dudelange et de ses services sociaux. Sa mission se divise d\u00e9sormais en plusieurs axes : certaines s\u2019adressent directement \u00e0 la population, d&rsquo;autres axes se sont d\u00e9velopp\u00e9s \u00e0 la faveur des besoins ressentis par le personnel des services sociaux eux-m\u00eames :<\/p>\n<ul style=\"list-style-type: disc;\">\n<li>l\u2019orientation : la responsable du service re\u00e7oit les citoyen\u00b7nes de la ville en demande \u2013 jeunes, familles, seniors\u2026 &#8211; et les oriente vers les services adapt\u00e9s;<\/li>\n<li>l\u2019accueil et le soutien direct : le service peut \u00e9galement, dans la limite de ses possibilit\u00e9s, leur apporter aide et soutien de mani\u00e8re plus directe;<\/li>\n<li>la communication et l\u2019information entre services : parmi les t\u00e2ches principales du service Jeunesse, Famille, Seniors et Hub Social il est apparu que l\u2019information et la communication entre services sociaux se situe au tout premier plan pour parvenir \u00e0 une coordination optimale des services et de la prise en charge du public;<\/li>\n<li>la promotion des services aupr\u00e8s des habitant\u00b7es de la ville;<\/li>\n<li>le service organise en outre des bourses d\u2019informations et autres journ\u00e9es de rencontre, afin de promouvoir un \u00e9change r\u00e9gulier avec la population.<\/li>\n<\/ul>\n<p>Toute consultation au service Jeunesse, Famille, Seniors et Hub Social est volontaire, gratuite, anonyme et soumise au secret professionnel.<\/p>\n<p>Uniquement sur rendez-vous !<\/p>\n<p>Barbara De Matteis<br \/>\nT 516121-6621<br \/>\n<span style=\"text-decoration: underline;\"><span style=\"color: #ef4030;\"><a style=\"color: #ef4030; text-decoration: underline;\" href=\"mailto:barbara.dematteis@dudelange.lu\" target=\"_blank\" rel=\"noopener\">Prendre contact<\/a><\/span><\/span><\/p>\n<p>&nbsp;<\/p>\n","protected":false},"excerpt":{"rendered":"<p>Missions du service Jeunesse, Famille, Seniors et Hub Social Le [&hellip;]<\/p>\n","protected":false},"author":8,"featured_media":15014,"parent":0,"menu_order":0,"comment_status":"closed","ping_status":"closed","template":"","meta":{"footnotes":""},"class_list":["post-15013","page","type-page","status-publish","has-post-thumbnail","hentry"],"publishpress_future_action":{"enabled":false,"date":"2026-05-11 12:50:03","action":"change-status","newStatus":"draft","terms":[],"taxonomy":"","extraData":[]},"publishpress_future_workflow_manual_trigger":{"enabledWorkflows":[]},"_links":{"self":[{"href":"https:\/\/www.dudelange.lu\/index.php\/wp-json\/wp\/v2\/pages\/15013","targetHints":{"allow":["GET"]}}],"collection":[{"href":"https:\/\/www.dudelange.lu\/index.php\/wp-json\/wp\/v2\/pages"}],"about":[{"href":"https:\/\/www.dudelange.lu\/index.php\/wp-json\/wp\/v2\/types\/page"}],"author":[{"embeddable":true,"href":"https:\/\/www.dudelange.lu\/index.php\/wp-json\/wp\/v2\/users\/8"}],"replies":[{"embeddable":true,"href":"https:\/\/www.dudelange.lu\/index.php\/wp-json\/wp\/v2\/comments?post=15013"}],"version-history":[{"count":12,"href":"https:\/\/www.dudelange.lu\/index.php\/wp-json\/wp\/v2\/pages\/15013\/revisions"}],"predecessor-version":[{"id":30570,"href":"https:\/\/www.dudelange.lu\/index.php\/wp-json\/wp\/v2\/pages\/15013\/revisions\/30570"}],"wp:featuredmedia":[{"embeddable":true,"href":"https:\/\/www.dudelange.lu\/index.php\/wp-json\/wp\/v2\/media\/15014"}],"wp:attachment":[{"href":"https:\/\/www.dudelange.lu\/index.php\/wp-json\/wp\/v2\/media?parent=15013"}],"curies":[{"name":"wp","href":"https:\/\/api.w.org\/{rel}","templated":true}]}}