{"id":18299,"date":"2022-09-15T12:27:27","date_gmt":"2022-09-15T10:27:27","guid":{"rendered":"https:\/\/www.dudelange.lu\/?page_id=18299"},"modified":"2026-03-16T12:49:11","modified_gmt":"2026-03-16T11:49:11","slug":"sechere-schoulwee","status":"publish","type":"page","link":"https:\/\/www.dudelange.lu\/index.php\/sechere-schoulwee\/","title":{"rendered":"S\u00e9chere Schoulwee"},"content":{"rendered":"<p><span style=\"font-size: 14pt;\"><strong>Le \u00ab S\u00e9chere Schoulwee \u00bb \u2013 le chemin de l\u2019\u00e9cole en toute s\u00e9curit\u00e9 ! <\/strong>Le principe du \u00ab S\u00e9chere Schoulwee \u00bb doit inciter parents et enfants \u00e0 se rendre \u00e0 l\u2019\u00e9cole \u00e0 pied, \u00e0 v\u00e9lo ou en trottinette. Le \u00ab S\u00e9chere Schoulwee \u00bb a \u00e9t\u00e9 mis en place dans l\u2019ensemble des quartiers de Dudelange depuis la rentr\u00e9e de septembre 2021.<\/span><\/p>\n<p><span style=\"font-size: 14pt;\"><strong>Comment fonctionne le \u00ab S\u00e9chere Schoulwee \u00bb ? <\/strong>En coop\u00e9ration avec le <span style=\"text-decoration: underline;\"><span style=\"color: #ef4030; text-decoration: underline;\"><a style=\"color: #ef4030; text-decoration: underline;\" href=\"https:\/\/www.dudelange.lu\/index.php\/services-communaux\/circulation\/\" target=\"_blank\" rel=\"noopener\">service de la Circulation<\/a><\/span><\/span>, les \u00e9coles et les maisons relais, nous avons d\u00e9fini des points de rencontre \u00e0 des endroits strat\u00e9giques, o\u00f9 les \u00e9l\u00e8ves peuvent se donner rendez-vous et se rendre ensemble en toute s\u00e9curit\u00e9 dans leur \u00e9tablissement. Pour \u00e9viter que ne stationnent trop de v\u00e9hicules devant les \u00e9coles, les parents ont la possibilit\u00e9 d\u2019accompagner leurs enfants au point de rencontre le plus pr\u00e8s de chez eux d\u2019o\u00f9 l\u2019\u00e9cole est accessible en toute s\u00e9curit\u00e9.<\/span><\/p>\n<p><span style=\"font-size: 14pt;\"><strong>Comment les enfants reconnaissent-ils leur itin\u00e9raire ? <\/strong>Le chemin aller et retour de l\u2019\u00e9cole est constell\u00e9 de panneaux et de diff\u00e9rents symboles en couleurs facilement reconnaissables. Ce projet s\u2019adresse aux enfants des cycles 2 \u00e0 4. Le \u00ab S\u00e9chere Schoulwee \u00bb est mis en place actuellement dans les \u00e9tablissements Brill, Boudersberg, Deich, Gaffelt, Lenkeschl\u00e9i, Ribeschpont et Strutzberg.<\/span><\/p>\n<p>&nbsp;<\/p>\n<p><strong><span class=\"fontstyle0\" style=\"font-size: 14pt;\"> L\u2019\u00e9cole est tout pr\u00e8s\u2026 Et si on y allait \u00e0 pied? <span class=\"fontstyle0\">Chers parents, faisons un choix malin et responsable\u2009: accompagnons nos enfants \u00e0 l\u2019\u00e9cole \u00e0 pied\u2009!<\/span>\u00a0<\/span><\/strong><\/p>\n<p><span class=\"fontstyle0\">Marcher chaque matin, c\u2019est :<\/span><\/p>\n<ul style=\"list-style-type: disc;\">\n<li><span class=\"fontstyle0\">Pr\u00e9server notre environnement.<\/span><\/li>\n<li><span class=\"fontstyle0\">Prendre soin de la sant\u00e9 de nos enfants.<\/span><\/li>\n<li><span class=\"fontstyle0\">S\u00e9curiser les abords de l\u2019\u00e9cole.<\/span><\/li>\n<li><span class=\"fontstyle0\">R\u00e9duire les embouteillages et le stress du matin.<\/span><\/li>\n<\/ul>\n<p><span class=\"fontstyle0\">Quelques minutes de marche, c\u2019est plus d\u2019autonomie, <\/span><span class=\"fontstyle0\">plus d\u2019\u00e9nergie\u2026 et un quartier plus serein pour tous\u2009! <\/span><span class=\"fontstyle0\">Pas d\u2019alternative\u2009? Utilisez les zones \u00ab Kiss &amp; Go \u00bb : <\/span><span class=\"fontstyle0\">d\u00e9posez, embrassez\u2026 et <\/span><span class=\"fontstyle2\">repartez aussit\u00f4t <\/span><span class=\"fontstyle0\">pour <\/span><span class=\"fontstyle0\">fluidifier la circulation.<\/span><\/p>\n<p><span class=\"fontstyle0\">Ensemble, adoptons les bons r\u00e9flexes\u2009!<\/span><\/p>\n<p><span style=\"font-size: 14pt;\">&#8211;<\/span><\/p>\n<p><span style=\"font-size: 14pt;\"><strong>De \u201eS\u00e9chere Schoulwee\u201c \u2013 sicher zur Schule und wieder nach Hause! <\/strong>Das Prinzip des sicheren Schulweges soll Kinder und Eltern dazu anregen, sich entweder zu Fu\u00df, mit dem Fahrrad oder mit dem Tretroller zur Schule zu begeben. Seit dem Schulanfang 2021 funktioniert der \u201eS\u00e9chere Schoulwee\u201c in allen Wohnvierteln D\u00fcdelingens.<\/span><\/p>\n<p><span style=\"font-size: 14pt;\"><strong>Wie funktioniert der \u201eS\u00e9chere Schoulwee\u201c? <\/strong>In Zusammenarbeit mit der Dienststelle Verkehr, den Schulen und Maisons Relais haben wir an strategischen Stellen sogenannte Treffpunkte definiert, an denen sich die Schulkinder verabreden k\u00f6nnen und von wo aus sie sicher zur Schule gelangen. Um zu vermeiden, dass zu viele Autos vor den Schulgeb\u00e4uden stehen bleiben, k\u00f6nnen Eltern ihre Kinder am n\u00e4chstgelegenen Treffpunkt absetzen, von wo aus sie sicher zur Schule gelangen.<\/span><\/p>\n<p><span style=\"font-size: 14pt;\"><strong>Wie erkennen die Kinder ihre jeweilige Route?<\/strong> Der Hin und R\u00fcckweg zur Schule sind mit Schildern und verschiedenen Symbolen markiert sowie farblich erkennbar. Dieses Angebot richtet sich an die Schulkinder der Zyklen 2 bis 4. Der \u201aSichere Schulweg\u2018 wird augenblicklich f\u00fcr die Schulgeb\u00e4ude Brill, Budersberg, Deich, Gaffelt, Lenkeschl\u00e9i, Ribeschpont und Strutzbierg angewandt.<\/span><\/p>\n<p>&nbsp;<\/p>\n<p><strong><span class=\"fontstyle0\" style=\"font-size: 14pt;\"> Die Schule ist ganz in der N\u00e4he \u2013 Warum gehen wir nicht zu Fu\u00df? <span class=\"fontstyle0\">Liebe Eltern, lasst uns eine kluge und verantwortungsbewusste Entscheidung treffen: Begleiten wir unsere Kinder zu Fu\u00df zur Schule!<\/span>\u00a0<\/span><\/strong><\/p>\n<p><span class=\"fontstyle0\">Jeden Morgen zu Fu\u00df zu gehen bedeutet:<\/span><\/p>\n<ul style=\"list-style-type: disc;\">\n<li><span class=\"fontstyle0\">Unsere Umwelt zu sch\u00fctzen.<\/span><\/li>\n<li><span class=\"fontstyle0\">Auf die Gesundheit unserer Kinder zu achten.<\/span><\/li>\n<li><span class=\"fontstyle0\">Den Schulweg sicherer zu machen.<\/span><\/li>\n<li><span class=\"fontstyle0\">Weniger Staus und Stress am Morgen.<\/span><\/li>\n<\/ul>\n<p><span class=\"fontstyle0\">Ein paar Minuten zu Fu\u00df zu gehen, bedeutet mehr Selbstst\u00e4ndigkeit, mehr Energie &#8230; und eine ruhigere Nachbarschaft f\u00fcr alle! <\/span><span class=\"fontstyle0\">Keine Alternative? Nutzen Sie die \u201eKiss &amp; Go\u201d-Zonen: Anhalten, Verabschieden, <\/span><span class=\"fontstyle2\">Weiterfahren<\/span><span class=\"fontstyle0\">!<\/span><\/p>\n<p><span class=\"fontstyle0\">Lasst uns gemeinsam die richtigen Reflexe entwickeln!<\/span><\/p>\n<p>&#8211;<\/p>\n<p>&nbsp;<\/p>\n<p><span style=\"font-size: 14pt;\">[PDF] <span style=\"text-decoration: underline;\"><span style=\"color: #ef4030; text-decoration: underline;\"><a style=\"color: #ef4030; text-decoration: underline;\" href=\"https:\/\/sadudelangedata.blob.core.windows.net\/files\/2026\/03\/239270_BRILL_DEP_WEB.pdf\" target=\"_blank\" rel=\"noopener\">S\u00e9chere Schoulwee &#8211; Brill<\/a><\/span><\/span><\/span><\/p>\n<p><span style=\"font-size: 14pt;\">[PDF] <span style=\"text-decoration: underline;\"><span style=\"color: #ef4030; text-decoration: underline;\"><a style=\"color: #ef4030; text-decoration: underline;\" href=\"https:\/\/sadudelangedata.blob.core.windows.net\/files\/2026\/03\/239270_BUTSCHEBUERG_DEP_WEB.pdf\" target=\"_blank\" rel=\"noopener\">S\u00e9chere Schoulwee &#8211; Butschebuerg<\/a><\/span><\/span><\/span><\/p>\n<p><span style=\"font-size: 14pt;\">[PDF] <span style=\"text-decoration: underline;\"><span style=\"color: #ef4030; text-decoration: underline;\"><a style=\"color: #ef4030; text-decoration: underline;\" href=\"https:\/\/sadudelangedata.blob.core.windows.net\/files\/2026\/03\/239270_DEICH_DEP_WEB.pdf\" target=\"_blank\" rel=\"noopener\">S\u00e9chere Schoulwee &#8211; Deich<\/a><\/span><\/span><\/span><\/p>\n<p><span style=\"font-size: 14pt;\">[PDF] <span style=\"text-decoration: underline;\"><span style=\"color: #ef4030;\"><a style=\"color: #ef4030; text-decoration: underline;\" href=\"https:\/\/sadudelangedata.blob.core.windows.net\/files\/2026\/03\/239270_GAFFELT_DEP_WEB.pdf\" target=\"_blank\" rel=\"noopener\">S\u00e9chere Schoulwee &#8211; Gaffelt<\/a><\/span><\/span><\/span><\/p>\n<p><span style=\"font-size: 14pt;\">[PDF] <span style=\"text-decoration: underline;\"><span style=\"color: #ef4030; text-decoration: underline;\"><a style=\"color: #ef4030; text-decoration: underline;\" href=\"https:\/\/sadudelangedata.blob.core.windows.net\/files\/2026\/03\/239270_LENKESCHLEI_DEP_WEB.pdf\" target=\"_blank\" rel=\"noopener\">S\u00e9chere Schoulwee &#8211; Lenkeschl\u00e9i<\/a><\/span><\/span><\/span><\/p>\n<p><span style=\"font-size: 14pt;\">[PDF] <span style=\"text-decoration: underline;\"><span style=\"color: #ef4030; text-decoration: underline;\"><a style=\"color: #ef4030; text-decoration: underline;\" href=\"https:\/\/sadudelangedata.blob.core.windows.net\/files\/2026\/03\/239270_RIBESCHPONT_DEP_WEB.pdf\" target=\"_blank\" rel=\"noopener\">S\u00e9chere Schoulwee &#8211; Ribeschpont<\/a><\/span><\/span><\/span><\/p>\n<p><span style=\"font-size: 14pt;\">[PDF] <span style=\"text-decoration: underline;\"><span style=\"color: #ef4030;\"><a style=\"color: #ef4030; text-decoration: underline;\" href=\"https:\/\/sadudelangedata.blob.core.windows.net\/files\/2026\/03\/239270_STRUTZBIERG_DEP_WEB.pdf\" target=\"_blank\" rel=\"noopener\">S\u00e9chere Schoulwee &#8211; Strutzbierg<\/a><\/span><\/span><\/span><\/p>\n","protected":false},"excerpt":{"rendered":"<p>Le \u00ab S\u00e9chere Schoulwee \u00bb \u2013 le chemin de l\u2019\u00e9cole [&hellip;]<\/p>\n","protected":false},"author":10,"featured_media":18311,"parent":0,"menu_order":0,"comment_status":"closed","ping_status":"closed","template":"","meta":{"footnotes":""},"class_list":["post-18299","page","type-page","status-publish","has-post-thumbnail","hentry"],"publishpress_future_action":{"enabled":false,"date":"2026-05-11 12:48:46","action":"change-status","newStatus":"draft","terms":[],"taxonomy":"","extraData":[]},"publishpress_future_workflow_manual_trigger":{"enabledWorkflows":[]},"_links":{"self":[{"href":"https:\/\/www.dudelange.lu\/index.php\/wp-json\/wp\/v2\/pages\/18299","targetHints":{"allow":["GET"]}}],"collection":[{"href":"https:\/\/www.dudelange.lu\/index.php\/wp-json\/wp\/v2\/pages"}],"about":[{"href":"https:\/\/www.dudelange.lu\/index.php\/wp-json\/wp\/v2\/types\/page"}],"author":[{"embeddable":true,"href":"https:\/\/www.dudelange.lu\/index.php\/wp-json\/wp\/v2\/users\/10"}],"replies":[{"embeddable":true,"href":"https:\/\/www.dudelange.lu\/index.php\/wp-json\/wp\/v2\/comments?post=18299"}],"version-history":[{"count":14,"href":"https:\/\/www.dudelange.lu\/index.php\/wp-json\/wp\/v2\/pages\/18299\/revisions"}],"predecessor-version":[{"id":30199,"href":"https:\/\/www.dudelange.lu\/index.php\/wp-json\/wp\/v2\/pages\/18299\/revisions\/30199"}],"wp:featuredmedia":[{"embeddable":true,"href":"https:\/\/www.dudelange.lu\/index.php\/wp-json\/wp\/v2\/media\/18311"}],"wp:attachment":[{"href":"https:\/\/www.dudelange.lu\/index.php\/wp-json\/wp\/v2\/media?parent=18299"}],"curies":[{"name":"wp","href":"https:\/\/api.w.org\/{rel}","templated":true}]}}