{"id":18908,"date":"2022-11-21T14:45:59","date_gmt":"2022-11-21T13:45:59","guid":{"rendered":"https:\/\/www.dudelange.lu\/?page_id=18908"},"modified":"2022-12-07T10:11:24","modified_gmt":"2022-12-07T09:11:24","slug":"citywifi","status":"publish","type":"page","link":"https:\/\/www.dudelange.lu\/index.php\/citywifi\/","title":{"rendered":"Citywifi"},"content":{"rendered":"<p>Le r\u00e9seau Wi-Fi <em>citywifi<\/em> vous permet d\u2019acc\u00e9der gratuitement \u00e0 Internet par le biais de votre Smartphone, tablette ou laptop. Les responsables de la Ville de Dudelange, dans un esprit novateur, ont pris la d\u00e9cision de mettre <span style=\"text-decoration: underline;\">gratuitement<\/span> \u00e0 disposition de leurs citoyens et visiteurs un r\u00e9seau performant et \u00e0 la pointe de la technologie.<\/p>\n<p>Le r\u00e9seau Wi-Fi est actuellement disponible ici :<\/p>\n<ul>\n<li><strong>Place de l&rsquo;H\u00f4tel de Ville<\/strong><\/li>\n<li><strong>Avenue Grande-Duchesse Charlotte<\/strong><\/li>\n<li><strong>Place \u00ab\u00a0Am Duerf\u00a0\u00bb<\/strong><\/li>\n<li><strong>Centre sportif Ren\u00e9 Hartmann<\/strong><\/li>\n<li><strong>Biblioth\u00e8que publique r\u00e9gionale<\/strong><\/li>\n<\/ul>\n<p><span style=\"text-decoration: underline;\">Proc\u00e9dure \u00e0 suivre lors de la premi\u00e8re connexion<\/span><\/p>\n<ul>\n<li>activez le Wi-Fi sur votre appareil mobile<\/li>\n<li>s\u00e9lectionnez le r\u00e9seau Wi-Fi \u00ab citywifi free \u00bb<\/li>\n<li>attendez jusqu\u2019\u00e0 ce que le portail s\u2019affiche\n<ul>\n<li>s\u2019il ne s\u2019affiche pas:\n<ul>\n<li>ouvrez votre navigateur (Safari, Firefox, Google Chrome, \u2026) et inscrivez \u00ab portal.citywifi.lu \u00bb<\/li>\n<li>cliquez sur \u00ab Cr\u00e9ez votre compte c\u2019est gratuit \u00bb (vous devez disposer d\u2019un num\u00e9ro de t\u00e9l\u00e9phone mobile valide afin de recevoir votre mot de passe par SMS).<\/li>\n<\/ul>\n<\/li>\n<\/ul>\n<\/li>\n<li>choisissez votre nom d\u2019utilisateur (entre 4 et 12 caract\u00e8res) et indiquez votre num\u00e9ro de t\u00e9l\u00e9phone mobile.<\/li>\n<li>identifiez-vous avec votre nom d\u2019utilisateur et le mot de passe re\u00e7u par SMS.<\/li>\n<\/ul>\n<p>&nbsp;<\/p>\n<p><strong>PLUS D&rsquo;INFOS<\/strong><br \/>\nHOTCITY S.A.<br \/>\nT +352 2663 2663<br \/>\n<a href=\"mailto:contact@hotcity.lu\">contact@hotcity.lu<\/a><\/p>\n","protected":false},"excerpt":{"rendered":"<p>Le r\u00e9seau Wi-Fi citywifi vous permet d\u2019acc\u00e9der gratuitement \u00e0 Internet [&hellip;]<\/p>\n","protected":false},"author":8,"featured_media":18910,"parent":0,"menu_order":0,"comment_status":"closed","ping_status":"closed","template":"","meta":{"footnotes":""},"class_list":["post-18908","page","type-page","status-publish","has-post-thumbnail","hentry"],"publishpress_future_action":{"enabled":false,"date":"2026-05-17 19:20:48","action":"change-status","newStatus":"draft","terms":[],"taxonomy":"","extraData":[]},"publishpress_future_workflow_manual_trigger":{"enabledWorkflows":[]},"_links":{"self":[{"href":"https:\/\/www.dudelange.lu\/index.php\/wp-json\/wp\/v2\/pages\/18908","targetHints":{"allow":["GET"]}}],"collection":[{"href":"https:\/\/www.dudelange.lu\/index.php\/wp-json\/wp\/v2\/pages"}],"about":[{"href":"https:\/\/www.dudelange.lu\/index.php\/wp-json\/wp\/v2\/types\/page"}],"author":[{"embeddable":true,"href":"https:\/\/www.dudelange.lu\/index.php\/wp-json\/wp\/v2\/users\/8"}],"replies":[{"embeddable":true,"href":"https:\/\/www.dudelange.lu\/index.php\/wp-json\/wp\/v2\/comments?post=18908"}],"version-history":[{"count":5,"href":"https:\/\/www.dudelange.lu\/index.php\/wp-json\/wp\/v2\/pages\/18908\/revisions"}],"predecessor-version":[{"id":19087,"href":"https:\/\/www.dudelange.lu\/index.php\/wp-json\/wp\/v2\/pages\/18908\/revisions\/19087"}],"wp:featuredmedia":[{"embeddable":true,"href":"https:\/\/www.dudelange.lu\/index.php\/wp-json\/wp\/v2\/media\/18910"}],"wp:attachment":[{"href":"https:\/\/www.dudelange.lu\/index.php\/wp-json\/wp\/v2\/media?parent=18908"}],"curies":[{"name":"wp","href":"https:\/\/api.w.org\/{rel}","templated":true}]}}