{"id":20169,"date":"2023-04-05T14:13:19","date_gmt":"2023-04-05T12:13:19","guid":{"rendered":"https:\/\/www.dudelange.lu\/?page_id=20169"},"modified":"2025-07-15T09:51:02","modified_gmt":"2025-07-15T07:51:02","slug":"formulaires-a-telecharger","status":"publish","type":"page","link":"https:\/\/www.dudelange.lu\/index.php\/formulaires-a-telecharger\/","title":{"rendered":"Formulaires \u00e0 t\u00e9l\u00e9charger"},"content":{"rendered":"<ul>\n<li><a href=\"https:\/\/sadudelangedata.blob.core.windows.net\/files\/2024\/11\/Demande-dautorisation-de-batir.pdf\" target=\"_blank\" rel=\"noopener\"><span style=\"color: #ef4030;\"><span style=\"text-decoration: underline;\">Demande d\u2019autorisation de b\u00e2tir<\/span><\/span><\/a><\/li>\n<li><span style=\"text-decoration: underline;\"><span style=\"color: #ef4030; text-decoration: underline;\"><a style=\"color: #ef4030; text-decoration: underline;\" href=\"https:\/\/sadudelangedata.blob.core.windows.net\/files\/2023\/09\/4-accord-voisin.pdf\" target=\"_blank\" rel=\"noopener\">Accord (co) proprietaire\/voisin<\/a><\/span><\/span><\/li>\n<li><a href=\"https:\/\/sadudelangedata.blob.core.windows.net\/files\/2023\/02\/Donnees-structurantes-du-projet.pdf\"><span style=\"text-decoration: underline; color: #ef4030;\">Donn\u00e9es structurantes du projet<\/span><\/a><\/li>\n<li><span style=\"color: #ef4030;\"><a style=\"color: #ef4030; text-decoration: underline;\" href=\"https:\/\/sadudelangedata.blob.core.windows.net\/files\/2023\/02\/demande-de-morcellement.pdf\">Demande de morcellement terrain<\/a><\/span><\/li>\n<\/ul>\n<p>&nbsp;<\/p>\n<p>Plus d&rsquo;infos:<\/p>\n<p><span style=\"text-decoration: underline; color: #ef4030;\"><a style=\"color: #ef4030; text-decoration: underline;\" href=\"https:\/\/www.dudelange.lu\/index.php\/services-communaux\/architecture-et-domaines\/\">Service Architecture et domaines<\/a><\/span><\/p>\n","protected":false},"excerpt":{"rendered":"<p>Demande d\u2019autorisation de b\u00e2tir Accord (co) proprietaire\/voisin Donn\u00e9es structurantes du [&hellip;]<\/p>\n","protected":false},"author":8,"featured_media":14136,"parent":0,"menu_order":0,"comment_status":"closed","ping_status":"closed","template":"","meta":{"footnotes":""},"class_list":["post-20169","page","type-page","status-publish","has-post-thumbnail","hentry"],"publishpress_future_action":{"enabled":false,"date":"2026-04-22 12:57:55","action":"change-status","newStatus":"draft","terms":[],"taxonomy":"","extraData":[]},"publishpress_future_workflow_manual_trigger":{"enabledWorkflows":[]},"_links":{"self":[{"href":"https:\/\/www.dudelange.lu\/index.php\/wp-json\/wp\/v2\/pages\/20169","targetHints":{"allow":["GET"]}}],"collection":[{"href":"https:\/\/www.dudelange.lu\/index.php\/wp-json\/wp\/v2\/pages"}],"about":[{"href":"https:\/\/www.dudelange.lu\/index.php\/wp-json\/wp\/v2\/types\/page"}],"author":[{"embeddable":true,"href":"https:\/\/www.dudelange.lu\/index.php\/wp-json\/wp\/v2\/users\/8"}],"replies":[{"embeddable":true,"href":"https:\/\/www.dudelange.lu\/index.php\/wp-json\/wp\/v2\/comments?post=20169"}],"version-history":[{"count":4,"href":"https:\/\/www.dudelange.lu\/index.php\/wp-json\/wp\/v2\/pages\/20169\/revisions"}],"predecessor-version":[{"id":28184,"href":"https:\/\/www.dudelange.lu\/index.php\/wp-json\/wp\/v2\/pages\/20169\/revisions\/28184"}],"wp:featuredmedia":[{"embeddable":true,"href":"https:\/\/www.dudelange.lu\/index.php\/wp-json\/wp\/v2\/media\/14136"}],"wp:attachment":[{"href":"https:\/\/www.dudelange.lu\/index.php\/wp-json\/wp\/v2\/media?parent=20169"}],"curies":[{"name":"wp","href":"https:\/\/api.w.org\/{rel}","templated":true}]}}