{"id":21457,"date":"2023-08-07T10:20:02","date_gmt":"2023-08-07T08:20:02","guid":{"rendered":"https:\/\/www.dudelange.lu\/?page_id=21457"},"modified":"2025-05-13T08:33:43","modified_gmt":"2025-05-13T06:33:43","slug":"projets-a-venir","status":"publish","type":"page","link":"https:\/\/www.dudelange.lu\/index.php\/projets-a-venir\/","title":{"rendered":"Projets \u00e0 venir"},"content":{"rendered":"<p><strong>Projet BALTZING: nouveau b\u00e2timent scolaire avec structure d&rsquo;accueil\u00a0<\/strong><\/p>\n<p>Un nouveau projet d&rsquo;\u00e9cole et de structure d&rsquo;accueil est pr\u00e9vu dans le quartier de Baltzing. Le 11 juillet 2023, un premier dialogue consultatif a eu lieu avec les riverains, au cours duquel le concept leur a \u00e9t\u00e9 pr\u00e9sent\u00e9 et les id\u00e9es, observations et dol\u00e9ances des habitants ont \u00e9t\u00e9 not\u00e9es.<\/p>\n<p>Vous pouvez le consulter en cliquant sur le lien suivant :<\/p>\n<ul>\n<li><span style=\"text-decoration: underline;\"><span style=\"color: #ef4030; text-decoration: underline;\"><a style=\"color: #ef4030; text-decoration: underline;\" href=\"https:\/\/sadudelangedata.blob.core.windows.net\/files\/2023\/08\/Ecole-Baltzing_Presentation_w_Annexe.pdf\" target=\"_blank\" rel=\"noopener\">\u00c9cole Baltzing : Pr\u00e9sentation du projet 11.07.2023<\/a><\/span><\/span> (PDF, 53MB)<\/li>\n<\/ul>\n<p>Lors d&rsquo;une 2\u00e8me r\u00e9union d\u2019information qui s&rsquo;est tenu le 15 novembre 2023, les r\u00e9sultats de l&rsquo;enqu\u00eate ont \u00e9t\u00e9 pr\u00e9sent\u00e9s aux habitants du quartier, dont les principaux th\u00e8mes \u00e9taient l&rsquo;\u00e9volution du volume scolaire et l&rsquo;\u00e9tude sur la mobilit\u00e9, c\u2019est-\u00e0-dire le trafic et l&rsquo;accessibilit\u00e9 \u00e0 pied.<\/p>\n<ul>\n<li><a href=\"https:\/\/sadudelangedata.blob.core.windows.net\/files\/2023\/11\/Ecole-Baltzing_Presentation_citoyen.pdf\"><span style=\"text-decoration: underline;\"><span style=\"color: #ef4030; text-decoration: underline;\">\u00c9cole Baltzing : Pr\u00e9sentation (15.11.2023)<\/span><\/span><\/a><\/li>\n<li><a href=\"https:\/\/sadudelangedata.blob.core.windows.net\/files\/2023\/11\/Ecole-Baltzing_Rapport-Citoyen_231120.pdf\"><span style=\"text-decoration: underline;\"><span style=\"color: #ef4030; text-decoration: underline;\">\u00c9cole Baltzing : Rapport Citoyen (15.11.2023)<\/span><\/span><\/a><\/li>\n<li><a href=\"https:\/\/sadudelangedata.blob.core.windows.net\/files\/2023\/11\/Ecole-Baltzing_PLAN.pdf\"><span style=\"text-decoration: underline;\"><span style=\"color: #ef4030; text-decoration: underline;\">\u00c9cole Baltzing : Plan (15.11.2023)<\/span><\/span><\/a><\/li>\n<\/ul>\n<p>Une troisi\u00e8me r\u00e9union d&rsquo;information a eu lieu le 5 juin 2024 qui s&rsquo;est bas\u00e9e sur l&rsquo;\u00e9volution de la planification de l&rsquo;\u00e9cole depuis la derni\u00e8re pr\u00e9sentation du 15 novembre 2023.<\/p>\n<ul>\n<li><span style=\"text-decoration: underline; color: #ef4030;\"><a style=\"color: #ef4030; text-decoration: underline;\" href=\"https:\/\/sadudelangedata.blob.core.windows.net\/files\/2024\/06\/Presentation-24-06-05_Ecole-Baltzing_LQ_.pdf\" target=\"_blank\" rel=\"noopener\">\u00c9cole Baltzing : Pr\u00e9sentation du projet 05.06.2024\u00a0<\/a><\/span><\/li>\n<\/ul>\n<p>Une quatri\u00e8me pr\u00e9sentation publique de l&rsquo;avant-projet d\u00e9finitif tel qu&rsquo;il a \u00e9t\u00e9 vot\u00e9 par le conseil communal lors de la s\u00e9ance du 5 mai 2025 a eu lieu en date du 12 mai 2025 et peut \u00eatre consult\u00e9e en cliquant sur le lien suivant :<\/p>\n<ul>\n<li><span style=\"text-decoration: underline;\"><span style=\"color: #ef4030; text-decoration: underline;\"><a style=\"color: #ef4030; text-decoration: underline;\" href=\"https:\/\/sadudelangedata.blob.core.windows.net\/files\/2025\/05\/4100_22_001_presentation-public-25-05-12-LQ-finale_LQ-NEW.pdf\" target=\"_blank\" rel=\"noopener\">\u00c9cole Baltzeng : Pr\u00e9sentation du projet 12.05.2025<\/a><\/span><\/span><\/li>\n<\/ul>\n<p>&#8211; &#8211; &#8211;<\/p>\n<p><strong>Projet de r\u00e9am\u00e9nagement de la route de Boudersberg et de la rue du Mont St-Jean.<\/strong><\/p>\n<p>La route de Boudersberg ainsi que la rue du Mont St-Jean sont en passe d&rsquo;\u00eatre enti\u00e8rement r\u00e9am\u00e9nag\u00e9es. Les travaux d\u00e9buteront en 2025.<\/p>\n<p>Une premi\u00e8re r\u00e9union a eu lieu le 15.10.2024 avec les riverains.<\/p>\n<p>Vous pouvez consulter la pr\u00e9sentation du projet en cliquant sur ce lien: <span style=\"text-decoration: underline;\"><span style=\"color: #ef4030; text-decoration: underline;\"><a style=\"color: #ef4030; text-decoration: underline;\" href=\"https:\/\/sadudelangedata.blob.core.windows.net\/files\/2024\/10\/Presentation-reamenagement-route-de-Boudersberg_oct-2024.pdf\" target=\"_blank\" rel=\"noopener\">Pr\u00e9sentation r\u00e9am\u00e9nagement route de Boudersberg_oct 2024<\/a><\/span><\/span><\/p>\n","protected":false},"excerpt":{"rendered":"<p>Projet BALTZING: nouveau b\u00e2timent scolaire avec structure d&rsquo;accueil\u00a0 Un nouveau [&hellip;]<\/p>\n","protected":false},"author":8,"featured_media":13947,"parent":0,"menu_order":0,"comment_status":"closed","ping_status":"closed","template":"","meta":{"footnotes":""},"class_list":["post-21457","page","type-page","status-publish","has-post-thumbnail","hentry"],"publishpress_future_action":{"enabled":false,"date":"2026-05-24 07:11:01","action":"change-status","newStatus":"draft","terms":[],"taxonomy":"","extraData":[]},"publishpress_future_workflow_manual_trigger":{"enabledWorkflows":[]},"_links":{"self":[{"href":"https:\/\/www.dudelange.lu\/index.php\/wp-json\/wp\/v2\/pages\/21457","targetHints":{"allow":["GET"]}}],"collection":[{"href":"https:\/\/www.dudelange.lu\/index.php\/wp-json\/wp\/v2\/pages"}],"about":[{"href":"https:\/\/www.dudelange.lu\/index.php\/wp-json\/wp\/v2\/types\/page"}],"author":[{"embeddable":true,"href":"https:\/\/www.dudelange.lu\/index.php\/wp-json\/wp\/v2\/users\/8"}],"replies":[{"embeddable":true,"href":"https:\/\/www.dudelange.lu\/index.php\/wp-json\/wp\/v2\/comments?post=21457"}],"version-history":[{"count":12,"href":"https:\/\/www.dudelange.lu\/index.php\/wp-json\/wp\/v2\/pages\/21457\/revisions"}],"predecessor-version":[{"id":27628,"href":"https:\/\/www.dudelange.lu\/index.php\/wp-json\/wp\/v2\/pages\/21457\/revisions\/27628"}],"wp:featuredmedia":[{"embeddable":true,"href":"https:\/\/www.dudelange.lu\/index.php\/wp-json\/wp\/v2\/media\/13947"}],"wp:attachment":[{"href":"https:\/\/www.dudelange.lu\/index.php\/wp-json\/wp\/v2\/media?parent=21457"}],"curies":[{"name":"wp","href":"https:\/\/api.w.org\/{rel}","templated":true}]}}