{"id":2146,"date":"2021-08-20T13:33:44","date_gmt":"2021-08-20T12:33:44","guid":{"rendered":"http:\/\/app-dudelange-dev.azurewebsites.net\/?page_id=2146"},"modified":"2025-10-15T14:25:37","modified_gmt":"2025-10-15T12:25:37","slug":"passeport","status":"publish","type":"page","link":"https:\/\/www.dudelange.lu\/index.php\/demarches-administratives\/passeport\/","title":{"rendered":"Passeport"},"content":{"rendered":"<p>\u200b\u200bLe passeport biom\u00e9trique est un document de voyage exig\u00e9 par la plupart des pays \u00e9trangers, hors Union europ\u00e9enne (UE), pour entrer sur leur territoire. C&rsquo;est sur le passeport que sont appos\u00e9s les visas d&rsquo;entr\u00e9e et de s\u00e9jour dans un pays \u00e9tranger, lorsque cette formalit\u00e9 est exig\u00e9e. Le passeport biom\u00e9trique a pour sp\u00e9cificit\u00e9 de contenir une puce \u00e9lectronique stockant l\u2019image faciale et les donn\u00e9es alphanum\u00e9riques de son\u00b7sa d\u00e9tenteur\u00b7rice. Depuis le 28 juin 2009, l\u2019incorporation des empreintes digitales dans le support \u00e9lectronique est mise en place pour les pays membres de l\u2019UE. Pour l\u2019obtention d\u2019un nouveau passeport, les personnes de nationalit\u00e9 luxembourgeoise qui r\u00e9sident dans la commune de Dudelange adressent une demande au minist\u00e8re des Affaires \u00e9trang\u00e8res par l&rsquo;interm\u00e9diaire de l\u2019Office des citoyen\u00b7nes de la Ville de Dudelange.<\/p>\n<p>La demande doit imp\u00e9rativement \u00eatre effectu\u00e9e par l&rsquo;int\u00e9ress\u00e9\u00b7e lui\u00b7elle-m\u00eame. Pour les mineur\u00b7es la pr\u00e9sence d&rsquo;un des parents ayant le droit de garde ou du tuteur\u00b7rice l\u00e9gal\u00b7e est obligatoire. La photo et les empreintes \u00e0 plat de l\u2019index gauche et de l\u2019index droit seront pris sur place \u00e0 la commune au moyen de son \u00e9quipement. Pour les enfants \u00e2g\u00e9\u00b7es de moins de 12 mois, vous pouvez vous munir d\u2019une photo biom\u00e9trique effectu\u00e9e chez un photographe. L\u2019enfant devra \u00e9galement \u00eatre pr\u00e9sent\u00b7e lors de la demande.<\/p>\n<p><span class=\"ms-rteStyle-IntenseEmphasis\"><span class=\"ms-rteThemeForeColor-2-0\">Sont \u00e0 produire:\u00a0<\/span><\/span><\/p>\n<ul>\n<li>Titre d&rsquo;identit\u00e9<\/li>\n<li>Preuve de paiement de 50\u20ac (respectivement de 30\u20ac pour les mineur\u00b7es de moins de 4 ans).<br \/>\nEn cas de proc\u00e9dure acc\u00e9l\u00e9r\u00e9e (3 jours ouvrables), le prix du passeport est fix\u00e9 \u00e0 90\u20ac pour les enfants de moins de 4 ans et 150\u20ac \u00e0 partir de l&rsquo;\u00e2ge de 4 ans. Pour les enfants de moins de 12 mois, la demande de proc\u00e9dure acc\u00e9l\u00e9r\u00e9e avec photo devra \u00eatre effectu\u00e9e directement aupr\u00e8s du Bureau des Passeports, Visas et L\u00e9galisations (6 rue de l\u2019Ancien Athen\u00e9e, L-1144 Luxembourg\u200b).<br \/>\nNum\u00e9ro de compte: IBAN LU46 1111 1298 0014 0000<br \/>\nNom du b\u00e9n\u00e9ficiaire: Bureau des Passeports<br \/>\nCode BIC: CCPLLULL.<br \/>\nCommunication: Demande de passeport biom\u00e9trique \u00ab pr\u00e9nom\/nom \u00bb<\/li>\n<li>Ancien passeport<\/li>\n<\/ul>\n<p>Les passeports peuvent \u00eatre retir\u00e9s personnellement au plus t\u00f4t 10 jours ouvrables apr\u00e8s l&rsquo;introduction de la demande <strong>\u00e0 l&rsquo;accueil de l&rsquo;H\u00f4tel de Ville<\/strong> ou bien sur demande, apr\u00e8s 7 jours ouvrables, aupr\u00e8s du<\/p>\n<p><strong>Bureau des Passeports, Visas et L\u00e9galisations\u00a0<\/strong><br \/>\n6\u00a0rue de l&rsquo;Ancien Athen\u00e9e,\u00a0L-1144 Luxembourg\u200b<br \/>\n<span class=\"ms-rteStyle-Normal\">T 247-88300 \/ <\/span><a href=\"mailto:service.passeports@mae.etat.lu\"><span style=\"text-decoration: underline;\"><span style=\"color: #ef4030; text-decoration: underline;\">service.passeports@mae.etat.lu<\/span><\/span><\/a><br \/>\n<a href=\"https:\/\/maee.gouvernement.lu\/fr\/annuaire.html?idMin=21\" target=\"_blank\" rel=\"noopener\"><span style=\"text-decoration: underline; color: #ef4030;\">www.mae.lu<\/span><\/a><br \/>\n<strong><span style=\"text-decoration: underline; color: #ef4030;\">\u200b<\/span><\/strong><\/p>\n<p><strong>Nous vous recommandons de vous pr\u00e9senter au plus tard quinze minutes avant la fermeture des bureaux pour effectuer cette d\u00e9marche.\u00a0<\/strong><\/p>\n<div class=\"orgfield\"><\/div>\n","protected":false},"excerpt":{"rendered":"<p>\u200b\u200bLe passeport biom\u00e9trique est un document de voyage exig\u00e9 par [&hellip;]<\/p>\n","protected":false},"author":1,"featured_media":0,"parent":2127,"menu_order":0,"comment_status":"closed","ping_status":"closed","template":"","meta":{"footnotes":""},"class_list":["post-2146","page","type-page","status-publish","hentry"],"publishpress_future_action":{"enabled":false,"date":"2026-05-12 10:47:04","action":"change-status","newStatus":"draft","terms":[],"taxonomy":"","extraData":[]},"publishpress_future_workflow_manual_trigger":{"enabledWorkflows":[]},"_links":{"self":[{"href":"https:\/\/www.dudelange.lu\/index.php\/wp-json\/wp\/v2\/pages\/2146","targetHints":{"allow":["GET"]}}],"collection":[{"href":"https:\/\/www.dudelange.lu\/index.php\/wp-json\/wp\/v2\/pages"}],"about":[{"href":"https:\/\/www.dudelange.lu\/index.php\/wp-json\/wp\/v2\/types\/page"}],"author":[{"embeddable":true,"href":"https:\/\/www.dudelange.lu\/index.php\/wp-json\/wp\/v2\/users\/1"}],"replies":[{"embeddable":true,"href":"https:\/\/www.dudelange.lu\/index.php\/wp-json\/wp\/v2\/comments?post=2146"}],"version-history":[{"count":12,"href":"https:\/\/www.dudelange.lu\/index.php\/wp-json\/wp\/v2\/pages\/2146\/revisions"}],"predecessor-version":[{"id":29033,"href":"https:\/\/www.dudelange.lu\/index.php\/wp-json\/wp\/v2\/pages\/2146\/revisions\/29033"}],"up":[{"embeddable":true,"href":"https:\/\/www.dudelange.lu\/index.php\/wp-json\/wp\/v2\/pages\/2127"}],"wp:attachment":[{"href":"https:\/\/www.dudelange.lu\/index.php\/wp-json\/wp\/v2\/media?parent=2146"}],"curies":[{"name":"wp","href":"https:\/\/api.w.org\/{rel}","templated":true}]}}