{"id":2159,"date":"2021-08-20T14:04:09","date_gmt":"2021-08-20T13:04:09","guid":{"rendered":"http:\/\/app-dudelange-dev.azurewebsites.net\/?page_id=2159"},"modified":"2024-06-27T11:13:32","modified_gmt":"2024-06-27T09:13:32","slug":"city-app","status":"publish","type":"page","link":"https:\/\/www.dudelange.lu\/index.php\/city-app\/","title":{"rendered":"City App"},"content":{"rendered":"<p><strong>Dudelange en un coup d&rsquo;\u0153il\u00a0!<\/strong><\/p>\n<ul>\n<li>Agenda dudelange.lu<\/li>\n<li>Agenda Centre Culturel opderschmelz<\/li>\n<li>Alertes m\u00e9t\u00e9o (Meteo Lux)<\/li>\n<li>Commerces &amp; Restauration<\/li>\n<li>Contacts Services communaux<\/li>\n<li>Derni\u00e8res actualit\u00e9s de la ville<\/li>\n<li>Notifications: recevez les informations sur les chantiers et le trafic<\/li>\n<li>Parking<\/li>\n<li>Ramassage des d\u00e9chets<\/li>\n<li>Report-it: signalez-nous un probl\u00e8me sur la voie publique (Nouveau: Fonction \u00ab\u00a0Chat\u00a0\u00bb)<\/li>\n<li>Syst\u00e8me de location de v\u00e9los V\u00ebl&rsquo;OK<\/li>\n<li>Trajets de bus et l&rsquo;arr\u00eat le plus proche<\/li>\n<\/ul>\n<p>&nbsp;<\/p>\n<p><strong>Installez gratuitement l&rsquo;application sur votre smartphone:<\/strong><\/p>\n<ul>\n<li><a href=\"https:\/\/play.google.com\/store\/apps\/details?id=lu.dudelange\"><span style=\"text-decoration: underline;\"><span style=\"color: #ef4030; text-decoration: underline;\">Google Play Store<\/span><\/span><\/a> (Android)<\/li>\n<li><a href=\"https:\/\/apps.apple.com\/lu\/app\/dudelange\/id1482631202?l=fr\"><span style=\"text-decoration: underline;\"><span style=\"color: #ef4030; text-decoration: underline;\">App Store<\/span><\/span><\/a>\u00a0(Apple)<\/li>\n<\/ul>\n","protected":false},"excerpt":{"rendered":"<p>Dudelange en un coup d&rsquo;\u0153il\u00a0! Agenda dudelange.lu Agenda Centre Culturel [&hellip;]<\/p>\n","protected":false},"author":1,"featured_media":24584,"parent":0,"menu_order":0,"comment_status":"closed","ping_status":"closed","template":"","meta":{"footnotes":""},"class_list":["post-2159","page","type-page","status-publish","has-post-thumbnail","hentry"],"publishpress_future_action":{"enabled":false,"date":"2026-05-10 05:59:03","action":"change-status","newStatus":"draft","terms":[],"taxonomy":"","extraData":[]},"publishpress_future_workflow_manual_trigger":{"enabledWorkflows":[]},"_links":{"self":[{"href":"https:\/\/www.dudelange.lu\/index.php\/wp-json\/wp\/v2\/pages\/2159","targetHints":{"allow":["GET"]}}],"collection":[{"href":"https:\/\/www.dudelange.lu\/index.php\/wp-json\/wp\/v2\/pages"}],"about":[{"href":"https:\/\/www.dudelange.lu\/index.php\/wp-json\/wp\/v2\/types\/page"}],"author":[{"embeddable":true,"href":"https:\/\/www.dudelange.lu\/index.php\/wp-json\/wp\/v2\/users\/1"}],"replies":[{"embeddable":true,"href":"https:\/\/www.dudelange.lu\/index.php\/wp-json\/wp\/v2\/comments?post=2159"}],"version-history":[{"count":16,"href":"https:\/\/www.dudelange.lu\/index.php\/wp-json\/wp\/v2\/pages\/2159\/revisions"}],"predecessor-version":[{"id":24628,"href":"https:\/\/www.dudelange.lu\/index.php\/wp-json\/wp\/v2\/pages\/2159\/revisions\/24628"}],"wp:featuredmedia":[{"embeddable":true,"href":"https:\/\/www.dudelange.lu\/index.php\/wp-json\/wp\/v2\/media\/24584"}],"wp:attachment":[{"href":"https:\/\/www.dudelange.lu\/index.php\/wp-json\/wp\/v2\/media?parent=2159"}],"curies":[{"name":"wp","href":"https:\/\/api.w.org\/{rel}","templated":true}]}}