{"id":2185,"date":"2021-08-20T14:54:19","date_gmt":"2021-08-20T13:54:19","guid":{"rendered":"http:\/\/app-dudelange-dev.azurewebsites.net\/?page_id=2185"},"modified":"2026-02-09T15:15:41","modified_gmt":"2026-02-09T14:15:41","slug":"college-des-bourgmestre-et-echevins","status":"publish","type":"page","link":"https:\/\/www.dudelange.lu\/index.php\/college-des-bourgmestre-et-echevins\/","title":{"rendered":"Coll\u00e8ge des bourgmestre et \u00e9chevins"},"content":{"rendered":"<p data-fontsize=\"50\" data-lineheight=\"60px\" data-fusion-font=\"true\"><strong>Composition du coll\u00e8ge des bourgmestre et \u00e9chevins<\/strong><\/p>\n<ul>\n<li>Dan Biancalana, bourgmestre LSAP<\/li>\n<li>Loris Spina, \u00e9chevin LSAP<\/li>\n<li>Josiane Di Bartolomeo-Ries, \u00e9chevine LSAP<\/li>\n<li>Ren\u00e9 Manderscheid, \u00e9chevin LSAP<\/li>\n<li>Claudia Dall&rsquo;Agnol, \u00e9chevine LSAP<\/li>\n<\/ul>\n<p><span style=\"font-size: 14pt;\"><b><strong><br \/>\n<\/strong><\/b><\/span><strong>Ressorts<\/strong><\/p>\n<p>Dan Biancalana (bourgmestre)<b><strong><br \/>\n<\/strong><\/b><\/p>\n<ul>\n<li>Pr\u00e9sidence du coll\u00e8ge des bourgmestre et \u00e9chevins et du conseil communal<\/li>\n<li>Finances et budget<\/li>\n<li>Services communaux, coordination g\u00e9n\u00e9rale<\/li>\n<li>Personnel<\/li>\n<li>Relations publiques<\/li>\n<li>D\u00e9veloppement \u00e9conomique et commerce<\/li>\n<li>Logement<\/li>\n<li>Am\u00e9nagement communal et d\u00e9veloppement urbain<\/li>\n<li>Sant\u00e9 publique<\/li>\n<li>Coop\u00e9ration r\u00e9gionale et nationale<\/li>\n<li>S\u00e9curit\u00e9<\/li>\n<\/ul>\n<p style=\"font-weight: 400;\">Loris Spina (1er \u00e9chevin)<b><strong><br \/>\n<\/strong><\/b><\/p>\n<ul>\n<li style=\"font-weight: 400;\">Culture<\/li>\n<li>Biblioth\u00e8que publique r\u00e9gionale<\/li>\n<li style=\"font-weight: 400;\">Sport<\/li>\n<li style=\"font-weight: 400;\">Participation citoyenne et b\u00e9n\u00e9volat<\/li>\n<li style=\"font-weight: 400;\">F\u00eates et manifestations publiques, foires et march\u00e9s<\/li>\n<\/ul>\n<p>Josiane Di Bartolomeo-Ries (2\u00e8me \u00e9chevine)<b><strong><br \/>\n<\/strong><\/b><\/p>\n<ul>\n<li>Enseignement et service \u00c9ducation et Accueil<\/li>\n<li>Famille<\/li>\n<li>Jeunesse<\/li>\n<li>Informatique et nouveaux m\u00e9dias<\/li>\n<\/ul>\n<p style=\"font-weight: 400;\">Ren\u00e9 Manderscheid (3\u00e8me \u00e9chevin)<b><strong><br \/>\n<\/strong><\/b><\/p>\n<ul>\n<li>Affaires sociales et emploi<\/li>\n<li>Environnement et protection de la nature<\/li>\n<li>\u00c9nergie<\/li>\n<li>Egalit\u00e9 des chances et diversit\u00e9<\/li>\n<li>Eau, gaz et canalisation<\/li>\n<li>Hygi\u00e8ne<\/li>\n<li>Seniors<\/li>\n<\/ul>\n<p style=\"font-weight: 400;\">Claudia Dall&rsquo;Agnol (4\u00e8me \u00e9chevine)<b><strong><br \/>\n<\/strong><\/b><\/p>\n<ul>\n<li>Mobilit\u00e9 et infrastructures routi\u00e8res<\/li>\n<li>Ecole de musique r\u00e9gionale<\/li>\n<li>Vivre-ensemble interculturel<\/li>\n<li>Tourisme, relations transfrontali\u00e8res et jumelage<\/li>\n<\/ul>\n<p>&nbsp;<\/p>\n<p><strong>Documents \u00e0 t\u00e9l\u00e9charger:<\/strong><\/p>\n<ul>\n<li style=\"font-weight: 400;\"><span style=\"color: #ef4030;\"><span style=\"text-decoration: underline;\"><a style=\"color: #ef4030; text-decoration: underline;\" href=\"https:\/\/sadudelangedata.blob.core.windows.net\/files\/2023\/10\/Declaration-CE-2023-2029-FR-web.pdf\">D\u00e9claration du coll\u00e8ge des bourgmestre et \u00e9chevins 2023-2029<\/a><\/span> <span style=\"color: #3e3e3e;\">(PDF, 2,6 MB)<\/span><\/span><\/li>\n<li><span style=\"color: #ef4030;\"><span style=\"text-decoration: underline;\"><a style=\"color: #ef4030; text-decoration: underline;\" href=\"https:\/\/sadudelangedata.blob.core.windows.net\/files\/2023\/10\/Declaration-CE-2023-2029-DE-web.pdf\">Sch\u00f6ffenratserkl\u00e4rung 2023-2029<\/a><\/span> <span style=\"color: #3e3e3e;\">(PDF, 2,6 MB)<\/span><\/span><\/li>\n<\/ul>\n","protected":false},"excerpt":{"rendered":"<p>Composition du coll\u00e8ge des bourgmestre et \u00e9chevins Dan Biancalana, bourgmestre [&hellip;]<\/p>\n","protected":false},"author":1,"featured_media":29960,"parent":0,"menu_order":0,"comment_status":"closed","ping_status":"closed","template":"","meta":{"footnotes":""},"class_list":["post-2185","page","type-page","status-publish","has-post-thumbnail","hentry"],"publishpress_future_action":{"enabled":false,"date":"2026-05-10 06:10:40","action":"change-status","newStatus":"draft","terms":[],"taxonomy":"","extraData":[]},"publishpress_future_workflow_manual_trigger":{"enabledWorkflows":[]},"_links":{"self":[{"href":"https:\/\/www.dudelange.lu\/index.php\/wp-json\/wp\/v2\/pages\/2185","targetHints":{"allow":["GET"]}}],"collection":[{"href":"https:\/\/www.dudelange.lu\/index.php\/wp-json\/wp\/v2\/pages"}],"about":[{"href":"https:\/\/www.dudelange.lu\/index.php\/wp-json\/wp\/v2\/types\/page"}],"author":[{"embeddable":true,"href":"https:\/\/www.dudelange.lu\/index.php\/wp-json\/wp\/v2\/users\/1"}],"replies":[{"embeddable":true,"href":"https:\/\/www.dudelange.lu\/index.php\/wp-json\/wp\/v2\/comments?post=2185"}],"version-history":[{"count":24,"href":"https:\/\/www.dudelange.lu\/index.php\/wp-json\/wp\/v2\/pages\/2185\/revisions"}],"predecessor-version":[{"id":22074,"href":"https:\/\/www.dudelange.lu\/index.php\/wp-json\/wp\/v2\/pages\/2185\/revisions\/22074"}],"wp:featuredmedia":[{"embeddable":true,"href":"https:\/\/www.dudelange.lu\/index.php\/wp-json\/wp\/v2\/media\/29960"}],"wp:attachment":[{"href":"https:\/\/www.dudelange.lu\/index.php\/wp-json\/wp\/v2\/media?parent=2185"}],"curies":[{"name":"wp","href":"https:\/\/api.w.org\/{rel}","templated":true}]}}