{"id":2211,"date":"2021-08-20T15:17:10","date_gmt":"2021-08-20T14:17:10","guid":{"rendered":"http:\/\/app-dudelange-dev.azurewebsites.net\/?page_id=2211"},"modified":"2026-01-27T09:23:34","modified_gmt":"2026-01-27T08:23:34","slug":"accueil","status":"publish","type":"page","link":"https:\/\/www.dudelange.lu\/index.php\/services-communaux\/accueil\/","title":{"rendered":"Accueil \/ Guichet unique"},"content":{"rendered":"<p>H\u00f4tel de Ville, rez-de-chauss\u00e9e<\/p>\n<div>\n<p>Martine WEISEN<br \/>\nT 516121 -1<br \/>\n<span style=\"text-decoration: underline;\"><span style=\"color: #ef4030; text-decoration: underline;\"><a style=\"color: #ef4030; text-decoration: underline;\" href=\"mailto:accueil@dudelange.lu\" target=\"_blank\" rel=\"noopener\">Prendre contact<\/a><\/span><\/span><\/p>\n<\/div>\n<p>Steve SPINA<br \/>\nT 516121 -1<br \/>\n<span style=\"text-decoration: underline;\"><span style=\"color: #ef4030; text-decoration: underline;\"><a style=\"color: #ef4030; text-decoration: underline;\" href=\"mailto:accueil@dudelange.lu\" target=\"_blank\" rel=\"noopener\">Prendre contact<\/a><\/span><\/span><\/p>\n<p><span class=\"ms-rteStyle-IntenseEmphasis\"><span class=\"ms-rteThemeForeColor-2-0\"><br \/>\nMissions:<\/span><\/span><\/p>\n<p><span class=\"ms-rteStyle-IntenseEmphasis\"><span class=\"ms-rteThemeForeColor-2-0\">\u200b<\/span><\/span>L&rsquo;accueil de l&rsquo;H\u00f4tel de Ville fait office de guichet unique et propose aux habitant\u00b7es de Dudelange de nombreuses informations, d\u00e9marches et formulaires.<\/p>\n<ul>\n<li>Abonnement gratuit Flexibus<\/li>\n<li>Autorisation parentale<\/li>\n<li>Certificat de r\u00e9sidence (+ \u00e9largi)<\/li>\n<li>Certificat de vie<\/li>\n<li>Demande carte d&rsquo;acc\u00e8s STEP<\/li>\n<li>Demande mKaart pour V\u00ebl&rsquo;Ok<\/li>\n<li>L\u00e9gislation des signatures<\/li>\n<li>Recycling taxi<\/li>\n<li>Remise carte d&rsquo;identit\u00e9 luxembourgeoise\u00a0\/ Passeport<\/li>\n<li>Sacs Valorlux\u200b<\/li>\n<li>Vente de lecteurs pour cartes d&rsquo;identit\u00e9<\/li>\n<li>Vente livres (Centenaire de la Biblioth\u00e8que, Dudelange G\u00ebscht an Haut&#8230;)<\/li>\n<li>Vente sacs poubelle<\/li>\n<li>Vente serrure poubelle<\/li>\n<\/ul>\n<div>\n<ul>\n<li>Formulaires :<br \/>\n&#8211; Adapto<br \/>\n&#8211; Allocation de vie ch\u00e8re<br \/>\n&#8211; Autorisation de b\u00e2tir<br \/>\n&#8211; Carte d&rsquo;invalidit\u00e9<br \/>\n&#8211; Castration chiens \/ chats<br \/>\n&#8211; Demande d&rsquo;occupation du domaine public<br \/>\n&#8211; Gestion locative sociale<br \/>\n&#8211; Liste babysitters<br \/>\n&#8211; Minettkompost<br \/>\n&#8211; Prime \u00c9nergie OSD<br \/>\n&#8211; Stationnement personne \u00e0 mobilit\u00e9 r\u00e9duite<br \/>\n&#8211; Subvention d&rsquo;\u00e9nergie<\/li>\n<\/ul>\n<\/div>\n<div><\/div>\n<p><strong>Central t\u00e9l\u00e9phonique<\/strong><\/p>\n<p>D\u00e9sir\u00e9e FELTES<br \/>\nT 516121 -1<br \/>\n<span style=\"text-decoration: underline;\"><span style=\"color: #ef4030;\"><a style=\"color: #ef4030; text-decoration: underline;\" href=\"mailto:accueil@dudelange.lu\">Prendre contact\u200b<\/a><\/span><\/span><\/p>\n<p>Carole FATTEBENE<br \/>\nT\u00a0<span id=\"DeltaPlaceHolderMain\">516121 -1<br \/>\n<a href=\"mailto:accueil@dudelange.lu\"><span style=\"text-decoration: underline;\"><span style=\"color: #ef4030; text-decoration: underline;\">Prendre contact\u200b<\/span><\/span><\/a><br \/>\n<\/span><\/p>\n<h3><\/h3>\n<p><strong>Concierges de l&rsquo;H\u00f4tel de Ville<\/strong><\/p>\n<p>Steve D&rsquo;ANZICO<br \/>\nT 516121\u00a0-288<br \/>\n<a href=\"mailto:conciergehdv@dudelange.lu\"><span style=\"text-decoration: underline;\"><span style=\"color: #ef4030; text-decoration: underline;\">Prendre contact\u200b<\/span><\/span><\/a>\u200b<\/p>\n<p>Victor YAZDANI<br \/>\nT 516121 -288<br \/>\n<a href=\"mailto:conciergehdv@dudelange.lu\"><span style=\"text-decoration: underline;\"><span style=\"color: #ef4030; text-decoration: underline;\">Prendre contact\u200b<\/span><\/span><\/a><\/p>\n<p>Michel BAYER<br \/>\nT 516121 -288<br \/>\n<a href=\"mailto:conciergehdv@dudelange.lu\"><span style=\"text-decoration: underline;\"><span style=\"color: #ef4030; text-decoration: underline;\">Prendre contact\u200b<\/span><\/span><\/a><\/p>\n","protected":false},"excerpt":{"rendered":"<p>H\u00f4tel de Ville, rez-de-chauss\u00e9e Martine WEISEN T 516121 -1 Prendre [&hellip;]<\/p>\n","protected":false},"author":1,"featured_media":0,"parent":2203,"menu_order":0,"comment_status":"closed","ping_status":"closed","template":"","meta":{"footnotes":""},"class_list":["post-2211","page","type-page","status-publish","hentry"],"publishpress_future_action":{"enabled":false,"date":"2026-05-10 20:59:47","action":"change-status","newStatus":"draft","terms":[],"taxonomy":"","extraData":[]},"publishpress_future_workflow_manual_trigger":{"enabledWorkflows":[]},"_links":{"self":[{"href":"https:\/\/www.dudelange.lu\/index.php\/wp-json\/wp\/v2\/pages\/2211","targetHints":{"allow":["GET"]}}],"collection":[{"href":"https:\/\/www.dudelange.lu\/index.php\/wp-json\/wp\/v2\/pages"}],"about":[{"href":"https:\/\/www.dudelange.lu\/index.php\/wp-json\/wp\/v2\/types\/page"}],"author":[{"embeddable":true,"href":"https:\/\/www.dudelange.lu\/index.php\/wp-json\/wp\/v2\/users\/1"}],"replies":[{"embeddable":true,"href":"https:\/\/www.dudelange.lu\/index.php\/wp-json\/wp\/v2\/comments?post=2211"}],"version-history":[{"count":34,"href":"https:\/\/www.dudelange.lu\/index.php\/wp-json\/wp\/v2\/pages\/2211\/revisions"}],"predecessor-version":[{"id":29907,"href":"https:\/\/www.dudelange.lu\/index.php\/wp-json\/wp\/v2\/pages\/2211\/revisions\/29907"}],"up":[{"embeddable":true,"href":"https:\/\/www.dudelange.lu\/index.php\/wp-json\/wp\/v2\/pages\/2203"}],"wp:attachment":[{"href":"https:\/\/www.dudelange.lu\/index.php\/wp-json\/wp\/v2\/media?parent=2211"}],"curies":[{"name":"wp","href":"https:\/\/api.w.org\/{rel}","templated":true}]}}