{"id":22354,"date":"2023-11-14T09:10:37","date_gmt":"2023-11-14T08:10:37","guid":{"rendered":"https:\/\/www.dudelange.lu\/?page_id=22354"},"modified":"2026-02-24T09:24:49","modified_gmt":"2026-02-24T08:24:49","slug":"pag-2","status":"publish","type":"page","link":"https:\/\/www.dudelange.lu\/index.php\/pag-pap-qe-modifications-ponctuelles\/pag-2\/","title":{"rendered":"PAG"},"content":{"rendered":"<h5><span style=\"color: #ef4030;\">Modification ponctuelle du PAG Dossier 10<\/span><\/h5>\n<p>Le coll\u00e8ge des bourgmestre et \u00e9chevin\u00b7es de la Ville de Dudelange porte \u00e0 la connaissance du public que par d\u00e9cision en date du 13 f\u00e9vrier 2026 le conseil communal a marqu\u00e9 son accord relatif \u00e0 la mise en proc\u00e9dure d\u2019adoption\u00a0:<\/p>\n<ul>\n<li>du <strong>projet de modification ponctuelle du Plan d\u2018Am\u00e9nagement G\u00e9n\u00e9ral (PAG) de la Ville de Dudelange \u2013 <\/strong><strong>parties \u00e9crite et graphique, concernant le site du PAP ZAE Wolser \u2013 PAP NQ SD-31 [Dossier 10]<\/strong>.<\/li>\n<\/ul>\n<p>En application des dispositions de la loi du 22 mai 2008 relative \u00e0 l\u2019\u00e9valuation des incidences de certains plans et programmes sur l\u2019environnement, le conseil communal a estim\u00e9 que la modification ponctuelle du PAG \u2013 parties \u00e9crite et graphique, concernant le site du PAP ZAE Wolser \u2013 PAP NQ SD-31 [Dossier 10], n\u2019a pas d\u2019incidences notables sur l\u2019environnement et a d\u00e9cid\u00e9 de ne pas r\u00e9aliser une analyse plus approfondie sur les incidences environnementales et ceci sur avis du Ministre de l\u2019Environnement, du Climat et de la Biodiversit\u00e9, R\u00e9f. D3-25-0226-NS\/2.3 du 22 janvier 2026.<\/p>\n<p>Conform\u00e9ment aux dispositions de la loi modifi\u00e9e du 19 juillet 2004 concernant l\u2019am\u00e9nagement communal et le d\u00e9veloppement urbain, le dossier aff\u00e9rent, ensemble avec toutes les pi\u00e8ces \u00e0 l\u2019appui ainsi que le r\u00e9sum\u00e9 exig\u00e9 par la loi modifi\u00e9e du 22 mai 2008 relative \u00e0 l\u2019\u00e9valuation des incidences de certains plans et programmes sur l\u2019environnement, est d\u00e9pos\u00e9 \u00e0 l\u2019inspection du public \u00e0 l\u2019H\u00f4tel de Ville de Dudelange, au service de l\u2019Architecture et des Domaines, bureau 203, de m\u00eame que sur notre site internet (<a href=\"https:\/\/www.dudelange.lu\">www.dudelange.lu<\/a>) pendant 30 jours, \u00e0 savoir du <strong><u>25 f\u00e9vrier 2026 au <\/u><\/strong><strong><u>27 mars 2026 inclus<\/u><\/strong>.<\/p>\n<ul>\n<li><span style=\"text-decoration: underline;\"><span style=\"color: #ef4030;\"><a style=\"color: #ef4030; text-decoration: underline;\" href=\"https:\/\/sadudelangedata.blob.core.windows.net\/files\/2026\/02\/20260225_VdD_AvisEnq_SAD_D10_PAG_ComE-Rei4Jo.pdf\">Avis au public<\/a><\/span><\/span> (PDF, 1,5 MB)<\/li>\n<li><span style=\"text-decoration: underline;\"><span style=\"color: #ef4030;\"><a style=\"color: #ef4030; text-decoration: underline;\" href=\"https:\/\/sadudelangedata.blob.core.windows.net\/files\/2026\/02\/20260205_ZB_Justificatif_MOPO-PAG-D10-Wolser.pdf\">Projet de modification du PAG<\/a><\/span><\/span> (9,52 MB)<\/li>\n<li><span style=\"text-decoration: underline;\"><span style=\"color: #ef4030;\"><a style=\"color: #ef4030; text-decoration: underline;\" href=\"https:\/\/sadudelangedata.blob.core.windows.net\/files\/2026\/02\/20260213_DelibCC_Saisine_D10_PAG_pepg.pdf\">D\u00e9lib\u00e9ration<\/a><\/span><\/span> (PDF, 259 KB)<\/li>\n<\/ul>\n<p>Une <span style=\"color: #ef4030;\"><strong>r\u00e9union d\u2019information publique<\/strong><\/span> aura lieu le <strong>4 mars 2026 \u00e0 18:30 heures \u00e0 l\u2019H\u00f4tel de Ville <\/strong>dans la<strong> salle Nic Birtz au 1<sup>er<\/sup> \u00e9tage<\/strong>.<\/p>\n<p>End\u00e9ans le d\u00e9lai susvis\u00e9 les observations et objections contre le projet doivent, sous peine de forclusion, \u00eatre pr\u00e9sent\u00e9es par \u00e9crit au coll\u00e8ge des bourgmestre et \u00e9chevin\u00b7es par les personnes int\u00e9ress\u00e9es.<\/p>\n","protected":false},"excerpt":{"rendered":"<p>Modification ponctuelle du PAG Dossier 10 Le coll\u00e8ge des bourgmestre [&hellip;]<\/p>\n","protected":false},"author":8,"featured_media":13947,"parent":22351,"menu_order":0,"comment_status":"closed","ping_status":"closed","template":"","meta":{"footnotes":""},"class_list":["post-22354","page","type-page","status-publish","has-post-thumbnail","hentry"],"publishpress_future_action":{"enabled":false,"date":"2026-04-21 12:29:24","action":"change-status","newStatus":"draft","terms":[],"taxonomy":"","extraData":[]},"publishpress_future_workflow_manual_trigger":{"enabledWorkflows":[]},"_links":{"self":[{"href":"https:\/\/www.dudelange.lu\/index.php\/wp-json\/wp\/v2\/pages\/22354","targetHints":{"allow":["GET"]}}],"collection":[{"href":"https:\/\/www.dudelange.lu\/index.php\/wp-json\/wp\/v2\/pages"}],"about":[{"href":"https:\/\/www.dudelange.lu\/index.php\/wp-json\/wp\/v2\/types\/page"}],"author":[{"embeddable":true,"href":"https:\/\/www.dudelange.lu\/index.php\/wp-json\/wp\/v2\/users\/8"}],"replies":[{"embeddable":true,"href":"https:\/\/www.dudelange.lu\/index.php\/wp-json\/wp\/v2\/comments?post=22354"}],"version-history":[{"count":24,"href":"https:\/\/www.dudelange.lu\/index.php\/wp-json\/wp\/v2\/pages\/22354\/revisions"}],"predecessor-version":[{"id":30087,"href":"https:\/\/www.dudelange.lu\/index.php\/wp-json\/wp\/v2\/pages\/22354\/revisions\/30087"}],"up":[{"embeddable":true,"href":"https:\/\/www.dudelange.lu\/index.php\/wp-json\/wp\/v2\/pages\/22351"}],"wp:featuredmedia":[{"embeddable":true,"href":"https:\/\/www.dudelange.lu\/index.php\/wp-json\/wp\/v2\/media\/13947"}],"wp:attachment":[{"href":"https:\/\/www.dudelange.lu\/index.php\/wp-json\/wp\/v2\/media?parent=22354"}],"curies":[{"name":"wp","href":"https:\/\/api.w.org\/{rel}","templated":true}]}}