{"id":22357,"date":"2023-11-14T09:12:39","date_gmt":"2023-11-14T08:12:39","guid":{"rendered":"https:\/\/www.dudelange.lu\/?page_id=22357"},"modified":"2026-02-24T09:30:04","modified_gmt":"2026-02-24T08:30:04","slug":"pap-qe","status":"publish","type":"page","link":"https:\/\/www.dudelange.lu\/index.php\/pag-pap-qe-modifications-ponctuelles\/pap-qe\/","title":{"rendered":"PAP QE"},"content":{"rendered":"<h5 class=\"fusion-responsive-typography-calculated\" data-fontsize=\"24\" data-lineheight=\"33.6px\"><span style=\"color: #ef4030;\"><strong>MOPO PAP QE Dossier 10<\/strong><\/span><\/h5>\n<p>Conform\u00e9ment \u00e0 l\u2019article 30 de la loi modifi\u00e9e du 19 juillet 2004 concernant l\u2019am\u00e9nagement communal et le d\u00e9veloppement urbain, le coll\u00e8ge des bourgmestre et \u00e9chevin\u00b7es de la Ville de Dudelange porte \u00e0 la connaissance du public qu\u2019il a d\u00e9cid\u00e9, dans sa s\u00e9ance du 13 f\u00e9vrier 2026, la mise en proc\u00e9dure :<\/p>\n<ul>\n<li>du <strong>projet de modification ponctuelle du Plan d\u2019Am\u00e9nagement Particulier \u00ab quartier existant \u00bb (PAP QE) \u2013 <\/strong>partie \u00e9crite, plusieurs articles [Dossier\u00a010], dans le cadre de la modification ponctuelle du PAG de la Ville de Dudelange \u2013 parties \u00e9crite et graphique, concernant le site du PAP ZAE Wolser \u2013 PAP NQ SD-31 [Dossier 10].<\/li>\n<\/ul>\n<p>Le dossier aff\u00e9rent est d\u00e9pos\u00e9 \u00e0 l\u2019inspection du public \u00e0 l\u2019H\u00f4tel de Ville de Dudelange, au service de l\u2019Architecture et des Domaines, bureau 203, de m\u00eame que sur notre site internet (<u>www.dudelange.lu<\/u>) pendant 30 jours, du <strong><u>25 <\/u><\/strong><strong><u>f\u00e9vrier 2026 au <\/u><\/strong><strong><u>27 mars 2026 inclus<\/u><\/strong>.<\/p>\n<ul>\n<li><span style=\"text-decoration: underline;\"><span style=\"color: #ef4030; text-decoration: underline;\"><a style=\"color: #ef4030; text-decoration: underline;\" href=\"https:\/\/sadudelangedata.blob.core.windows.net\/files\/2026\/02\/20260225_VdD_AvisEnq_SAD_D10_PAPQE_ComE-Rei4Jo.pdf\">Avis au public<\/a><\/span><\/span> (PDF, 1,45 MB)<\/li>\n<li><span style=\"text-decoration: underline;\"><span style=\"color: #ef4030; text-decoration: underline;\"><a style=\"color: #ef4030; text-decoration: underline;\" href=\"https:\/\/sadudelangedata.blob.core.windows.net\/files\/2026\/02\/DUDELANGE_Modif.-PAP-QE-10_Justification_2026-02.pdf\">Projet de modification<\/a><\/span><\/span> (PDF, 1,89 MB)<\/li>\n<li><span style=\"text-decoration: underline;\"><span style=\"color: #ef4030;\"><a style=\"color: #ef4030; text-decoration: underline;\" href=\"https:\/\/sadudelangedata.blob.core.windows.net\/files\/2026\/02\/20260213_DelibCE_Extrait_Saisine_D10_PAPQE_pe.pdf\">D\u00e9lib\u00e9ration<\/a><\/span><\/span> (PDF, 167 KB)<\/li>\n<\/ul>\n<p>End\u00e9ans le d\u00e9lais susvis\u00e9 les observations et objections contre le projet doivent, sous peine de forclusion, \u00eatre pr\u00e9sent\u00e9es par \u00e9crit au coll\u00e8ge des bourgmestre et \u00e9chevin\u00b7es par les personnes int\u00e9ress\u00e9es.<\/p>\n<p>Une <strong><span style=\"color: #ef4030;\">r\u00e9union d\u2019information publique<\/span><\/strong> au sujet des <span style=\"text-decoration: underline; color: #ef4030;\"><a style=\"color: #ef4030; text-decoration: underline;\" href=\"https:\/\/www.dudelange.lu\/index.php\/pag-pap-qe-modifications-ponctuelles\/pag-2\/\" target=\"_blank\" rel=\"noopener\">modifications ponctuelles du PAG<\/a><\/span> de la Ville de Dudelange \u2013 parties \u00e9crite et graphique, concernant le site du PAP ZAE Wolser \u2013 PAP NQ SD-31 [Dossier 10] aura lieu <span style=\"color: #3e3e3e;\"><strong>4 mars 2026<\/strong><\/span> \u00e0 18:30 heures \u00e0 l\u2019H\u00f4tel de Ville dans la salle Nic Birtz au 1er \u00e9tage.<\/p>\n","protected":false},"excerpt":{"rendered":"<p>MOPO PAP QE Dossier 10 Conform\u00e9ment \u00e0 l\u2019article 30 de [&hellip;]<\/p>\n","protected":false},"author":8,"featured_media":13947,"parent":22351,"menu_order":0,"comment_status":"closed","ping_status":"closed","template":"","meta":{"footnotes":""},"class_list":["post-22357","page","type-page","status-publish","has-post-thumbnail","hentry"],"publishpress_future_action":{"enabled":false,"date":"2026-05-01 00:08:50","action":"change-status","newStatus":"draft","terms":[],"taxonomy":"","extraData":[]},"publishpress_future_workflow_manual_trigger":{"enabledWorkflows":[]},"_links":{"self":[{"href":"https:\/\/www.dudelange.lu\/index.php\/wp-json\/wp\/v2\/pages\/22357","targetHints":{"allow":["GET"]}}],"collection":[{"href":"https:\/\/www.dudelange.lu\/index.php\/wp-json\/wp\/v2\/pages"}],"about":[{"href":"https:\/\/www.dudelange.lu\/index.php\/wp-json\/wp\/v2\/types\/page"}],"author":[{"embeddable":true,"href":"https:\/\/www.dudelange.lu\/index.php\/wp-json\/wp\/v2\/users\/8"}],"replies":[{"embeddable":true,"href":"https:\/\/www.dudelange.lu\/index.php\/wp-json\/wp\/v2\/comments?post=22357"}],"version-history":[{"count":21,"href":"https:\/\/www.dudelange.lu\/index.php\/wp-json\/wp\/v2\/pages\/22357\/revisions"}],"predecessor-version":[{"id":30091,"href":"https:\/\/www.dudelange.lu\/index.php\/wp-json\/wp\/v2\/pages\/22357\/revisions\/30091"}],"up":[{"embeddable":true,"href":"https:\/\/www.dudelange.lu\/index.php\/wp-json\/wp\/v2\/pages\/22351"}],"wp:featuredmedia":[{"embeddable":true,"href":"https:\/\/www.dudelange.lu\/index.php\/wp-json\/wp\/v2\/media\/13947"}],"wp:attachment":[{"href":"https:\/\/www.dudelange.lu\/index.php\/wp-json\/wp\/v2\/media?parent=22357"}],"curies":[{"name":"wp","href":"https:\/\/api.w.org\/{rel}","templated":true}]}}