{"id":2268,"date":"2021-08-23T15:42:04","date_gmt":"2021-08-23T14:42:04","guid":{"rendered":"http:\/\/app-dudelange-dev.azurewebsites.net\/?page_id=2268"},"modified":"2021-12-15T14:01:19","modified_gmt":"2021-12-15T13:01:19","slug":"armoiries","status":"publish","type":"page","link":"https:\/\/www.dudelange.lu\/index.php\/armoiries\/","title":{"rendered":"Armoiries"},"content":{"rendered":"<p><strong>\u200b\u200bDescription h\u00e9raldique: d&rsquo;or au lion de sable<\/strong><\/p>\n<p>Armoiries conf\u00e9r\u00e9es par arr\u00eat\u00e9 grand-ducal du 4 ao\u00fbt 1908, d&rsquo;apr\u00e8s un projet de N. van Werweke.<\/p>\n<p>\u00ab\u00a0Les armoiries communales constituent une variation sur la base de celles de l&rsquo;ancienne famille de Dudelange &#8211; d&rsquo;argent au lion de gueules couronn\u00e9 d&rsquo;or. En fait, l&rsquo;administration communale avait demand\u00e9 \u00e0 se faire conc\u00e9der les armes &lsquo;d&rsquo;or au lion couronn\u00e9 de sable&rsquo;, parce qu&rsquo;elle croyait qu&rsquo;il s&rsquo;agissait l\u00e0 des armes des Dudelange. Il faut encore soulever que le lion \u00e0 queue fourchue et pass\u00e9e en sautoir souvent arbor\u00e9, depuis 1950 environ, par la ville de Dudelange, non seulement ne correspond pas aux armoiries officielles, mais encore n&rsquo;est justifi\u00e9e d&rsquo;aucune mani\u00e8re. Il s&rsquo;agit en l&rsquo;esp\u00e8ce des suites funestes d&rsquo;une argumentation (fausse) qui voulait que tous les lions que l&rsquo;on pouvait trouver au Luxembourg dussent avoir la queue fourchue et pass\u00e9e en sautoir. De m\u00eame est erron\u00e9e la pratique, signal\u00e9e en 1982, de repr\u00e9senter le lion &lsquo;arm\u00e9 et lampass\u00e9 de gueules&rsquo;. (Armorial communal du Grand-Duch\u00e9 de Luxembourg, Dr Jean-Claude Loutsch, 1989, pages 82 et 83.)<\/p>\n<p>\u200b[Explications des termes de l&rsquo;h\u00e9raldique: sable = noir, la couleur de la zibeline; arm\u00e9 = garni, pourvu de, muni de; lampass\u00e9 = dont la langue est d&rsquo;un \u00e9mail particulier; gueules = la couleur rouge de l&rsquo;\u00e9cu; fourch\u00e9 = divis\u00e9 en 2 parties; en sautoir = dispos\u00e9 en X]\u200b<\/p>\n","protected":false},"excerpt":{"rendered":"<p>\u200b\u200bDescription h\u00e9raldique: d&rsquo;or au lion de sable Armoiries conf\u00e9r\u00e9es par [&hellip;]<\/p>\n","protected":false},"author":2,"featured_media":2272,"parent":0,"menu_order":0,"comment_status":"closed","ping_status":"closed","template":"","meta":{"footnotes":""},"class_list":["post-2268","page","type-page","status-publish","has-post-thumbnail","hentry"],"publishpress_future_action":{"enabled":false,"date":"2026-04-21 12:12:39","action":"change-status","newStatus":"draft","terms":[],"taxonomy":"","extraData":[]},"publishpress_future_workflow_manual_trigger":{"enabledWorkflows":[]},"_links":{"self":[{"href":"https:\/\/www.dudelange.lu\/index.php\/wp-json\/wp\/v2\/pages\/2268","targetHints":{"allow":["GET"]}}],"collection":[{"href":"https:\/\/www.dudelange.lu\/index.php\/wp-json\/wp\/v2\/pages"}],"about":[{"href":"https:\/\/www.dudelange.lu\/index.php\/wp-json\/wp\/v2\/types\/page"}],"author":[{"embeddable":true,"href":"https:\/\/www.dudelange.lu\/index.php\/wp-json\/wp\/v2\/users\/2"}],"replies":[{"embeddable":true,"href":"https:\/\/www.dudelange.lu\/index.php\/wp-json\/wp\/v2\/comments?post=2268"}],"version-history":[{"count":2,"href":"https:\/\/www.dudelange.lu\/index.php\/wp-json\/wp\/v2\/pages\/2268\/revisions"}],"predecessor-version":[{"id":3684,"href":"https:\/\/www.dudelange.lu\/index.php\/wp-json\/wp\/v2\/pages\/2268\/revisions\/3684"}],"wp:featuredmedia":[{"embeddable":true,"href":"https:\/\/www.dudelange.lu\/index.php\/wp-json\/wp\/v2\/media\/2272"}],"wp:attachment":[{"href":"https:\/\/www.dudelange.lu\/index.php\/wp-json\/wp\/v2\/media?parent=2268"}],"curies":[{"name":"wp","href":"https:\/\/api.w.org\/{rel}","templated":true}]}}