{"id":2285,"date":"2021-08-23T16:26:51","date_gmt":"2021-08-23T15:26:51","guid":{"rendered":"http:\/\/app-dudelange-dev.azurewebsites.net\/?page_id=2285"},"modified":"2025-11-20T14:16:04","modified_gmt":"2025-11-20T13:16:04","slug":"hotel-de-ville","status":"publish","type":"page","link":"https:\/\/www.dudelange.lu\/index.php\/hotel-de-ville\/","title":{"rendered":"H\u00f4tel de ville"},"content":{"rendered":"<p>\u200b\u200bEn 1928, le conseil communal a pris la d\u00e9cision de construire un nouvel H\u00f4tel de Ville, et ceci en face de l&rsquo;ancienne maison communale qui a \u00e9t\u00e9 d\u00e9molie par la suite et qui abrite aujourd&rsquo;hui e.a. la Banque et Caisse d&rsquo;\u00c9pargne de l&rsquo;\u00c9tat.<\/p>\n<p>Le terrain, d&rsquo;une superficie totale de 1,5 ha, a \u00e9t\u00e9 c\u00e9d\u00e9 par le Comte de Bertier au prix de 1,5 mio de LUF. L&rsquo;id\u00e9e du b\u00e2timent a \u00e9t\u00e9 \u00e9labor\u00e9e par les architectes J. Haal et G. Schopen. L&rsquo;ex\u00e9cution des plans revient \u00e0 l&rsquo;architecte Joseph Ruckert qui a charg\u00e9 e.a. l&rsquo;entreprise Reimen &amp; Fils de Dudelange des travaux de construction, la firme Neisius de Dudelange des travaux de peinture et l&rsquo;Atelier Linster de Mondorf de la confection des vitraux d&rsquo;art dans la cage d&rsquo;escalier. Les travaux de construction ont dur\u00e9 2 ann\u00e9es.<\/p>\n<p>La nouvelle construction a \u00e9t\u00e9 inaugur\u00e9e de 5 juin 1932 par le bourgmestre Emile Ludwig et les \u00e9chevins Eug\u00e8ne Conrad et Nicolas Biever. \u200b\u200b<\/p>\n<p>&nbsp;<\/p>\n<ul>\n<li><span style=\"text-decoration: underline;\"><span style=\"color: #ef4030; text-decoration: underline;\"><a style=\"color: #ef4030; text-decoration: underline;\" href=\"https:\/\/sadudelangedata.blob.core.windows.net\/files\/2021\/08\/Inauguration-Hotel-de-Ville.pdf\" target=\"_blank\" rel=\"noopener\"><span class=\"ms-rteStyle-linkDownload\">Brochure originale \u00e9dit\u00e9e \u00e0 l&rsquo;occasion des festivit\u00e9s d&rsquo;inauguration du 5 juin 1932<\/span><\/a><\/span><\/span> (PDF, 2,9 MB)<\/li>\n<\/ul>\n","protected":false},"excerpt":{"rendered":"<p>\u200b\u200bEn 1928, le conseil communal a pris la d\u00e9cision de [&hellip;]<\/p>\n","protected":false},"author":2,"featured_media":2286,"parent":0,"menu_order":0,"comment_status":"closed","ping_status":"closed","template":"","meta":{"footnotes":""},"class_list":["post-2285","page","type-page","status-publish","has-post-thumbnail","hentry"],"publishpress_future_action":{"enabled":false,"date":"2026-05-13 06:42:04","action":"change-status","newStatus":"draft","terms":[],"taxonomy":"","extraData":[]},"publishpress_future_workflow_manual_trigger":{"enabledWorkflows":[]},"_links":{"self":[{"href":"https:\/\/www.dudelange.lu\/index.php\/wp-json\/wp\/v2\/pages\/2285","targetHints":{"allow":["GET"]}}],"collection":[{"href":"https:\/\/www.dudelange.lu\/index.php\/wp-json\/wp\/v2\/pages"}],"about":[{"href":"https:\/\/www.dudelange.lu\/index.php\/wp-json\/wp\/v2\/types\/page"}],"author":[{"embeddable":true,"href":"https:\/\/www.dudelange.lu\/index.php\/wp-json\/wp\/v2\/users\/2"}],"replies":[{"embeddable":true,"href":"https:\/\/www.dudelange.lu\/index.php\/wp-json\/wp\/v2\/comments?post=2285"}],"version-history":[{"count":5,"href":"https:\/\/www.dudelange.lu\/index.php\/wp-json\/wp\/v2\/pages\/2285\/revisions"}],"predecessor-version":[{"id":29262,"href":"https:\/\/www.dudelange.lu\/index.php\/wp-json\/wp\/v2\/pages\/2285\/revisions\/29262"}],"wp:featuredmedia":[{"embeddable":true,"href":"https:\/\/www.dudelange.lu\/index.php\/wp-json\/wp\/v2\/media\/2286"}],"wp:attachment":[{"href":"https:\/\/www.dudelange.lu\/index.php\/wp-json\/wp\/v2\/media?parent=2285"}],"curies":[{"name":"wp","href":"https:\/\/api.w.org\/{rel}","templated":true}]}}