{"id":2299,"date":"2021-08-23T16:50:03","date_gmt":"2021-08-23T15:50:03","guid":{"rendered":"http:\/\/app-dudelange-dev.azurewebsites.net\/?page_id=2299"},"modified":"2021-08-23T16:55:18","modified_gmt":"2021-08-23T15:55:18","slug":"une-ville-se-presente","status":"publish","type":"page","link":"https:\/\/www.dudelange.lu\/index.php\/une-ville-se-presente\/","title":{"rendered":"Une ville se pr\u00e9sente"},"content":{"rendered":"<p><strong>\u200b\u200b\u200bDUDELANGE, VILLE DYNAMIQUE\u00a0<\/strong><\/p>\n<p>Dudelange, autrefois nomm\u00e9e \u00ab Forge du sud \u00bb, a connu une histoire mouvement\u00e9e, celle d\u2019une cit\u00e9 industrielle qui a connu bien des hauts et des bas. Mais la ferme volont\u00e9 des autorit\u00e9s communales d\u2019investir dans les infrastructures urbaines, la foi dans l\u2019avenir partag\u00e9e par tous les habitants de la ville, a permis \u00e0 cette ville du sud de conserver et m\u00eame d\u2019am\u00e9liorer une qualit\u00e9 de vie in\u00e9galable.<\/p>\n<p>Aujourd&rsquo;hui, Dudelange conjugue ses atouts principaux au pluriel. Comptant plus de 21 000 habitants en 2021 (quatri\u00e8me plus grande ville du pays) avec une proportion d\u2019\u00e9trangers de plus de 40% de la population locale, Dudelange aspire \u00e0 une croissance durable. R\u00e9unissant les ressortissants de plus de 100 nationalit\u00e9s diff\u00e9rentes, la ville constitue un bel exemple de communaut\u00e9 multiculturelle r\u00e9ussie. Elle a su red\u00e9ployer avec succ\u00e8s son \u00e9conomie qui s\u2019est d\u00e9velopp\u00e9e dans le sens de la diversification, en gardant son caract\u00e8re industriel et commer\u00e7ant.<\/p>\n<p><strong>DUDELANGE, VILLE DES CULTURES\u00a0<\/strong><\/p>\n<p>L\u2019effort culturel fourni par la Ville de Dudelange a \u00e9t\u00e9 exceptionnel au cours des vingt derni\u00e8res ann\u00e9es. Du c\u00f4t\u00e9 des institutions culturelles, on peut relever notamment le ccrd opderschmelz et sa programmation hors du commun : jazz, musiques du monde, rock, blues, live cin\u00e9ma, th\u00e9\u00e2tre contemporain, spectacles de danse\u2026.des manifestations en tout genre et pour tous les publics qui ont fond\u00e9 la r\u00e9putation de l&rsquo;action culturelle dudelangeoise. Les festivals tels que Touch of Noir, the Singer Songwriter, Like a Jazz Machine et le festival de percussion continuent \u00e0 renforcer la position particuli\u00e8re du CCRD opderschmelz dans le paysage culturel de la Grande R\u00e9gion et du pays.<\/p>\n<p>Les grandes manifestations populaires, telles que le festival de musique celtique Zeltik, la F\u00eate de la Musique, le festival international de musique d\u2019orgue, le Summerstage, la f\u00eate m\u00e9di\u00e9vale Buergfest, le March\u00e9 du Monde, la F\u00eate des Cultures et le march\u00e9 de Noel m\u00e9di\u00e9val offrent \u00e9galement des plateaux exceptionnels \u00e0 des ensembles r\u00e9put\u00e9s.<\/p>\n<p>S\u2019ajoutent \u00e0 cela le Centre d\u2019art Dominique Lang consacr\u00e9 aux expositions d\u2019art contemporain et le Centre d\u2019art Nei Liicht d\u00e9di\u00e9 \u00e0 l\u2019art audiovisuel et \u00e0 la photographie contemporaine. Le Centre de Documentation sur les Migrations Humaines organise r\u00e9guli\u00e8rement des expositions th\u00e9matiques sur les migrations dans le contexte historique, \u00e9conomique, social et g\u00e9ographique du Grand-Duch\u00e9 et des r\u00e9gions voisines. Le mus\u00e9e municipal, abrite quant \u00e0 lui une collection d\u2019objets pr\u00e9cieux provenant en majeure partie des fouilles arch\u00e9ologiques effectu\u00e9es sur le Mont Saint-Jean, \u00e0 proximit\u00e9 des vestiges restaur\u00e9s de l\u2019ancien ch\u00e2teau.<\/p>\n<p><strong>DUDELANGE, VILLE VERTE\u00a0<\/strong><\/p>\n<p>La Ville de Dudelange a la chance d\u2019\u00eatre entour\u00e9e par une nature florissante et de profiter pleinement des nombreux espaces verts diss\u00e9min\u00e9s partout dans la ville.<\/p>\n<p>L<span class=\"ms-rteThemeForeColor-2-0\">e\u00a0<\/span><span class=\"ms-rteStyle-IntenseEmphasis\"><span class=\"ms-rteThemeForeColor-2-0\">Parc Emile Mayrisch<\/span><\/span><span class=\"ms-rteThemeForeColor-2-0\">, grand espace vert au centre de Dudelange\u2026 Le\u00a0r\u00e9am\u00e9nagement de ce parc a abouti \u00e0 la cr\u00e9ation d\u2019un grand espace vert en jonction directe avec le c\u0153ur de la ville. Il comporte des fontaines d&rsquo;eau, une grande aire de jeux pour les enfants ainsi qu&rsquo;une buvette et une grande terrasse o\u00f9 se restaurer. Le parc a fait l&rsquo;objet d&rsquo;une nouvelle extension qui englobe notamment le b\u00e2timent du Centre d&rsquo;Art Nei Liicht et du Mus\u00e9e des Enr\u00f4l\u00e9s de Force, la Maison des Jeunes, et les alentours. Une piste cyclable m\u00e8ne du quartier Brill en direction du centre.<\/span><\/p>\n<p><span class=\"ms-rteThemeForeColor-2-0\">Dans le\u00a0<\/span><span class=\"ms-rteStyle-IntenseEmphasis\"><span class=\"ms-rteThemeForeColor-2-0\">Parc Le&rsquo;h<\/span><\/span><span class=\"ms-rteThemeForeColor-2-0\">\u00a0on trouve l\u2019Adventure Parc, un des plus grands accrobranches du pays, ainsi qu\u2019un parcours ludique pour enfants comportant douze stations p\u00e9dagogiques.\u00a0<\/span><\/p>\n<p><span class=\"ms-rteThemeForeColor-2-0\">Sur la place Marc Zanussi, le kiosque d\u00e9cor\u00e9 de bas-relief de l\u2019artiste dudelangeois Frantz Kinnen se pr\u00eate \u00e0 merveille pour les manifestations culturelles en plein air dans le cadre du \u00ab\u00a0Summerstage\u00a0\u00bb.\u00a0<\/span><\/p>\n<p><span class=\"ms-rteThemeForeColor-2-0\">De nouveaux domaines de r\u00e9cr\u00e9ation s\u2019ajoutent \u00e0 la palette des loisirs : l&rsquo;aire de repos am\u00e9nag\u00e9e au lieu-dit \u00ab Greisendall \u00bb et le petit parc<br \/>\n\u00ab Casino \u00bb, le \u00ab Pettechershaischen \u00bb au Parc Le\u2019h, le \u00ab V\u00e9ierh\u00e4remaark \u00bb dans la for\u00eat Wal, e.a.\u00a0<\/span><\/p>\n<p><span class=\"ms-rteThemeForeColor-2-0\">La Ville de Dudelange est entour\u00e9e de for\u00eats qui permettent les plus jolies randonn\u00e9es : la r\u00e9serve naturelle Haard, le \u00ab Ginzebierg \u00bb, rep\u00e9rable de loin par l\u2019antenne \u00e9mettrice de radio\/t\u00e9l\u00e9vision d\u2019une hauteur de 300m, et le Mont St-Jean avec les ruines restaur\u00e9es du ch\u00e2teau.\u00a0<\/span><\/p>\n<p>Class\u00e9e zone prot\u00e9g\u00e9e, d\u2019une superficie de 198 hectares, la\u00a0<span class=\"ms-rteStyle-IntenseEmphasis\"><span class=\"ms-rteThemeForeColor-2-0\">r\u00e9serve naturelle Haard<\/span><\/span>\u00a0fait partie d\u2019un site naturel de 600 hectares, le plus vaste du pays. Elle s\u2019\u00e9tend sur le territoire des trois communes de Dudelange, Kayl et Rumelange. Magnifiques promenades, parcours auto-p\u00e9destres et sentiers p\u00e9dagogiques dans une v\u00e9g\u00e9tation foresti\u00e8re abondante.<\/p>\n<p><strong>DUDELANGE, VILLE DES SPORTS\u00a0<\/strong><\/p>\n<p>Sports et loisirs peuvent s&rsquo;\u00e9panouir dans un environnement favorable, gr\u00e2ce notamment aux diff\u00e9rentes infrastructures en plein air ou indoor construites au fil des ann\u00e9es.<\/p>\n<p>Dans le domaine des infrastructures sportives communales, le Centre sportif Ren\u00e9 Hartmann constitue la pi\u00e8ce ma\u00eetresse. Son caract\u00e8re polyvalent et multifonctionnel repose sur une large gamme d\u2019activit\u00e9s sportives indoor les plus pris\u00e9es et les plus d\u00e9velopp\u00e9es \u00e0 l\u2019heure actuelle, que ce soit le mur d\u2019escalade, la piscine couverte ou celle en plein air.<\/p>\n<p>Les installations publiques nombreuses qui comprennent notamment les gymnases, les diff\u00e9rents stades de football, les terrains multi-sports et les piscines, font r\u00e9guli\u00e8rement l\u2019objet d\u2019am\u00e9liorations, de r\u00e9am\u00e9nagements et de modernisations n\u00e9cessaires pour optimiser l\u2019exercice des activit\u00e9s sportives tr\u00e8s vari\u00e9es qui se pratiquent \u00e0 Dudelange. Celles-ci sont en outre pens\u00e9es pour l&rsquo;ensemble des g\u00e9n\u00e9rations, du skatepark pour les jeunes aux \u00e9quipements de fitness pour les seniors.<\/p>\n<p>Au niveau associatif, une palette impressionnante d\u2019activit\u00e9s sportives s\u2019offre \u00e0 la population. Les associations sportives de Dudelange se distinguent par leur encadrement comp\u00e9tent et par leurs performances remarquables lors des grandes comp\u00e9titions et des tournois sportifs.<\/p>\n<p>\u200bNotons en passant que la ville compte pr\u00e8s de 220 clubs et associations. Les clubs sportifs de Dudelange comptent parmi les plus comp\u00e9titifs du pays et Dudelange est couramment d\u00e9sign\u00e9e comme capitale des sports d\u2019\u00e9quipe au Luxembourg.<\/p>\n<p><strong>DUDELANGE CONTINUE DE SE TRANSFORMER<\/strong><\/p>\n<p>Dudelange continue de se transformer harmonieusement en une agglom\u00e9ration en pleine expansion d\u00e9mographique et \u00e9conomique. Les nombreux projets en cours et \u00e0 venir soulignent encore la volont\u00e9 de la ville de garantir sa grande qualit\u00e9 de vie aux g\u00e9n\u00e9rations futures tout en permettant aux g\u00e9n\u00e9rations plus \u00e2g\u00e9es de reconna\u00eetre le vieux Dudelange dans ses traits essentiels.<\/p>\n<p>Dudelange conduit les projets \u00e0 hauteur de ses ambitions. Le centre-ville a chang\u00e9 de visage : d\u2019un c\u00f4t\u00e9 le \u00ab Shared Space \u00bb qui consiste \u00e0 faire cohabiter les diff\u00e9rents modes de transport, avec un accent mis principalement sur la mobilit\u00e9 douce. Si l\u2019objectif est un comportement plus courtois des uns envers les autres, il est clairement aussi de donner au quartier un caract\u00e8re plus agr\u00e9able \u00e0 vivre, plus accueillant et plus convivial.<\/p>\n<p>\u00ab Am Duerf \u00bb, le projet d\u2019envergure qui dynamise la vie commerciale ! Ici aussi, de par des b\u00e2timents modernes et accueillants, la vie au centre-ville gagne largement en qualit\u00e9 de vie.<\/p>\n<p>Le quartier Lenkeschl\u00e9i a vu sortir de terre une toute nouvelle aire : de nouvelles r\u00e9sidences et des maisons unifamiliales y sont install\u00e9es, ainsi qu&rsquo;une \u00e9cole, une maison relais et un gymnase, le tout avec un concept d\u2019\u00e9nergie passive.\u200b<\/p>\n","protected":false},"excerpt":{"rendered":"<p>\u200b\u200b\u200bDUDELANGE, VILLE DYNAMIQUE\u00a0 Dudelange, autrefois nomm\u00e9e \u00ab Forge du sud [&hellip;]<\/p>\n","protected":false},"author":2,"featured_media":2308,"parent":0,"menu_order":0,"comment_status":"closed","ping_status":"closed","template":"","meta":{"footnotes":""},"class_list":["post-2299","page","type-page","status-publish","has-post-thumbnail","hentry"],"publishpress_future_action":{"enabled":false,"date":"2026-05-02 14:14:36","action":"change-status","newStatus":"draft","terms":[],"taxonomy":"","extraData":[]},"publishpress_future_workflow_manual_trigger":{"enabledWorkflows":[]},"_links":{"self":[{"href":"https:\/\/www.dudelange.lu\/index.php\/wp-json\/wp\/v2\/pages\/2299","targetHints":{"allow":["GET"]}}],"collection":[{"href":"https:\/\/www.dudelange.lu\/index.php\/wp-json\/wp\/v2\/pages"}],"about":[{"href":"https:\/\/www.dudelange.lu\/index.php\/wp-json\/wp\/v2\/types\/page"}],"author":[{"embeddable":true,"href":"https:\/\/www.dudelange.lu\/index.php\/wp-json\/wp\/v2\/users\/2"}],"replies":[{"embeddable":true,"href":"https:\/\/www.dudelange.lu\/index.php\/wp-json\/wp\/v2\/comments?post=2299"}],"version-history":[{"count":0,"href":"https:\/\/www.dudelange.lu\/index.php\/wp-json\/wp\/v2\/pages\/2299\/revisions"}],"wp:featuredmedia":[{"embeddable":true,"href":"https:\/\/www.dudelange.lu\/index.php\/wp-json\/wp\/v2\/media\/2308"}],"wp:attachment":[{"href":"https:\/\/www.dudelange.lu\/index.php\/wp-json\/wp\/v2\/media?parent=2299"}],"curies":[{"name":"wp","href":"https:\/\/api.w.org\/{rel}","templated":true}]}}