{"id":23321,"date":"2024-02-05T15:15:06","date_gmt":"2024-02-05T14:15:06","guid":{"rendered":"https:\/\/www.dudelange.lu\/?page_id=23321"},"modified":"2026-02-09T16:33:15","modified_gmt":"2026-02-09T15:33:15","slug":"lieux-mariage-pacs","status":"publish","type":"page","link":"https:\/\/www.dudelange.lu\/index.php\/demarches-administratives\/lieux-mariage-pacs\/","title":{"rendered":"Lieux pour c\u00e9l\u00e9brer un mariage civil\/PACS"},"content":{"rendered":"<p>Vous pr\u00e9voyez de vous marier ou de vous pacser (partenariat enregistr\u00e9) ?<br \/>\nVous avez le choix du lieu de votre union !<\/p>\n<p>Le mariage civil ou le partenariat enregistr\u00e9 sont l\u2019un des \u00e9v\u00e9nements cl\u00e9s de la vie d\u2019un couple. L\u2018union ne peut \u00eatre c\u00e9l\u00e9br\u00e9e que dans la commune o\u00f9 l\u2019un\u00b7e des futur\u00b7es \u00e9poux\u00b7ses a son domicile l\u00e9gal.<\/p>\n<p>Depuis 2022, les mariages et les partenariats peuvent \u00e9galement \u00eatre c\u00e9l\u00e9br\u00e9s en dehors de l\u2018H\u00f4tel de Ville. La Ville de Dudelange vous permet d\u00e8s \u00e0 pr\u00e9sent de c\u00e9l\u00e9brer votre mariage ou votre partenariat civil dans d\u2019autres lieux pleins de charme.<\/p>\n<p>&nbsp;<\/p>\n<p><strong>CH\u00c2TEAU D&rsquo;EAU<\/strong><\/p>\n<p><img decoding=\"async\" class=\"lazyload  wp-image-13624\" src=\"data:image\/svg+xml,%3Csvg%20xmlns%3D%27http%3A%2F%2Fwww.w3.org%2F2000%2Fsvg%27%20width%3D%27371%27%20height%3D%27130%27%20viewBox%3D%270%200%20371%20130%27%3E%3Crect%20width%3D%27371%27%20height%3D%27130%27%20fill-opacity%3D%220%22%2F%3E%3C%2Fsvg%3E\" data-orig-src=\"https:\/\/sadudelangedata.blob.core.windows.net\/files\/2021\/10\/culture-tour-eau.png\" alt=\"Tour d'eau\" width=\"371\" height=\"130\" \/><\/p>\n<ul>\n<li>Max. 8 personnes<\/li>\n<li>Adresse: 1B, rue du Centenaire, L-3475 Dudelange<\/li>\n<li><img decoding=\"async\" class=\"lazyload \" src=\"data:image\/svg+xml,%3Csvg%20xmlns%3D%27http%3A%2F%2Fwww.w3.org%2F2000%2Fsvg%27%20width%3D%2714%27%20height%3D%2714%27%20viewBox%3D%270%200%2014%2014%27%3E%3Crect%20width%3D%2714%27%20height%3D%2714%27%20fill-opacity%3D%220%22%2F%3E%3C%2Fsvg%3E\" data-orig-src=\"https:\/\/miro.medium.com\/v2\/resize:fit:512\/1*GmMuqRe8cLZeKfT9fBP9Lg.jpeg\" alt=\"When You Can't Check a Checkbox using Capybara | by Rob Bazinet | Medium\" width=\"14\" height=\"14\" \/> Accessible aux personnes \u00e0 mobilit\u00e9 r\u00e9duite<\/li>\n<li><img decoding=\"async\" class=\"lazyload \" src=\"data:image\/svg+xml,%3Csvg%20xmlns%3D%27http%3A%2F%2Fwww.w3.org%2F2000%2Fsvg%27%20width%3D%2714%27%20height%3D%2714%27%20viewBox%3D%270%200%2014%2014%27%3E%3Crect%20width%3D%2714%27%20height%3D%2714%27%20fill-opacity%3D%220%22%2F%3E%3C%2Fsvg%3E\" data-orig-src=\"https:\/\/miro.medium.com\/v2\/resize:fit:512\/1*GmMuqRe8cLZeKfT9fBP9Lg.jpeg\" alt=\"When You Can't Check a Checkbox using Capybara | by Rob Bazinet | Medium\" width=\"14\" height=\"14\" \/> Parking<\/li>\n<li><img decoding=\"async\" class=\"lazyload \" src=\"data:image\/svg+xml,%3Csvg%20xmlns%3D%27http%3A%2F%2Fwww.w3.org%2F2000%2Fsvg%27%20width%3D%2714%27%20height%3D%2714%27%20viewBox%3D%270%200%2014%2014%27%3E%3Crect%20width%3D%2714%27%20height%3D%2714%27%20fill-opacity%3D%220%22%2F%3E%3C%2Fsvg%3E\" data-orig-src=\"https:\/\/miro.medium.com\/v2\/resize:fit:512\/1*GmMuqRe8cLZeKfT9fBP9Lg.jpeg\" alt=\"When You Can't Check a Checkbox using Capybara | by Rob Bazinet | Medium\" width=\"14\" height=\"14\" \/> Proche des transports en commun: train &amp; bus<\/li>\n<li><img decoding=\"async\" class=\"lazyload \" src=\"data:image\/svg+xml,%3Csvg%20xmlns%3D%27http%3A%2F%2Fwww.w3.org%2F2000%2Fsvg%27%20width%3D%2714%27%20height%3D%2714%27%20viewBox%3D%270%200%2014%2014%27%3E%3Crect%20width%3D%2714%27%20height%3D%2714%27%20fill-opacity%3D%220%22%2F%3E%3C%2Fsvg%3E\" data-orig-src=\"https:\/\/miro.medium.com\/v2\/resize:fit:512\/1*GmMuqRe8cLZeKfT9fBP9Lg.jpeg\" alt=\"When You Can't Check a Checkbox using Capybara | by Rob Bazinet | Medium\" width=\"14\" height=\"14\" \/> V\u00ebl&rsquo;Ok &amp; parking \u00e0 v\u00e9lo<\/li>\n<\/ul>\n<p>&nbsp;<\/p>\n<p><strong>POMHOUSE<br \/>\n<\/strong><br \/>\n<img decoding=\"async\" class=\"lazyload  wp-image-13625\" src=\"data:image\/svg+xml,%3Csvg%20xmlns%3D%27http%3A%2F%2Fwww.w3.org%2F2000%2Fsvg%27%20width%3D%27370%27%20height%3D%27130%27%20viewBox%3D%270%200%20370%20130%27%3E%3Crect%20width%3D%27370%27%20height%3D%27130%27%20fill-opacity%3D%220%22%2F%3E%3C%2Fsvg%3E\" data-orig-src=\"https:\/\/sadudelangedata.blob.core.windows.net\/files\/2021\/10\/culture-pomhouse1.png\" alt=\"Tour d'eau et pomhouse\" width=\"370\" height=\"130\" \/><\/p>\n<ul>\n<li>Max. 50 personnes<\/li>\n<li>Adresse: 1B, rue du Centenaire, L-3475 Dudelange<\/li>\n<li><img decoding=\"async\" class=\"lazyload \" src=\"data:image\/svg+xml,%3Csvg%20xmlns%3D%27http%3A%2F%2Fwww.w3.org%2F2000%2Fsvg%27%20width%3D%2714%27%20height%3D%2714%27%20viewBox%3D%270%200%2014%2014%27%3E%3Crect%20width%3D%2714%27%20height%3D%2714%27%20fill-opacity%3D%220%22%2F%3E%3C%2Fsvg%3E\" data-orig-src=\"https:\/\/miro.medium.com\/v2\/resize:fit:512\/1*GmMuqRe8cLZeKfT9fBP9Lg.jpeg\" alt=\"When You Can't Check a Checkbox using Capybara | by Rob Bazinet | Medium\" width=\"14\" height=\"14\" \/> Parking<\/li>\n<li><img decoding=\"async\" class=\"lazyload \" src=\"data:image\/svg+xml,%3Csvg%20xmlns%3D%27http%3A%2F%2Fwww.w3.org%2F2000%2Fsvg%27%20width%3D%2714%27%20height%3D%2714%27%20viewBox%3D%270%200%2014%2014%27%3E%3Crect%20width%3D%2714%27%20height%3D%2714%27%20fill-opacity%3D%220%22%2F%3E%3C%2Fsvg%3E\" data-orig-src=\"https:\/\/miro.medium.com\/v2\/resize:fit:512\/1*GmMuqRe8cLZeKfT9fBP9Lg.jpeg\" alt=\"When You Can't Check a Checkbox using Capybara | by Rob Bazinet | Medium\" width=\"14\" height=\"14\" \/> Proche des transports en commun: train &amp; bus<\/li>\n<li><img decoding=\"async\" class=\"lazyload \" src=\"data:image\/svg+xml,%3Csvg%20xmlns%3D%27http%3A%2F%2Fwww.w3.org%2F2000%2Fsvg%27%20width%3D%2714%27%20height%3D%2714%27%20viewBox%3D%270%200%2014%2014%27%3E%3Crect%20width%3D%2714%27%20height%3D%2714%27%20fill-opacity%3D%220%22%2F%3E%3C%2Fsvg%3E\" data-orig-src=\"https:\/\/miro.medium.com\/v2\/resize:fit:512\/1*GmMuqRe8cLZeKfT9fBP9Lg.jpeg\" alt=\"When You Can't Check a Checkbox using Capybara | by Rob Bazinet | Medium\" width=\"14\" height=\"14\" \/> V\u00ebl&rsquo;Ok &amp; parking \u00e0 v\u00e9lo<\/li>\n<\/ul>\n<p>&nbsp;<\/p>\n<p><strong>PETIT AUDITOIRE &#8211; CENTRE CULTUREL OPDERSCHMELZ<\/strong><\/p>\n<p><img decoding=\"async\" class=\"lazyload  wp-image-3100\" src=\"data:image\/svg+xml,%3Csvg%20xmlns%3D%27http%3A%2F%2Fwww.w3.org%2F2000%2Fsvg%27%20width%3D%27371%27%20height%3D%27130%27%20viewBox%3D%270%200%20371%20130%27%3E%3Crect%20width%3D%27371%27%20height%3D%27130%27%20fill-opacity%3D%220%22%2F%3E%3C%2Fsvg%3E\" data-orig-src=\"https:\/\/sadudelangedata.blob.core.windows.net\/files\/2021\/09\/614308eb3ced9-614308eb3cedbccrd-1.jpg.jpg\" alt=\"centre culturel opderschmelz\" width=\"371\" height=\"130\" \/><\/p>\n<ul>\n<li>Max. 50 personnes<\/li>\n<li>Adresse: 1A, rue du Centenaire, L-3475 Dudelange<\/li>\n<li><img decoding=\"async\" class=\"lazyload \" src=\"data:image\/svg+xml,%3Csvg%20xmlns%3D%27http%3A%2F%2Fwww.w3.org%2F2000%2Fsvg%27%20width%3D%2714%27%20height%3D%2714%27%20viewBox%3D%270%200%2014%2014%27%3E%3Crect%20width%3D%2714%27%20height%3D%2714%27%20fill-opacity%3D%220%22%2F%3E%3C%2Fsvg%3E\" data-orig-src=\"https:\/\/miro.medium.com\/v2\/resize:fit:512\/1*GmMuqRe8cLZeKfT9fBP9Lg.jpeg\" alt=\"When You Can't Check a Checkbox using Capybara | by Rob Bazinet | Medium\" width=\"14\" height=\"14\" \/> Accessible aux personnes \u00e0 mobilit\u00e9 r\u00e9duite<\/li>\n<li><img decoding=\"async\" class=\"lazyload \" src=\"data:image\/svg+xml,%3Csvg%20xmlns%3D%27http%3A%2F%2Fwww.w3.org%2F2000%2Fsvg%27%20width%3D%2714%27%20height%3D%2714%27%20viewBox%3D%270%200%2014%2014%27%3E%3Crect%20width%3D%2714%27%20height%3D%2714%27%20fill-opacity%3D%220%22%2F%3E%3C%2Fsvg%3E\" data-orig-src=\"https:\/\/miro.medium.com\/v2\/resize:fit:512\/1*GmMuqRe8cLZeKfT9fBP9Lg.jpeg\" alt=\"When You Can't Check a Checkbox using Capybara | by Rob Bazinet | Medium\" width=\"14\" height=\"14\" \/> Parking<\/li>\n<li><img decoding=\"async\" class=\"lazyload \" src=\"data:image\/svg+xml,%3Csvg%20xmlns%3D%27http%3A%2F%2Fwww.w3.org%2F2000%2Fsvg%27%20width%3D%2714%27%20height%3D%2714%27%20viewBox%3D%270%200%2014%2014%27%3E%3Crect%20width%3D%2714%27%20height%3D%2714%27%20fill-opacity%3D%220%22%2F%3E%3C%2Fsvg%3E\" data-orig-src=\"https:\/\/miro.medium.com\/v2\/resize:fit:512\/1*GmMuqRe8cLZeKfT9fBP9Lg.jpeg\" alt=\"When You Can't Check a Checkbox using Capybara | by Rob Bazinet | Medium\" width=\"14\" height=\"14\" \/> Proche des transports en commun: train &amp; bus<\/li>\n<li><img decoding=\"async\" class=\"lazyload \" src=\"data:image\/svg+xml,%3Csvg%20xmlns%3D%27http%3A%2F%2Fwww.w3.org%2F2000%2Fsvg%27%20width%3D%2714%27%20height%3D%2714%27%20viewBox%3D%270%200%2014%2014%27%3E%3Crect%20width%3D%2714%27%20height%3D%2714%27%20fill-opacity%3D%220%22%2F%3E%3C%2Fsvg%3E\" data-orig-src=\"https:\/\/miro.medium.com\/v2\/resize:fit:512\/1*GmMuqRe8cLZeKfT9fBP9Lg.jpeg\" alt=\"When You Can't Check a Checkbox using Capybara | by Rob Bazinet | Medium\" width=\"14\" height=\"14\" \/> V\u00ebl&rsquo;Ok &amp; parking \u00e0 v\u00e9lo<\/li>\n<\/ul>\n<p>&nbsp;<\/p>\n<p><strong>PAVILLON &#8211; PLACE DE L&rsquo;H\u00d4TEL DE VILLE<\/strong><\/p>\n<p><img decoding=\"async\" class=\"lazyload alignnone wp-image-23324\" src=\"https:\/\/sadudelangedata.blob.core.windows.net\/files\/2024\/02\/kiosque-1024x359.png\" data-orig-src=\"https:\/\/sadudelangedata.blob.core.windows.net\/files\/2024\/02\/kiosque-1024x359.png\" alt=\"\" width=\"371\" height=\"130\" srcset=\"data:image\/svg+xml,%3Csvg%20xmlns%3D%27http%3A%2F%2Fwww.w3.org%2F2000%2Fsvg%27%20width%3D%27371%27%20height%3D%27130%27%20viewBox%3D%270%200%20371%20130%27%3E%3Crect%20width%3D%27371%27%20height%3D%27130%27%20fill-opacity%3D%220%22%2F%3E%3C%2Fsvg%3E\" data-srcset=\"https:\/\/sadudelangedata.blob.core.windows.net\/files\/2024\/02\/kiosque-200x70.png 200w, https:\/\/sadudelangedata.blob.core.windows.net\/files\/2024\/02\/kiosque-300x105.png 300w, https:\/\/sadudelangedata.blob.core.windows.net\/files\/2024\/02\/kiosque-400x140.png 400w, https:\/\/sadudelangedata.blob.core.windows.net\/files\/2024\/02\/kiosque-600x211.png 600w, https:\/\/sadudelangedata.blob.core.windows.net\/files\/2024\/02\/kiosque-768x269.png 768w, https:\/\/sadudelangedata.blob.core.windows.net\/files\/2024\/02\/kiosque-800x281.png 800w, https:\/\/sadudelangedata.blob.core.windows.net\/files\/2024\/02\/kiosque-1024x359.png 1024w, https:\/\/sadudelangedata.blob.core.windows.net\/files\/2024\/02\/kiosque.png 1140w\" data-sizes=\"auto\" data-orig-sizes=\"(max-width: 371px) 100vw, 371px\" \/><\/p>\n<ul>\n<li>Max. 50 personnes<\/li>\n<li>Adresse: Place de l&rsquo;H\u00f4tel de Ville, L-3590 Dudelange<\/li>\n<li><img decoding=\"async\" class=\"lazyload \" src=\"data:image\/svg+xml,%3Csvg%20xmlns%3D%27http%3A%2F%2Fwww.w3.org%2F2000%2Fsvg%27%20width%3D%2714%27%20height%3D%2714%27%20viewBox%3D%270%200%2014%2014%27%3E%3Crect%20width%3D%2714%27%20height%3D%2714%27%20fill-opacity%3D%220%22%2F%3E%3C%2Fsvg%3E\" data-orig-src=\"https:\/\/miro.medium.com\/v2\/resize:fit:512\/1*GmMuqRe8cLZeKfT9fBP9Lg.jpeg\" alt=\"When You Can't Check a Checkbox using Capybara | by Rob Bazinet | Medium\" width=\"14\" height=\"14\" \/> Parking<\/li>\n<li><img decoding=\"async\" class=\"lazyload \" src=\"data:image\/svg+xml,%3Csvg%20xmlns%3D%27http%3A%2F%2Fwww.w3.org%2F2000%2Fsvg%27%20width%3D%2714%27%20height%3D%2714%27%20viewBox%3D%270%200%2014%2014%27%3E%3Crect%20width%3D%2714%27%20height%3D%2714%27%20fill-opacity%3D%220%22%2F%3E%3C%2Fsvg%3E\" data-orig-src=\"https:\/\/miro.medium.com\/v2\/resize:fit:512\/1*GmMuqRe8cLZeKfT9fBP9Lg.jpeg\" alt=\"When You Can't Check a Checkbox using Capybara | by Rob Bazinet | Medium\" width=\"14\" height=\"14\" \/> Proche des transports en commun: train &amp; bus<\/li>\n<li><img decoding=\"async\" class=\"lazyload \" src=\"data:image\/svg+xml,%3Csvg%20xmlns%3D%27http%3A%2F%2Fwww.w3.org%2F2000%2Fsvg%27%20width%3D%2714%27%20height%3D%2714%27%20viewBox%3D%270%200%2014%2014%27%3E%3Crect%20width%3D%2714%27%20height%3D%2714%27%20fill-opacity%3D%220%22%2F%3E%3C%2Fsvg%3E\" data-orig-src=\"https:\/\/miro.medium.com\/v2\/resize:fit:512\/1*GmMuqRe8cLZeKfT9fBP9Lg.jpeg\" alt=\"When You Can't Check a Checkbox using Capybara | by Rob Bazinet | Medium\" width=\"14\" height=\"14\" \/> V\u00ebl&rsquo;Ok &amp; parking \u00e0 v\u00e9lo<\/li>\n<\/ul>\n<p>&nbsp;<\/p>\n<p><strong>PAVILLON &#8211; PLACE DE L&rsquo;H\u00d4TEL DE VILLE<\/strong><\/p>\n<p><img decoding=\"async\" class=\"lazyload alignnone wp-image-23325\" src=\"https:\/\/sadudelangedata.blob.core.windows.net\/files\/2024\/02\/Kiosque-Parc-Leh-1024x359.png\" data-orig-src=\"https:\/\/sadudelangedata.blob.core.windows.net\/files\/2024\/02\/Kiosque-Parc-Leh-1024x359.png\" alt=\"\" width=\"371\" height=\"130\" srcset=\"data:image\/svg+xml,%3Csvg%20xmlns%3D%27http%3A%2F%2Fwww.w3.org%2F2000%2Fsvg%27%20width%3D%27371%27%20height%3D%27130%27%20viewBox%3D%270%200%20371%20130%27%3E%3Crect%20width%3D%27371%27%20height%3D%27130%27%20fill-opacity%3D%220%22%2F%3E%3C%2Fsvg%3E\" data-srcset=\"https:\/\/sadudelangedata.blob.core.windows.net\/files\/2024\/02\/Kiosque-Parc-Leh-200x70.png 200w, https:\/\/sadudelangedata.blob.core.windows.net\/files\/2024\/02\/Kiosque-Parc-Leh-300x105.png 300w, https:\/\/sadudelangedata.blob.core.windows.net\/files\/2024\/02\/Kiosque-Parc-Leh-400x140.png 400w, https:\/\/sadudelangedata.blob.core.windows.net\/files\/2024\/02\/Kiosque-Parc-Leh-600x211.png 600w, https:\/\/sadudelangedata.blob.core.windows.net\/files\/2024\/02\/Kiosque-Parc-Leh-768x269.png 768w, https:\/\/sadudelangedata.blob.core.windows.net\/files\/2024\/02\/Kiosque-Parc-Leh-800x281.png 800w, https:\/\/sadudelangedata.blob.core.windows.net\/files\/2024\/02\/Kiosque-Parc-Leh-1024x359.png 1024w, https:\/\/sadudelangedata.blob.core.windows.net\/files\/2024\/02\/Kiosque-Parc-Leh.png 1140w\" data-sizes=\"auto\" data-orig-sizes=\"(max-width: 371px) 100vw, 371px\" \/><\/p>\n<ul>\n<li>Max. 50 personnes<\/li>\n<li>Adresse: 1 Rue de la For\u00eat, L-3471 Dudelange<\/li>\n<li><img decoding=\"async\" class=\"lazyload \" src=\"data:image\/svg+xml,%3Csvg%20xmlns%3D%27http%3A%2F%2Fwww.w3.org%2F2000%2Fsvg%27%20width%3D%2714%27%20height%3D%2714%27%20viewBox%3D%270%200%2014%2014%27%3E%3Crect%20width%3D%2714%27%20height%3D%2714%27%20fill-opacity%3D%220%22%2F%3E%3C%2Fsvg%3E\" data-orig-src=\"https:\/\/miro.medium.com\/v2\/resize:fit:512\/1*GmMuqRe8cLZeKfT9fBP9Lg.jpeg\" alt=\"When You Can't Check a Checkbox using Capybara | by Rob Bazinet | Medium\" width=\"14\" height=\"14\" \/> Accessible aux personnes \u00e0 mobilit\u00e9 r\u00e9duite<\/li>\n<li><img decoding=\"async\" class=\"lazyload \" src=\"data:image\/svg+xml,%3Csvg%20xmlns%3D%27http%3A%2F%2Fwww.w3.org%2F2000%2Fsvg%27%20width%3D%2714%27%20height%3D%2714%27%20viewBox%3D%270%200%2014%2014%27%3E%3Crect%20width%3D%2714%27%20height%3D%2714%27%20fill-opacity%3D%220%22%2F%3E%3C%2Fsvg%3E\" data-orig-src=\"https:\/\/miro.medium.com\/v2\/resize:fit:512\/1*GmMuqRe8cLZeKfT9fBP9Lg.jpeg\" alt=\"When You Can't Check a Checkbox using Capybara | by Rob Bazinet | Medium\" width=\"14\" height=\"14\" \/> Parking<\/li>\n<li><img decoding=\"async\" class=\"lazyload \" src=\"data:image\/svg+xml,%3Csvg%20xmlns%3D%27http%3A%2F%2Fwww.w3.org%2F2000%2Fsvg%27%20width%3D%2714%27%20height%3D%2714%27%20viewBox%3D%270%200%2014%2014%27%3E%3Crect%20width%3D%2714%27%20height%3D%2714%27%20fill-opacity%3D%220%22%2F%3E%3C%2Fsvg%3E\" data-orig-src=\"https:\/\/miro.medium.com\/v2\/resize:fit:512\/1*GmMuqRe8cLZeKfT9fBP9Lg.jpeg\" alt=\"When You Can't Check a Checkbox using Capybara | by Rob Bazinet | Medium\" width=\"14\" height=\"14\" \/> Proche des transports en commun: train &amp; bus<\/li>\n<li><img decoding=\"async\" class=\"lazyload \" src=\"data:image\/svg+xml,%3Csvg%20xmlns%3D%27http%3A%2F%2Fwww.w3.org%2F2000%2Fsvg%27%20width%3D%2714%27%20height%3D%2714%27%20viewBox%3D%270%200%2014%2014%27%3E%3Crect%20width%3D%2714%27%20height%3D%2714%27%20fill-opacity%3D%220%22%2F%3E%3C%2Fsvg%3E\" data-orig-src=\"https:\/\/miro.medium.com\/v2\/resize:fit:512\/1*GmMuqRe8cLZeKfT9fBP9Lg.jpeg\" alt=\"When You Can't Check a Checkbox using Capybara | by Rob Bazinet | Medium\" width=\"14\" height=\"14\" \/> V\u00ebl&rsquo;Ok &amp; parking \u00e0 v\u00e9lo<\/li>\n<\/ul>\n<p>&nbsp;<\/p>\n<p><strong>SALLE DE MARIAGE &#8211; H\u00d4TEL DE VILLE<\/strong><\/p>\n<p><img decoding=\"async\" class=\"lazyload alignnone wp-image-23323\" src=\"https:\/\/sadudelangedata.blob.core.windows.net\/files\/2024\/02\/salle-mariage-hdv-1024x359.png\" data-orig-src=\"https:\/\/sadudelangedata.blob.core.windows.net\/files\/2024\/02\/salle-mariage-hdv-1024x359.png\" alt=\"\" width=\"371\" height=\"130\" srcset=\"data:image\/svg+xml,%3Csvg%20xmlns%3D%27http%3A%2F%2Fwww.w3.org%2F2000%2Fsvg%27%20width%3D%27371%27%20height%3D%27130%27%20viewBox%3D%270%200%20371%20130%27%3E%3Crect%20width%3D%27371%27%20height%3D%27130%27%20fill-opacity%3D%220%22%2F%3E%3C%2Fsvg%3E\" data-srcset=\"https:\/\/sadudelangedata.blob.core.windows.net\/files\/2024\/02\/salle-mariage-hdv-200x70.png 200w, https:\/\/sadudelangedata.blob.core.windows.net\/files\/2024\/02\/salle-mariage-hdv-300x105.png 300w, https:\/\/sadudelangedata.blob.core.windows.net\/files\/2024\/02\/salle-mariage-hdv-400x140.png 400w, https:\/\/sadudelangedata.blob.core.windows.net\/files\/2024\/02\/salle-mariage-hdv-600x211.png 600w, https:\/\/sadudelangedata.blob.core.windows.net\/files\/2024\/02\/salle-mariage-hdv-768x269.png 768w, https:\/\/sadudelangedata.blob.core.windows.net\/files\/2024\/02\/salle-mariage-hdv-800x281.png 800w, https:\/\/sadudelangedata.blob.core.windows.net\/files\/2024\/02\/salle-mariage-hdv-1024x359.png 1024w, https:\/\/sadudelangedata.blob.core.windows.net\/files\/2024\/02\/salle-mariage-hdv.png 1140w\" data-sizes=\"auto\" data-orig-sizes=\"(max-width: 371px) 100vw, 371px\" \/><\/p>\n<ul>\n<li>Max. 50 personnes<\/li>\n<li>Adresse: Place de l&rsquo;H\u00f4tel de Ville, L-3590 Dudelange<\/li>\n<li><img decoding=\"async\" class=\"lazyload \" src=\"data:image\/svg+xml,%3Csvg%20xmlns%3D%27http%3A%2F%2Fwww.w3.org%2F2000%2Fsvg%27%20width%3D%2714%27%20height%3D%2714%27%20viewBox%3D%270%200%2014%2014%27%3E%3Crect%20width%3D%2714%27%20height%3D%2714%27%20fill-opacity%3D%220%22%2F%3E%3C%2Fsvg%3E\" data-orig-src=\"https:\/\/miro.medium.com\/v2\/resize:fit:512\/1*GmMuqRe8cLZeKfT9fBP9Lg.jpeg\" alt=\"When You Can't Check a Checkbox using Capybara | by Rob Bazinet | Medium\" width=\"14\" height=\"14\" \/> Accessible aux personnes \u00e0 mobilit\u00e9 r\u00e9duite<\/li>\n<li><img decoding=\"async\" class=\"lazyload \" src=\"data:image\/svg+xml,%3Csvg%20xmlns%3D%27http%3A%2F%2Fwww.w3.org%2F2000%2Fsvg%27%20width%3D%2714%27%20height%3D%2714%27%20viewBox%3D%270%200%2014%2014%27%3E%3Crect%20width%3D%2714%27%20height%3D%2714%27%20fill-opacity%3D%220%22%2F%3E%3C%2Fsvg%3E\" data-orig-src=\"https:\/\/miro.medium.com\/v2\/resize:fit:512\/1*GmMuqRe8cLZeKfT9fBP9Lg.jpeg\" alt=\"When You Can't Check a Checkbox using Capybara | by Rob Bazinet | Medium\" width=\"14\" height=\"14\" \/> Parking<\/li>\n<li><img decoding=\"async\" class=\"lazyload \" src=\"data:image\/svg+xml,%3Csvg%20xmlns%3D%27http%3A%2F%2Fwww.w3.org%2F2000%2Fsvg%27%20width%3D%2714%27%20height%3D%2714%27%20viewBox%3D%270%200%2014%2014%27%3E%3Crect%20width%3D%2714%27%20height%3D%2714%27%20fill-opacity%3D%220%22%2F%3E%3C%2Fsvg%3E\" data-orig-src=\"https:\/\/miro.medium.com\/v2\/resize:fit:512\/1*GmMuqRe8cLZeKfT9fBP9Lg.jpeg\" alt=\"When You Can't Check a Checkbox using Capybara | by Rob Bazinet | Medium\" width=\"14\" height=\"14\" \/> Proche des transports en commun: train &amp; bus<\/li>\n<li><img decoding=\"async\" class=\"lazyload \" src=\"data:image\/svg+xml,%3Csvg%20xmlns%3D%27http%3A%2F%2Fwww.w3.org%2F2000%2Fsvg%27%20width%3D%2714%27%20height%3D%2714%27%20viewBox%3D%270%200%2014%2014%27%3E%3Crect%20width%3D%2714%27%20height%3D%2714%27%20fill-opacity%3D%220%22%2F%3E%3C%2Fsvg%3E\" data-orig-src=\"https:\/\/miro.medium.com\/v2\/resize:fit:512\/1*GmMuqRe8cLZeKfT9fBP9Lg.jpeg\" alt=\"When You Can't Check a Checkbox using Capybara | by Rob Bazinet | Medium\" width=\"14\" height=\"14\" \/> V\u00ebl&rsquo;Ok &amp; parking \u00e0 v\u00e9lo<\/li>\n<\/ul>\n<p>&nbsp;<\/p>\n<p>&#8211;<\/p>\n<p><strong>INFOS<\/strong><\/p>\n<p>\u00c9tat civil<br \/>\nT 516121-224 \/ -245<br \/>\n<span style=\"text-decoration: underline;\"><a href=\"mailto:etatcivil@dudelange.lu\">etatcivil@dudelange.lu<\/a><\/span><\/p>\n<p><strong>[PDF]<\/strong> <span style=\"text-decoration: underline;\"><span style=\"color: #ef4030; text-decoration: underline;\"><a style=\"color: #ef4030; text-decoration: underline;\" href=\"https:\/\/sadudelangedata.blob.core.windows.net\/files\/2026\/02\/Brochure-A4-lieux-mariages-2024-web.pdf\" target=\"_blank\" rel=\"noopener\">Brochure lieux mariages 2024<\/a><\/span><\/span><\/p>\n","protected":false},"excerpt":{"rendered":"<p>Vous pr\u00e9voyez de vous marier ou de vous pacser (partenariat [&hellip;]<\/p>\n","protected":false},"author":8,"featured_media":23323,"parent":2127,"menu_order":0,"comment_status":"closed","ping_status":"closed","template":"","meta":{"footnotes":""},"class_list":["post-23321","page","type-page","status-publish","has-post-thumbnail","hentry"],"publishpress_future_action":{"enabled":false,"date":"2026-04-18 19:28:27","action":"change-status","newStatus":"draft","terms":[],"taxonomy":"","extraData":[]},"publishpress_future_workflow_manual_trigger":{"enabledWorkflows":[]},"_links":{"self":[{"href":"https:\/\/www.dudelange.lu\/index.php\/wp-json\/wp\/v2\/pages\/23321","targetHints":{"allow":["GET"]}}],"collection":[{"href":"https:\/\/www.dudelange.lu\/index.php\/wp-json\/wp\/v2\/pages"}],"about":[{"href":"https:\/\/www.dudelange.lu\/index.php\/wp-json\/wp\/v2\/types\/page"}],"author":[{"embeddable":true,"href":"https:\/\/www.dudelange.lu\/index.php\/wp-json\/wp\/v2\/users\/8"}],"replies":[{"embeddable":true,"href":"https:\/\/www.dudelange.lu\/index.php\/wp-json\/wp\/v2\/comments?post=23321"}],"version-history":[{"count":8,"href":"https:\/\/www.dudelange.lu\/index.php\/wp-json\/wp\/v2\/pages\/23321\/revisions"}],"predecessor-version":[{"id":29967,"href":"https:\/\/www.dudelange.lu\/index.php\/wp-json\/wp\/v2\/pages\/23321\/revisions\/29967"}],"up":[{"embeddable":true,"href":"https:\/\/www.dudelange.lu\/index.php\/wp-json\/wp\/v2\/pages\/2127"}],"wp:featuredmedia":[{"embeddable":true,"href":"https:\/\/www.dudelange.lu\/index.php\/wp-json\/wp\/v2\/media\/23323"}],"wp:attachment":[{"href":"https:\/\/www.dudelange.lu\/index.php\/wp-json\/wp\/v2\/media?parent=23321"}],"curies":[{"name":"wp","href":"https:\/\/api.w.org\/{rel}","templated":true}]}}