{"id":23649,"date":"2024-03-15T11:15:53","date_gmt":"2024-03-15T10:15:53","guid":{"rendered":"https:\/\/www.dudelange.lu\/?page_id=23649"},"modified":"2024-12-27T11:35:22","modified_gmt":"2024-12-27T10:35:22","slug":"logement-abordable","status":"publish","type":"page","link":"https:\/\/www.dudelange.lu\/index.php\/demarches-administratives\/logement-abordable\/","title":{"rendered":"Logement abordable (demande)"},"content":{"rendered":"<p>Face \u00e0 une crise du logement qui ne permet pas ou plus \u00e0 de nombreux m\u00e9nages de se loger d\u00e9cemment sur le march\u00e9 classique de l\u2019immobilier, la Ville de Dudelange met \u00e0 la disposition de ces concitoyen\u00b7nes un certain nombre de logements \u00e0 prix abordable.<\/p>\n<p>Vous trouverez ci-dessous le formulaire \u00e0 compl\u00e9ter pour effectuer votre demande aupr\u00e8s de notre service Logement, ainsi que la liste des documents \u00e0 y joindre.<\/p>\n<p><strong>Formulaire \u00e0 remplir<\/strong>:<\/p>\n<p><a href=\"https:\/\/sadudelangedata.blob.core.windows.net\/files\/2022\/01\/Demande-service-logement-003.pdf\" target=\"_blank\" rel=\"noopener\"><span style=\"text-decoration: underline; color: #ef4030;\">Demande en vue de l\u2019obtention d\u2019un logement abordable<\/span><\/a><span style=\"color: #3e3e3e;\">\u00a0(PDF, 476 KB)<\/span><\/p>\n<p><em>Attention: le demandeur\u00b7se ne peut \u00eatre propri\u00e9taire ou usufruitier\u00b7\u00e8re d\u2019un logement, ni au Luxembourg, ni \u00e0 l\u2019\u00e9tranger!<\/em><\/p>\n<p>&nbsp;<\/p>\n<p>Documents \u00e0 joindre (<em><span style=\"text-decoration: underline;\">seulement si applicable<\/span>) <\/em>:<\/p>\n<ul>\n<li><strong>Certificat de r\u00e9sidence \u00e9largie<\/strong> &lt;3 mois\n<ul>\n<li>d\u00e9livr\u00e9 \u00e0 l&rsquo;accueil de l&rsquo;H\u00f4tel de Ville ou via <span style=\"text-decoration: underline; color: #3e3e3e;\"><a style=\"color: #3e3e3e; text-decoration: underline;\" href=\"https:\/\/guichet.public.lu\/\">www.guichet.lu<\/a><\/span><\/li>\n<\/ul>\n<\/li>\n<li><strong>Fiche de salaire\/pension\/REVIS\/ch\u00f4mage<\/strong> ou tout autre revenus des trois derniers mois de toutes les personnes faisant partie du m\u00e9nage et percevant un revenu.\n<ul>\n<li>Fiche de salaire \u2192 d\u00e9livr\u00e9 par l&#8217;employeur\u00b7se<\/li>\n<li>Revenu d&rsquo;inclusion sociale (REVIS) : <span style=\"text-decoration: underline;\"><span style=\"color: #ef4030; text-decoration: underline;\"><a style=\"color: #ef4030; text-decoration: underline;\" href=\"https:\/\/fns.public.lu\/fr\/formulaires.html\">Formulaire &#8211; Fonds National de Solidarit\u00e9 (public.lu)<\/a><\/span><\/span><\/li>\n<li>Ch\u00f4mage \u2192 d\u00e9livr\u00e9 par l&rsquo;ADEM<\/li>\n<\/ul>\n<\/li>\n<li>Certificat attestant le montant des <strong>allocations familiales <\/strong>et de la <strong>prime d&rsquo;\u00e9ducation<\/strong>\n<ul>\n<li>d\u00e9livr\u00e9 par la Zukunftskees (t\u00e9l.: 47 71 53-1)<\/li>\n<\/ul>\n<\/li>\n<li><strong>Extrait bancaire<\/strong> attestant le montant de la <strong>pension alimentaire<\/strong> pay\u00e9e ou re\u00e7ue<\/li>\n<li><strong>Certificat d&rsquo;affiliation \u00e0 la s\u00e9curit\u00e9 sociale<\/strong> &lt; 5 ans de toutes les personnes adultes faisant partie du m\u00e9nage\n<ul>\n<li>d\u00e9livr\u00e9 par le Centre commun de la s\u00e9curit\u00e9 sociale &#8211; par t\u00e9l: 40 14 11 ou par internet: <span style=\"text-decoration: underline;\"><span style=\"color: #ef4030;\"><a style=\"color: #ef4030; text-decoration: underline;\" href=\"https:\/\/ccss.public.lu\/fr\/commandes-certificats\/particuliers\/commande-certificat-affiliation.html\">https:\/\/ccss.public.lu<\/a><\/span><\/span><\/li>\n<\/ul>\n<\/li>\n<li>Copie de la <strong>carte d&rsquo;identit\u00e9\/carte de s\u00e9jour<\/strong> de tous les membres du m\u00e9nage (recto et verso)<\/li>\n<li>Copie du <strong>contrat de bail en cours<\/strong><\/li>\n<li>Copie de la lettre ou du jugement de <strong>r\u00e9siliation du contrat de bail\u00a0<\/strong><\/li>\n<li><strong>Relev\u00e9 d\u2019identit\u00e9 bancaire (RIB)<\/strong>\n<ul>\n<li>d\u00e9livr\u00e9 par votre banque<\/li>\n<\/ul>\n<\/li>\n<li><strong>Certificat de non propri\u00e9t\u00e9 <\/strong>attestant que vous n\u2019\u00eates ni propri\u00e9taire, ni usufruitier\u00b7\u00e8re\n<ul>\n<li>d\u00e9livr\u00e9 par le Service des \u00c9valuations Immobili\u00e8res (5, Rue de Hollerich) &#8211; t\u00e9l : 24752-308 ou -310 ou -332 (le matin uniquement)<\/li>\n<\/ul>\n<\/li>\n<li><strong>Certificat de non propri\u00e9t\u00e9 de votre pays d\u2019origine<\/strong> attestant que vous n\u2019\u00eates ni propri\u00e9taire, ni usufruitier\u00b7\u00e8re\n<ul>\n<li>d\u00e9livr\u00e9 par l&rsquo;ambassade ou d\u00e9claration sur l&rsquo;honneur<\/li>\n<\/ul>\n<\/li>\n<li><strong>Certificat m\u00e9dical en cas de mobilit\u00e9 r\u00e9duite<\/strong><\/li>\n<\/ul>\n<p>&nbsp;<\/p>\n<p>Dossier \u00e0 remettre au Service Logement:<\/p>\n<p><span style=\"text-decoration: underline;\">Adresse postale<\/span>:<br \/>\nVille de Dudelange<br \/>\nService Logement<br \/>\nBP 73 L-3401 Dudelange<\/p>\n<p>&nbsp;<\/p>\n<p><strong>INFOS<\/strong><br \/>\nService Logement<br \/>\nMaison sociale<br \/>\n27 rue du Commerce, L-3450 Dudelange<br \/>\nT 516121 -6620 \/ -729 \/ -308<\/p>\n","protected":false},"excerpt":{"rendered":"<p>Face \u00e0 une crise du logement qui ne permet pas [&hellip;]<\/p>\n","protected":false},"author":8,"featured_media":0,"parent":2127,"menu_order":0,"comment_status":"closed","ping_status":"closed","template":"","meta":{"footnotes":""},"class_list":["post-23649","page","type-page","status-publish","hentry"],"publishpress_future_action":{"enabled":false,"date":"2026-04-22 02:33:08","action":"change-status","newStatus":"draft","terms":[],"taxonomy":"","extraData":[]},"publishpress_future_workflow_manual_trigger":{"enabledWorkflows":[]},"_links":{"self":[{"href":"https:\/\/www.dudelange.lu\/index.php\/wp-json\/wp\/v2\/pages\/23649","targetHints":{"allow":["GET"]}}],"collection":[{"href":"https:\/\/www.dudelange.lu\/index.php\/wp-json\/wp\/v2\/pages"}],"about":[{"href":"https:\/\/www.dudelange.lu\/index.php\/wp-json\/wp\/v2\/types\/page"}],"author":[{"embeddable":true,"href":"https:\/\/www.dudelange.lu\/index.php\/wp-json\/wp\/v2\/users\/8"}],"replies":[{"embeddable":true,"href":"https:\/\/www.dudelange.lu\/index.php\/wp-json\/wp\/v2\/comments?post=23649"}],"version-history":[{"count":8,"href":"https:\/\/www.dudelange.lu\/index.php\/wp-json\/wp\/v2\/pages\/23649\/revisions"}],"predecessor-version":[{"id":26385,"href":"https:\/\/www.dudelange.lu\/index.php\/wp-json\/wp\/v2\/pages\/23649\/revisions\/26385"}],"up":[{"embeddable":true,"href":"https:\/\/www.dudelange.lu\/index.php\/wp-json\/wp\/v2\/pages\/2127"}],"wp:attachment":[{"href":"https:\/\/www.dudelange.lu\/index.php\/wp-json\/wp\/v2\/media?parent=23649"}],"curies":[{"name":"wp","href":"https:\/\/api.w.org\/{rel}","templated":true}]}}