{"id":24758,"date":"2024-07-12T08:58:27","date_gmt":"2024-07-12T06:58:27","guid":{"rendered":"https:\/\/www.dudelange.lu\/?page_id=24758"},"modified":"2024-07-12T12:22:37","modified_gmt":"2024-07-12T10:22:37","slug":"green-events","status":"publish","type":"page","link":"https:\/\/www.dudelange.lu\/index.php\/green-events\/","title":{"rendered":"Green Events"},"content":{"rendered":"<p><strong>Dispositions pour les \u00ab\u00a0Green Events\u00a0\u00bb<\/strong><\/p>\n<p>Face \u00e0 l&rsquo;aggravation de la crise climatique et \u00e0 ses cons\u00e9quences sur notre nature et notre environnement, la Ville de Dudelange s\u2019engage \u00e0 faire un pas de plus dans la bonne direction.<\/p>\n<p>Il a ainsi \u00e9t\u00e9 d\u00e9cid\u00e9 qu&rsquo;\u00e0 l&rsquo;avenir, les f\u00eates et manifestations se d\u00e9rouleraient le plus souvent possible sous la devise \u00ab\u00a0Green Events\u00a0\u00bb. L&rsquo;objectif est d&rsquo;\u00e9viter autant qu\u2019il se peut les d\u00e9chets inutiles et de g\u00e9n\u00e9ralement avoir un impact plus positif sur l&rsquo;environnement que l\u2019ont habituellement les \u00e9v\u00e9nements.<\/p>\n<p>Dans ce contexte, non seulement l\u2019administration communale, mais aussi les participants et les invit\u00e9s peuvent contribuer \u00e0 des adaptations n\u00e9cessaires.<\/p>\n<p>&nbsp;<\/p>\n<p><strong>\u00c0 quoi les organisateurs doivent-ils \u00eatre attentifs lorsqu&rsquo;ils con\u00e7oivent un \u00e9v\u00e9nement certifi\u00e9 \u00ab\u00a0Green Events\u00a0\u00bb ? <\/strong><\/p>\n<ul style=\"list-style-type: disc;\">\n<li>Seuls les <strong>stands r\u00e9utilisables<\/strong> sont autoris\u00e9s.<\/li>\n<li><strong>Les articles jetables<\/strong> (quel que soit le mat\u00e9riau) offerts \u00e0 des fins publicitaires, comme cadeaux ou gadgets <strong>ne sont pas autoris\u00e9s<\/strong>\u00a0; par exemple les pailles, les ballons, <u>les bonbons emball\u00e9s individuellement<\/u>, <u>les sauces<\/u>, <u>les boissons<\/u> (sauf si celles-ci n&rsquo;existent pas sous forme r\u00e9utilisable), <u>le sucre<\/u>, <u>les dosettes de lait<\/u>, etc.<\/li>\n<li><strong>Le tri des d\u00e9chets<\/strong> doit \u00eatre effectu\u00e9 de mani\u00e8re correcte.<\/li>\n<li>Le service communal comp\u00e9tent se r\u00e9serve le droit de d\u00e9finir une ou plusieurs <strong>sp\u00e9cificit\u00e9s en mati\u00e8re de choix culinaires<\/strong>\u00a0; par exemple le bio, le local, le v\u00e9g\u00e9tarien, le v\u00e9gane, le commerce \u00e9quitable, etc. Cela s&rsquo;applique \u00e9galement aux boissons sous certaines conditions.<\/li>\n<li><strong>Les r\u00e9cipients pour les aliments, les boissons ainsi que les couverts <\/strong>doivent \u00e9galement \u00eatre r\u00e9utilisables.<\/li>\n<\/ul>\n<p><strong>Infos:<\/strong> <span style=\"text-decoration: underline;\"><span style=\"color: #ef4030; text-decoration: underline;\"><a style=\"color: #ef4030; text-decoration: underline;\" href=\"http:\/\/www.greenevents.lu\" target=\"_blank\" rel=\"noopener\">www.greenevents.lu<\/a><\/span><\/span><\/p>\n<p><span style=\"text-decoration: underline;\"><span style=\"color: #ef4030;\"><a style=\"color: #ef4030; text-decoration: underline;\" href=\"https:\/\/bit.ly\/Logos_Green_Events\" target=\"_blank\" rel=\"noopener\">Downloads (Logos)<\/a><\/span><\/span><\/p>\n<p>&#8211;<\/p>\n<p><strong>Bestimmungen f\u00fcr \u201eGreen Events\u201c<\/strong><\/p>\n<p>Angesichts der sich versch\u00e4rfenden Klimakrise und die damit einhergehenden Folgen f\u00fcr unsere Natur und unsere Umwelt ist die Stadt D\u00fcdelingen bereit, einen Schritt weiter in die richtige Richtung zu gehen.<\/p>\n<p>In dem Sinne wurde beschlossen, dass k\u00fcnftig immer mehr Feste und Veranstaltungen unter dem Motto \u201eGreen Events\u201c abgehalten werden. Das Ziel davon ist, unn\u00f6tige Abf\u00e4lle weitestgehend zu vermeiden und insgesamt einen positiveren Impakt auf die Umwelt zu haben, als dies bei gew\u00f6hnlichen Veranstaltungen der Fall ist.<\/p>\n<p>In diesem Zusammenhang tragen nicht nur die Stadtverwaltung, sondern auch die Teilnehmer und G\u00e4ste Ihren Teil zu wegweisenden Anpassungen bei.<\/p>\n<p>&nbsp;<\/p>\n<p><strong>Worauf m\u00fcssen Aussteller bei der Teilnahme an einer \u201eGreen Events\u201c zertifizierten Veranstaltung achten? <\/strong><\/p>\n<ul>\n<li>Es sind ausschlie\u00dflich <strong>wiederverwendbare St\u00e4nde<\/strong><\/li>\n<li><strong>Einweg-Artikel<\/strong> (materialunabh\u00e4ngig) zum Zwecke von Werbung, Geschenk oder Gadget sind <strong>nicht gestattet<\/strong>, wie z. B. Trinkhalme, Luftballons, <u>einzeln verpackte<\/u> <u>S\u00fc\u00dfigkeiten<\/u>, <u>So\u00dfen<\/u>, <u>Getr\u00e4nke<\/u> (au\u00dfer dieses existiert nicht in Mehrwegform), <u>Zucker<\/u>, <u>Milchkapseln<\/u><\/li>\n<li>Wenn Abfall anf\u00e4llt, muss die <strong>M\u00fclltrennung<\/strong> fachgem\u00e4\u00df erledigt werden.<\/li>\n<li>Die zust\u00e4ndige kommunale Dienststelle beh\u00e4lt sich das Recht vor, eine oder mehrere <strong>Besonderheiten hinsichtlich der kulinarischen Auswahl<\/strong> festzulegen, wie z. B. Bio, regional, vegetarisch, vegan, fairer Handel usw. Dies gilt bedingt auch f\u00fcr Getr\u00e4nke.<\/li>\n<li>Sowohl <strong>Getr\u00e4nkebeh\u00e4lter, Essensbeh\u00e4lter als auch Besteck<\/strong> d\u00fcrfen ausschlie\u00dflich in Mehrwegform benutzt werden.<\/li>\n<\/ul>\n<p><strong>Infos:<\/strong> <span style=\"text-decoration: underline;\"><span style=\"color: #ef4030; text-decoration: underline;\"><a style=\"color: #ef4030; text-decoration: underline;\" href=\"http:\/\/www.greenevents.lu\" target=\"_blank\" rel=\"noopener\">www.greenevents.lu<\/a><\/span><\/span><\/p>\n<p><span style=\"text-decoration: underline;\"><span style=\"color: #ef4030;\"><a style=\"color: #ef4030; text-decoration: underline;\" href=\"https:\/\/bit.ly\/Logos_Green_Events\" target=\"_blank\" rel=\"noopener\">Downloads (Logos)<\/a><\/span><\/span><\/p>\n<p>&#8211;<\/p>\n<p><strong>Contact:<br \/>\n<\/strong><strong>Service de protection de l\u2019environnement et du d\u00e9veloppement durable\u200b<br \/>\n<\/strong>Maison Verte, 25 rue Jean Jaur\u00e8s<br \/>\nL-3490 Dudelange<br \/>\n<span style=\"text-decoration: underline;\"><span id=\"DeltaPlaceHolderMain\" style=\"color: #ef4030; text-decoration: underline;\"><a style=\"color: #ef4030; text-decoration: underline;\" href=\"mailto:ecologie@dudelange.lu\" target=\"_blank\" rel=\"noopener\">Prendre contact<\/a><\/span><\/span><\/p>\n","protected":false},"excerpt":{"rendered":"<p>Dispositions pour les \u00ab\u00a0Green Events\u00a0\u00bb Face \u00e0 l&rsquo;aggravation de la [&hellip;]<\/p>\n","protected":false},"author":10,"featured_media":24776,"parent":0,"menu_order":0,"comment_status":"closed","ping_status":"closed","template":"","meta":{"footnotes":""},"class_list":["post-24758","page","type-page","status-publish","has-post-thumbnail","hentry"],"publishpress_future_action":{"enabled":false,"date":"2026-04-20 13:53:34","action":"change-status","newStatus":"draft","terms":[],"taxonomy":"","extraData":[]},"publishpress_future_workflow_manual_trigger":{"enabledWorkflows":[]},"_links":{"self":[{"href":"https:\/\/www.dudelange.lu\/index.php\/wp-json\/wp\/v2\/pages\/24758","targetHints":{"allow":["GET"]}}],"collection":[{"href":"https:\/\/www.dudelange.lu\/index.php\/wp-json\/wp\/v2\/pages"}],"about":[{"href":"https:\/\/www.dudelange.lu\/index.php\/wp-json\/wp\/v2\/types\/page"}],"author":[{"embeddable":true,"href":"https:\/\/www.dudelange.lu\/index.php\/wp-json\/wp\/v2\/users\/10"}],"replies":[{"embeddable":true,"href":"https:\/\/www.dudelange.lu\/index.php\/wp-json\/wp\/v2\/comments?post=24758"}],"version-history":[{"count":17,"href":"https:\/\/www.dudelange.lu\/index.php\/wp-json\/wp\/v2\/pages\/24758\/revisions"}],"predecessor-version":[{"id":24787,"href":"https:\/\/www.dudelange.lu\/index.php\/wp-json\/wp\/v2\/pages\/24758\/revisions\/24787"}],"wp:featuredmedia":[{"embeddable":true,"href":"https:\/\/www.dudelange.lu\/index.php\/wp-json\/wp\/v2\/media\/24776"}],"wp:attachment":[{"href":"https:\/\/www.dudelange.lu\/index.php\/wp-json\/wp\/v2\/media?parent=24758"}],"curies":[{"name":"wp","href":"https:\/\/api.w.org\/{rel}","templated":true}]}}