{"id":2493,"date":"2021-08-26T12:59:47","date_gmt":"2021-08-26T11:59:47","guid":{"rendered":"http:\/\/app-dudelange-dev.azurewebsites.net\/?page_id=2493"},"modified":"2024-12-24T09:58:24","modified_gmt":"2024-12-24T08:58:24","slug":"demarches-demenagement","status":"publish","type":"page","link":"https:\/\/www.dudelange.lu\/index.php\/demarches-administratives\/demarches-demenagement\/","title":{"rendered":"D\u00e9m\u00e9nagement"},"content":{"rendered":"<p>Toute personne qui d\u00e9m\u00e9nage au sein de la m\u00eame commune ou dans une autre commune du Grand-Duch\u00e9 de Luxembourg doit d\u00e9clarer son arriv\u00e9e \u00e0 l&rsquo;administration communale concern\u00e9e dans les 8 jours suivant l&rsquo;occupation du nouveau lieu de r\u00e9sidence.<\/p>\n<p>Vous devez vous pr\u00e9senter aupr\u00e8s de votre commune d\u2019arriv\u00e9e muni de:<\/p>\n<ul>\n<li>votre carte d\u2019identit\u00e9 ou passeport en cours de validit\u00e9<\/li>\n<li>votre acte de vente\/contrat de bail\/certificat d\u2019h\u00e9bergement.<\/li>\n<\/ul>\n<p>&nbsp;<\/p>\n<p><span lang=\"LB-LU\"><strong>D\u00e9marches administratives aupr\u00e8s de la commune:<\/strong><\/span><\/p>\n<ul style=\"list-style-type: disc;\">\n<li><span style=\"color: #ef4030;\"><span style=\"text-decoration: underline;\"><a style=\"color: #ef4030; text-decoration: underline;\" href=\"https:\/\/www.dudelange.lu\/index.php\/services-communaux\/office-des-citoyens-biergeramt\/\" target=\"_blank\" rel=\"noopener\">Office des<\/a><\/span><a style=\"color: #ef4030; text-decoration: underline;\" href=\"https:\/\/www.dudelange.lu\/index.php\/services-communaux\/office-des-citoyens-biergeramt\/\" target=\"_blank\" rel=\"noopener\"> citoyen\u00b7nes<\/a><\/span>\n<ul style=\"list-style-type: disc;\">\n<li>Certificat de r\u00e9sidence<\/li>\n<li>Renouvellement de la carte d&rsquo;identit\u00e9<\/li>\n<li>Vignette de stationnement<\/li>\n<li>D\u00e9claration de votre chien<\/li>\n<li>Poubelle<\/li>\n<\/ul>\n<\/li>\n<\/ul>\n<ul style=\"list-style-type: disc;\">\n<li>Concernant votre enfant:\n<ul style=\"list-style-type: disc;\">\n<li><span style=\"color: #ff00ff;\"><span style=\"text-decoration: underline;\"><span style=\"color: #ef4030; text-decoration: underline;\">Service enseignement<\/span><\/span><\/span> : Changement d&rsquo;\u00e9tablissement scolaire<\/li>\n<li><span style=\"color: #ef4030;\"><a style=\"color: #ef4030;\" href=\"https:\/\/www.dudelange.lu\/index.php\/services-communaux\/education-et-accueil\/\" target=\"_blank\" rel=\"noopener\"><span style=\"text-decoration: underline;\">Service \u00e9ducation et accueil<\/span><\/a><\/span> : Inscription \u00e0 une structure d&rsquo;accueil<\/li>\n<\/ul>\n<\/li>\n<\/ul>\n<p>&nbsp;<\/p>\n<p><span lang=\"LB-LU\"><strong>Autres organismes \u00e0 contacter:<\/strong><\/span><br \/>\n<span id=\"DeltaPlaceHolderMain\"><\/span><\/p>\n<ul style=\"list-style-type: disc;\">\n<li>Informer votre employeur\u00b7se<\/li>\n<li>Banques et organismes d&rsquo;assurance (voiture, responsabilit\u00e9 civile, maison)<\/li>\n<li>Soci\u00e9t\u00e9 nationale de contr\u00f4le technique: changement d&rsquo;adresse sur la carte grise de votre v\u00e9hicule<\/li>\n<li>Caisse de maladie<\/li>\n<li>Fournisseurs de gaz et d&rsquo;\u00e9lectricit\u00e9<\/li>\n<li>Fournisseurs t\u00e9l\u00e9vision, t\u00e9l\u00e9phone fixe\/mobile, internet<\/li>\n<li>Administration des P&amp;T<\/li>\n<\/ul>\n<p>&nbsp;<\/p>\n","protected":false},"excerpt":{"rendered":"<p>Toute personne qui d\u00e9m\u00e9nage au sein de la m\u00eame commune [&hellip;]<\/p>\n","protected":false},"author":2,"featured_media":0,"parent":2127,"menu_order":0,"comment_status":"closed","ping_status":"closed","template":"","meta":{"footnotes":""},"class_list":["post-2493","page","type-page","status-publish","hentry"],"publishpress_future_action":{"enabled":false,"date":"2026-05-20 18:31:30","action":"change-status","newStatus":"draft","terms":[],"taxonomy":"","extraData":[]},"publishpress_future_workflow_manual_trigger":{"enabledWorkflows":[]},"_links":{"self":[{"href":"https:\/\/www.dudelange.lu\/index.php\/wp-json\/wp\/v2\/pages\/2493","targetHints":{"allow":["GET"]}}],"collection":[{"href":"https:\/\/www.dudelange.lu\/index.php\/wp-json\/wp\/v2\/pages"}],"about":[{"href":"https:\/\/www.dudelange.lu\/index.php\/wp-json\/wp\/v2\/types\/page"}],"author":[{"embeddable":true,"href":"https:\/\/www.dudelange.lu\/index.php\/wp-json\/wp\/v2\/users\/2"}],"replies":[{"embeddable":true,"href":"https:\/\/www.dudelange.lu\/index.php\/wp-json\/wp\/v2\/comments?post=2493"}],"version-history":[{"count":16,"href":"https:\/\/www.dudelange.lu\/index.php\/wp-json\/wp\/v2\/pages\/2493\/revisions"}],"predecessor-version":[{"id":26374,"href":"https:\/\/www.dudelange.lu\/index.php\/wp-json\/wp\/v2\/pages\/2493\/revisions\/26374"}],"up":[{"embeddable":true,"href":"https:\/\/www.dudelange.lu\/index.php\/wp-json\/wp\/v2\/pages\/2127"}],"wp:attachment":[{"href":"https:\/\/www.dudelange.lu\/index.php\/wp-json\/wp\/v2\/media?parent=2493"}],"curies":[{"name":"wp","href":"https:\/\/api.w.org\/{rel}","templated":true}]}}