{"id":25516,"date":"2024-10-03T13:36:36","date_gmt":"2024-10-03T11:36:36","guid":{"rendered":"https:\/\/www.dudelange.lu\/?page_id=25516"},"modified":"2025-03-05T08:37:01","modified_gmt":"2025-03-05T07:37:01","slug":"naturpakt","status":"publish","type":"page","link":"https:\/\/www.dudelange.lu\/index.php\/naturpakt\/","title":{"rendered":"Pacte Nature"},"content":{"rendered":"<p>La Ville de Dudelange s&rsquo;engage activement pour la protection de la nature et a adh\u00e9r\u00e9 au Pacte nature en 2021. Celui-ci a \u00e9t\u00e9 mis en place par le minist\u00e8re de l&rsquo;Environnement afin de promouvoir et r\u00e9compenser les mesures de protection de la nature au niveau communal. Dans le cadre du premier audit, la commune a obtenu la certification de base avec 41,85 %.<\/p>\n<p>Le Pacte Nature vise \u00e0 promouvoir l&rsquo;engagement en faveur de la protection de la nature au niveau communal et pour que les autorit\u00e9s locales contribuent \u00e0 la mise en \u0153uvre des objectifs du\/de la :<\/p>\n<ul>\n<li>plan national concernant la protection de la nature<\/li>\n<li>plan de gestion des districts hydrographiques (volet \u00e9cologique)<\/li>\n<li>strat\u00e9gie d\u2019adaptation aux effets du changement climatique (volet \u00e9cologique)<\/li>\n<\/ul>\n<p>&#8211;<\/p>\n<p>Die Stadt D\u00fcdelingen setzt sich aktiv f\u00fcr den Naturschutz ein und ist 2021 dem Naturpakt beigetreten. Dieser wurde vom Umweltministerium ins Leben gerufen, um Naturschutzma\u00dfnahmen auf kommunaler Ebene zu f\u00f6rdern und auszuzeichnen. Im Rahmen des ersten Audits erhielt die Gemeinde mit 41,85 % die Basiszertifizierung.<\/p>\n<p>Mit dem Naturpakt soll das Engagement f\u00fcr den Naturschutz auf Gemeindeebene gef\u00f6rdert werden, damit die Kommunen ihren Beitrag leisten k\u00f6nnen zur Umsetzung der Ziele des\/der:<\/p>\n<ul>\n<li>Nationalen Naturschutzplans<\/li>\n<li>Wasserbewirtschaftungsplans (\u00f6kologische Komponente)<\/li>\n<li>Strategie zur Anpassung an die Auswirkungen des Klimawandels (\u00f6kologische Komponente)<\/li>\n<\/ul>\n<p>&nbsp;<\/p>\n<p><strong>Articles Sicona<\/strong>:<\/p>\n<ul style=\"list-style-type: disc;\">\n<li><span style=\"text-decoration: underline;\"><span style=\"color: #ef4030;\"><a style=\"color: #ef4030; text-decoration: underline;\" href=\"https:\/\/sadudelangedata.blob.core.windows.net\/files\/2024\/10\/Pages-from-Buet-Naturpakt-Diddleng-2.pdf\" target=\"_blank\" rel=\"noopener\">Pacte nature \u2013 un engagement certifi\u00e9 !<\/a><\/span><\/span><\/li>\n<li><span style=\"text-decoration: underline;\"><span style=\"color: #ef4030;\"><a style=\"color: #ef4030; text-decoration: underline;\" href=\"https:\/\/sadudelangedata.blob.core.windows.net\/files\/2024\/10\/Pages-from-Buet-Naturpakt-Diddleng.pdf\" target=\"_blank\" rel=\"noopener\">Naturpakt \u2013 Engagement g\u00ebtt ausgezeechent !<\/a><\/span><\/span><\/li>\n<li><span style=\"text-decoration: underline;\"><span style=\"color: #ef4030;\"><a style=\"color: #ef4030; text-decoration: underline;\" href=\"https:\/\/sadudelangedata.blob.core.windows.net\/files\/2025\/03\/Biodiv-Monit_Artikel_Gemengebuet_Dudelange_DE.pdf\" target=\"_blank\" rel=\"noopener\">Monitoring von artenreichen Wiesen und Weiden in D\u00fcdelingen<\/a><\/span><\/span><\/li>\n<\/ul>\n<p>&nbsp;<\/p>\n<p><strong>Infos:<\/strong> <span style=\"text-decoration: underline;\"><span style=\"color: #ef4030; text-decoration: underline;\"><a style=\"color: #ef4030; text-decoration: underline;\" href=\"https:\/\/www.pactenature.lu\/fr\/citoyen\/communes\/dudelange\" target=\"_blank\" rel=\"noopener\">https:\/\/www.pactenature.lu\/fr\/citoyen\/communes\/dudelange<\/a><\/span><\/span><\/p>\n","protected":false},"excerpt":{"rendered":"<p>La Ville de Dudelange s&rsquo;engage activement pour la protection de [&hellip;]<\/p>\n","protected":false},"author":10,"featured_media":25523,"parent":0,"menu_order":0,"comment_status":"closed","ping_status":"closed","template":"","meta":{"footnotes":""},"class_list":["post-25516","page","type-page","status-publish","has-post-thumbnail","hentry"],"publishpress_future_action":{"enabled":false,"date":"2026-05-24 07:09:16","action":"change-status","newStatus":"draft","terms":[],"taxonomy":"","extraData":[]},"publishpress_future_workflow_manual_trigger":{"enabledWorkflows":[]},"_links":{"self":[{"href":"https:\/\/www.dudelange.lu\/index.php\/wp-json\/wp\/v2\/pages\/25516","targetHints":{"allow":["GET"]}}],"collection":[{"href":"https:\/\/www.dudelange.lu\/index.php\/wp-json\/wp\/v2\/pages"}],"about":[{"href":"https:\/\/www.dudelange.lu\/index.php\/wp-json\/wp\/v2\/types\/page"}],"author":[{"embeddable":true,"href":"https:\/\/www.dudelange.lu\/index.php\/wp-json\/wp\/v2\/users\/10"}],"replies":[{"embeddable":true,"href":"https:\/\/www.dudelange.lu\/index.php\/wp-json\/wp\/v2\/comments?post=25516"}],"version-history":[{"count":10,"href":"https:\/\/www.dudelange.lu\/index.php\/wp-json\/wp\/v2\/pages\/25516\/revisions"}],"predecessor-version":[{"id":26927,"href":"https:\/\/www.dudelange.lu\/index.php\/wp-json\/wp\/v2\/pages\/25516\/revisions\/26927"}],"wp:featuredmedia":[{"embeddable":true,"href":"https:\/\/www.dudelange.lu\/index.php\/wp-json\/wp\/v2\/media\/25523"}],"wp:attachment":[{"href":"https:\/\/www.dudelange.lu\/index.php\/wp-json\/wp\/v2\/media?parent=25516"}],"curies":[{"name":"wp","href":"https:\/\/api.w.org\/{rel}","templated":true}]}}