{"id":26132,"date":"2024-11-29T16:15:31","date_gmt":"2024-11-29T15:15:31","guid":{"rendered":"https:\/\/www.dudelange.lu\/?page_id=26132"},"modified":"2026-04-01T15:34:11","modified_gmt":"2026-04-01T13:34:11","slug":"cigale","status":"publish","type":"page","link":"https:\/\/www.dudelange.lu\/index.php\/cigale\/","title":{"rendered":"Centre LGBTIQ+ Cigale"},"content":{"rendered":"<p>Le Centre LGBTIQ+ Cigale, reconnu pour son engagement depuis plus de 20 ans, est un espace de soutien, d&#8217;empowerment et de formation d\u00e9di\u00e9 aux communaut\u00e9s LGBTIQ+. Afin d\u2019\u00eatre plus proche de vous, le Centre LGBTIQ+ Cigale est \u00e9galement pr\u00e9sent \u00e0 Dudelange.<\/p>\n<p><strong><span style=\"color: #ef4030;\">Nous sommes pr\u00e9sent\u00b7es chaque 3e lundi du mois, de 11:00 \u00e0 13:00. <\/span><\/strong><br \/>\n<strong><span style=\"color: #ef4030;\">Pour prendre rendez-vous: e-mail <span style=\"text-decoration: underline;\"><a style=\"color: #ef4030; text-decoration: underline;\" href=\"mailto:info@cigale.lu\" target=\"_blank\" rel=\"noopener\">info@cigale.lu<\/a><\/span> ou t\u00e9l. (+352) 26 19 00 18<\/span><\/strong><\/p>\n<p><strong><span style=\"color: #3e3e3e;\">Besoin d\u2019\u00e9coute, de conseils ou de soutien ? <\/span><\/strong><\/p>\n<p>Notre \u00e9quipe d\u2019\u00e9ducateur\u00b7rices gradu\u00e9\u00b7es est l\u00e0 pour vous. Que vous ayez des questions, des doutes, ou que vous souhaitiez simplement parler, <span style=\"text-decoration: underline;\">nous vous accueillons dans un cadre bienveillant, respectueux et confidentiel<\/span>.<\/p>\n<p>Nous sommes \u00e0 votre disposition pour \u00e9changer sur toutes les <strong>th\u00e9matiques<\/strong> li\u00e9es aux communaut\u00e9s LGBTIQ+ :<\/p>\n<ul>\n<li>Famille<\/li>\n<li>Adolescence<\/li>\n<li>Homoparentalit\u00e9<\/li>\n<li>Coming-In \/ Coming-Out<\/li>\n<li>Transidentit\u00e9<\/li>\n<li>Vie professionnelle<\/li>\n<li>Sant\u00e9 mentale<\/li>\n<li>Discriminations<\/li>\n<li>LGBTIQ+phobies<\/li>\n<li>Violences, etc.<\/li>\n<\/ul>\n<p>Nos <strong>services<\/strong> incluent :<\/p>\n<ul>\n<li>Des entretiens d&rsquo;information et de conseil pour toute personne concern\u00e9e par les questions LGBTIQ+<\/li>\n<li>Un accompagnement socio\u00e9ducatif pour celles et ceux qui traversent des moments difficiles, se sentent isol\u00e9\u00b7es ou ont besoin de soutien pour franchir des \u00e9tapes importantes de leur vie<\/li>\n<li>Des partenariats et orientations vers des services sp\u00e9cialis\u00e9s afin de r\u00e9pondre aux besoins sp\u00e9cifiques des b\u00e9n\u00e9ficiaires<\/li>\n<li>Un acc\u00e8s aux services et aux groupes d\u2019empouvoirement du Centre LGBTIQ+ Cigale<\/li>\n<\/ul>\n<p><span style=\"text-decoration: underline;\"><strong>Plus d&rsquo;infos<\/strong><\/span><\/p>\n<p>Centre LGBTIQ+ Cigale asbl<br \/>\nT (+352) 26 19 00 18<br \/>\n<span style=\"text-decoration: underline;\"><a href=\"mailto:info@cigale.lu\" target=\"_blank\" rel=\"noopener\">info@cigale.lu<\/a><\/span><br \/>\n<span style=\"text-decoration: underline;\"><a href=\"http:\/\/www.cigale.lu\" target=\"_blank\" rel=\"noopener\">www.cigale.lu<\/a><\/span><\/p>\n","protected":false},"excerpt":{"rendered":"<p>Le Centre LGBTIQ+ Cigale, reconnu pour son engagement depuis plus [&hellip;]<\/p>\n","protected":false},"author":8,"featured_media":26136,"parent":0,"menu_order":0,"comment_status":"closed","ping_status":"closed","template":"","meta":{"footnotes":""},"class_list":["post-26132","page","type-page","status-publish","has-post-thumbnail","hentry"],"publishpress_future_action":{"enabled":false,"date":"2026-05-16 08:37:32","action":"change-status","newStatus":"draft","terms":[],"taxonomy":"","extraData":[]},"publishpress_future_workflow_manual_trigger":{"enabledWorkflows":[]},"_links":{"self":[{"href":"https:\/\/www.dudelange.lu\/index.php\/wp-json\/wp\/v2\/pages\/26132","targetHints":{"allow":["GET"]}}],"collection":[{"href":"https:\/\/www.dudelange.lu\/index.php\/wp-json\/wp\/v2\/pages"}],"about":[{"href":"https:\/\/www.dudelange.lu\/index.php\/wp-json\/wp\/v2\/types\/page"}],"author":[{"embeddable":true,"href":"https:\/\/www.dudelange.lu\/index.php\/wp-json\/wp\/v2\/users\/8"}],"replies":[{"embeddable":true,"href":"https:\/\/www.dudelange.lu\/index.php\/wp-json\/wp\/v2\/comments?post=26132"}],"version-history":[{"count":15,"href":"https:\/\/www.dudelange.lu\/index.php\/wp-json\/wp\/v2\/pages\/26132\/revisions"}],"predecessor-version":[{"id":30431,"href":"https:\/\/www.dudelange.lu\/index.php\/wp-json\/wp\/v2\/pages\/26132\/revisions\/30431"}],"wp:featuredmedia":[{"embeddable":true,"href":"https:\/\/www.dudelange.lu\/index.php\/wp-json\/wp\/v2\/media\/26136"}],"wp:attachment":[{"href":"https:\/\/www.dudelange.lu\/index.php\/wp-json\/wp\/v2\/media?parent=26132"}],"curies":[{"name":"wp","href":"https:\/\/api.w.org\/{rel}","templated":true}]}}