{"id":28645,"date":"2025-08-20T09:05:35","date_gmt":"2025-08-20T07:05:35","guid":{"rendered":"https:\/\/www.dudelange.lu\/?page_id=28645"},"modified":"2026-03-03T11:12:28","modified_gmt":"2026-03-03T10:12:28","slug":"location-hall-polyvalent","status":"publish","type":"page","link":"https:\/\/www.dudelange.lu\/index.php\/demarches-administratives\/location-hall-polyvalent\/","title":{"rendered":"Location hall polyvalent"},"content":{"rendered":"<p>Adresse: 8 Route de Bettembourg, L-3429 Dudelange (<a href=\"https:\/\/maps.app.goo.gl\/z6Qy8dRVbi3Ekb5G7\" target=\"_blank\" rel=\"noopener\"><span style=\"text-decoration: underline;\"><span style=\"color: #ef4030; text-decoration: underline;\">Google Maps<\/span><\/span><\/a>)<\/p>\n<ul>\n<li>Capacit\u00e9 : max. 200 personnes<\/li>\n<li>Chaises disponibles : max. 175<\/li>\n<li>Tables disponibles : max. 30 (Dimensions: 80 x 160 cm)<\/li>\n<li>Parking gratuit derri\u00e8re le b\u00e2timent<\/li>\n<li>Tarifs:\n<ul>\n<li>Personnes priv\u00e9es r\u00e9sidentes \u00e0 Dudelange : 300\u20ac<\/li>\n<li>Clubs et associations locales : 0\u20ac<\/li>\n<li>Clubs et associations non locales : 400\u20ac<\/li>\n<li>Clubs et associations non locales &#8211; avec droit d&rsquo;entr\u00e9e : 800\u20ac<\/li>\n<li>Administrations publiques : 500\u20ac<\/li>\n<li>Soci\u00e9t\u00e9s commerciales : 1 000\u20ac<\/li>\n<\/ul>\n<\/li>\n<li><a href=\"https:\/\/sadudelangedata.blob.core.windows.net\/files\/2025\/09\/Plan-Hall-Polyvalent.pdf\" target=\"_blank\" rel=\"noopener\"><span style=\"text-decoration: underline;\"><span style=\"color: #ef4030; text-decoration: underline;\">Plan du hall polyvalent<\/span><\/span><\/a> (PDF, 340 KB)<\/li>\n<li><span style=\"text-decoration: underline;\"><span style=\"color: #ef4030;\"><a style=\"color: #ef4030; text-decoration: underline;\" href=\"https:\/\/sadudelangedata.blob.core.windows.net\/files\/2025\/08\/HALL-POLYVALENT-Reglements-interne-taxe.pdf\" target=\"_blank\" rel=\"noopener\">R\u00e8glements<\/a><\/span><\/span> (PDF, 2,21 MB)<\/li>\n<\/ul>\n<h5><span style=\"color: #ef4030;\">Demande de location<\/span><\/h5>\n<ol>\n<li><strong> Pr\u00e9-r\u00e9servation<\/strong>\n<ul style=\"list-style-type: circle;\">\n<li>Contactez-nous par t\u00e9l\u00e9phone au <strong>516121-3438<\/strong>\u00a0pour v\u00e9rifier la disponibilit\u00e9 du hall polyvalent.<\/li>\n<li>Si une date est libre et vous convient, une pr\u00e9-r\u00e9servation est effectu\u00e9e.<\/li>\n<\/ul>\n<\/li>\n<li><strong> Formulaire<\/strong>\n<ul style=\"list-style-type: circle;\">\n<li>Veuillez ensuite remplir ce <span style=\"text-decoration: underline;\"><span style=\"color: #ef4030; text-decoration: underline;\"><a style=\"color: #ef4030; text-decoration: underline;\" href=\"https:\/\/sadudelangedata.blob.core.windows.net\/files\/2025\/08\/HALL-POLYVALENT-Demande-de-location.pdf\" target=\"_blank\" rel=\"noopener\">formulaire de demande de location<\/a><\/span><\/span> (PDF) et nous l\u2019envoyer par e-mail \u00e0 <span style=\"text-decoration: underline; color: #ef4030;\"><a style=\"color: #ef4030; text-decoration: underline;\" href=\"mailto:salles@dudelange.lu\" target=\"_blank\" rel=\"noopener\">salles@dudelange.lu<\/a><\/span>.<\/li>\n<li><em>Attention :<\/em> la pr\u00e9-r\u00e9servation n\u2019est valable que pendant 1 semaine maximum. Si nous ne recevons pas le formulaire dans ce d\u00e9lai, la pr\u00e9-r\u00e9servation est annul\u00e9e et la date est lib\u00e9r\u00e9e pour d\u2019autres demandes.<\/li>\n<\/ul>\n<\/li>\n<li><strong> Confirmation<\/strong><br \/>\nD\u00e8s que nous recevons le formulaire compl\u00e9t\u00e9, votre demande est compl\u00e8te : la pr\u00e9-r\u00e9servation devient une r\u00e9servation d\u00e9finitive et vous recevez une confirmation de notre part.<\/li>\n<\/ol>\n<p>&nbsp;<\/p>\n<p><img decoding=\"async\" class=\"lazyload alignnone size-full wp-image-28655\" src=\"data:image\/svg+xml,%3Csvg%20xmlns%3D%27http%3A%2F%2Fwww.w3.org%2F2000%2Fsvg%27%20width%3D%27818%27%20height%3D%271055%27%20viewBox%3D%270%200%20818%201055%27%3E%3Crect%20width%3D%27818%27%20height%3D%271055%27%20fill-opacity%3D%220%22%2F%3E%3C%2Fsvg%3E\" data-orig-src=\"https:\/\/sadudelangedata.blob.core.windows.net\/files\/2025\/08\/hallpolyvalent.png\" alt=\"\" width=\"818\" height=\"1055\" \/><\/p>\n","protected":false},"excerpt":{"rendered":"<p>Adresse: 8 Route de Bettembourg, L-3429 Dudelange (Google Maps) Capacit\u00e9 [&hellip;]<\/p>\n","protected":false},"author":8,"featured_media":0,"parent":2127,"menu_order":0,"comment_status":"closed","ping_status":"closed","template":"","meta":{"footnotes":""},"class_list":["post-28645","page","type-page","status-publish","hentry"],"publishpress_future_action":{"enabled":false,"date":"2026-04-18 20:46:04","action":"change-status","newStatus":"draft","terms":[],"taxonomy":"","extraData":[]},"publishpress_future_workflow_manual_trigger":{"enabledWorkflows":[]},"_links":{"self":[{"href":"https:\/\/www.dudelange.lu\/index.php\/wp-json\/wp\/v2\/pages\/28645","targetHints":{"allow":["GET"]}}],"collection":[{"href":"https:\/\/www.dudelange.lu\/index.php\/wp-json\/wp\/v2\/pages"}],"about":[{"href":"https:\/\/www.dudelange.lu\/index.php\/wp-json\/wp\/v2\/types\/page"}],"author":[{"embeddable":true,"href":"https:\/\/www.dudelange.lu\/index.php\/wp-json\/wp\/v2\/users\/8"}],"replies":[{"embeddable":true,"href":"https:\/\/www.dudelange.lu\/index.php\/wp-json\/wp\/v2\/comments?post=28645"}],"version-history":[{"count":34,"href":"https:\/\/www.dudelange.lu\/index.php\/wp-json\/wp\/v2\/pages\/28645\/revisions"}],"predecessor-version":[{"id":30129,"href":"https:\/\/www.dudelange.lu\/index.php\/wp-json\/wp\/v2\/pages\/28645\/revisions\/30129"}],"up":[{"embeddable":true,"href":"https:\/\/www.dudelange.lu\/index.php\/wp-json\/wp\/v2\/pages\/2127"}],"wp:attachment":[{"href":"https:\/\/www.dudelange.lu\/index.php\/wp-json\/wp\/v2\/media?parent=28645"}],"curies":[{"name":"wp","href":"https:\/\/api.w.org\/{rel}","templated":true}]}}