{"id":28942,"date":"2025-10-01T10:50:42","date_gmt":"2025-10-01T08:50:42","guid":{"rendered":"https:\/\/www.dudelange.lu\/?page_id=28942"},"modified":"2025-10-01T10:54:43","modified_gmt":"2025-10-01T08:54:43","slug":"cellule-dachats","status":"publish","type":"page","link":"https:\/\/www.dudelange.lu\/index.php\/services-communaux\/cellule-dachats\/","title":{"rendered":"Cellule d&rsquo;achats"},"content":{"rendered":"<p><span style=\"text-decoration: underline;\"><strong><br \/>\nUnit\u00e9 achats<\/strong><\/span><\/p>\n<p>16, route de Bettembourg ; L-3424 Dudelange<\/p>\n<p><strong>Responsable :<\/strong><\/p>\n<p>Norbert MATHIEU<br \/>\nT 516121 -9814<br \/>\n<span style=\"text-decoration: underline;\"><span style=\"color: #ef4030;\"><a style=\"color: #ef4030; text-decoration: underline;\" href=\"mailto:norbert.mathieu@dudelange.lu\" target=\"_blank\" rel=\"noopener\">Prendre contact\u200b<\/a><\/span><\/span><\/p>\n<p>Tiago MARQUES<br \/>\nT 516121 -9816<br \/>\n<span style=\"text-decoration: underline;\"><span style=\"color: #ef4030;\"><a style=\"color: #ef4030; text-decoration: underline;\" href=\"mailto:tiago.marques@dudelange.lu\" target=\"_blank\" rel=\"noopener\">Prendre contact\u200b<\/a><\/span><\/span><\/p>\n<p><strong>Missions :<\/strong><\/p>\n<ul>\n<li>Traitement et transmission des commandes du service GMP aux fournisseurs<\/li>\n<li>Suivi des commandes et des livraisons ainsi que gestion des stocks<\/li>\n<li>Organisation du flux logistique des commandes<\/li>\n<\/ul>\n<p>&nbsp;<\/p>\n<p><span style=\"text-decoration: underline;\"><strong>Unit\u00e9 gestion logistique et stock<\/strong><\/span><\/p>\n<p><strong>Responsable :<\/strong><\/p>\n<p>Norbert MATHIEU<br \/>\nT 516121 -9814<br \/>\n<span style=\"text-decoration: underline;\"><span style=\"color: #ef4030;\"><a style=\"color: #ef4030; text-decoration: underline;\" href=\"mailto:norbert.mathieu@dudelange.lu\" target=\"_blank\" rel=\"noopener\">Prendre contact\u200b<\/a><\/span><\/span><\/p>\n<p><strong>Magasiniers :<\/strong><\/p>\n<p>Maurizio BOSSI<br \/>\nT 516121 \u2013 9831<\/p>\n<p>Stephane CHRISNACH<br \/>\nT 516121 \u2013 9833<\/p>\n<p>Serge FLANDER<br \/>\nT 516121 \u2013 9833<\/p>\n<p>Clark GOETZINGER<br \/>\nT 516121 \u2013 9832<\/p>\n<p><span style=\"text-decoration: underline;\"><span style=\"color: #ef4030; text-decoration: underline;\"><a style=\"color: #ef4030; text-decoration: underline;\" title=\"Contacter Par E-mail\" href=\"mailto:magasinier@dudelange.lu\" target=\"_blank\" rel=\"noopener\">Contacter par e-mail<\/a><\/span><\/span><\/p>\n<p><strong>Missions :<\/strong><\/p>\n<ul>\n<li>R\u00e9ception, contr\u00f4le et stockage des produits et marchandises livr\u00e9s<\/li>\n<li>Gestion du stock<\/li>\n<\/ul>\n<p><strong><br \/>\n<span style=\"text-decoration: underline;\">Unit\u00e9 factures-fournisseurs<\/span><\/strong><\/p>\n<p><strong>Responsable :<\/strong><\/p>\n<p>Pascal CAPITANI<br \/>\nT 516121 -914<br \/>\n<span style=\"text-decoration: underline;\"><span style=\"color: #ef4030;\"><a style=\"color: #ef4030; text-decoration: underline;\" href=\"mailto:pascal.capitani@dudelange.lu\" target=\"_blank\" rel=\"noopener\">Prendre contact\u200b<\/a><\/span><\/span><\/p>\n<p>V\u00e9ronique HERZOG<br \/>\nT 516121 -903<br \/>\n<span style=\"text-decoration: underline;\"><span style=\"color: #ef4030;\"><a style=\"color: #ef4030; text-decoration: underline;\" href=\"mailto:veronique.herzog@dudelange.lu\" target=\"_blank\" rel=\"noopener\">Prendre contact<\/a><\/span><\/span><\/p>\n<p><strong>Missions :<\/strong><\/p>\n<ul>\n<li>Traitement des factures-fournisseurs<\/li>\n<li>Traitement des rappels de paiement<\/li>\n<\/ul>\n","protected":false},"excerpt":{"rendered":"<p>Unit\u00e9 achats 16, route de Bettembourg ; L-3424 Dudelange Responsable [&hellip;]<\/p>\n","protected":false},"author":9,"featured_media":0,"parent":2203,"menu_order":0,"comment_status":"closed","ping_status":"closed","template":"","meta":{"footnotes":""},"class_list":["post-28942","page","type-page","status-publish","hentry"],"publishpress_future_action":{"enabled":false,"date":"2026-05-08 21:33:17","action":"change-status","newStatus":"draft","terms":[],"taxonomy":"","extraData":[]},"publishpress_future_workflow_manual_trigger":{"enabledWorkflows":[]},"_links":{"self":[{"href":"https:\/\/www.dudelange.lu\/index.php\/wp-json\/wp\/v2\/pages\/28942","targetHints":{"allow":["GET"]}}],"collection":[{"href":"https:\/\/www.dudelange.lu\/index.php\/wp-json\/wp\/v2\/pages"}],"about":[{"href":"https:\/\/www.dudelange.lu\/index.php\/wp-json\/wp\/v2\/types\/page"}],"author":[{"embeddable":true,"href":"https:\/\/www.dudelange.lu\/index.php\/wp-json\/wp\/v2\/users\/9"}],"replies":[{"embeddable":true,"href":"https:\/\/www.dudelange.lu\/index.php\/wp-json\/wp\/v2\/comments?post=28942"}],"version-history":[{"count":5,"href":"https:\/\/www.dudelange.lu\/index.php\/wp-json\/wp\/v2\/pages\/28942\/revisions"}],"predecessor-version":[{"id":28947,"href":"https:\/\/www.dudelange.lu\/index.php\/wp-json\/wp\/v2\/pages\/28942\/revisions\/28947"}],"up":[{"embeddable":true,"href":"https:\/\/www.dudelange.lu\/index.php\/wp-json\/wp\/v2\/pages\/2203"}],"wp:attachment":[{"href":"https:\/\/www.dudelange.lu\/index.php\/wp-json\/wp\/v2\/media?parent=28942"}],"curies":[{"name":"wp","href":"https:\/\/api.w.org\/{rel}","templated":true}]}}