{"id":29058,"date":"2025-10-20T13:53:35","date_gmt":"2025-10-20T11:53:35","guid":{"rendered":"https:\/\/www.dudelange.lu\/?page_id=29058"},"modified":"2025-10-23T10:45:18","modified_gmt":"2025-10-23T08:45:18","slug":"orange-week","status":"publish","type":"page","link":"https:\/\/www.dudelange.lu\/index.php\/orange-week\/","title":{"rendered":"Orange Week"},"content":{"rendered":"<p>L&rsquo;<em>Orange Week<\/em> se d\u00e9roule du 25 novembre (journ\u00e9e internationale pour l\u2019\u00e9limination de la violence \u00e0 l\u2019\u00e9gard des filles* et des femmes*) au 10 d\u00e9cembre (Journ\u00e9e des droits de l&rsquo;homme). Cette campagne vise \u00e0 sensibiliser le grand public \u00e0 la violence envers les femmes* et les filles* pour mettre fin \u00e0 la violence fond\u00e9e sur le genre.<\/p>\n<h5>Vous \u00eates victime de violence?<br \/>\nVous trouverez ici o\u00f9 demander de l&rsquo;aide :<\/h5>\n<p><img decoding=\"async\" class=\"lazyload alignnone wp-image-29072\" src=\"data:image\/svg+xml,%3Csvg%20xmlns%3D%27http%3A%2F%2Fwww.w3.org%2F2000%2Fsvg%27%20width%3D%27153%27%20height%3D%2791%27%20viewBox%3D%270%200%20153%2091%27%3E%3Crect%20width%3D%27153%27%20height%3D%2791%27%20fill-opacity%3D%220%22%2F%3E%3C%2Fsvg%3E\" data-orig-src=\"https:\/\/sadudelangedata.blob.core.windows.net\/files\/2025\/10\/SEGA.jpg\" alt=\"\" width=\"153\" height=\"91\" \/>\u00a0 \u00a0 \u00a0 <img decoding=\"async\" class=\"lazyload alignnone\" style=\"text-decoration-line: underline;\" src=\"data:image\/svg+xml,%3Csvg%20xmlns%3D%27http%3A%2F%2Fwww.w3.org%2F2000%2Fsvg%27%20width%3D%2778%27%20height%3D%2784%27%20viewBox%3D%270%200%2078%2084%27%3E%3Crect%20width%3D%2778%27%20height%3D%2784%27%20fill-opacity%3D%220%22%2F%3E%3C%2Fsvg%3E\" data-orig-src=\"https:\/\/sadudelangedata.blob.core.windows.net\/files\/2024\/12\/einfache-Sprache-280x300.jpg\" width=\"78\" height=\"84\" \/><\/p>\n<ul>\n<li><span style=\"text-decoration: underline; color: #ef4030;\"><a style=\"color: #ef4030; text-decoration: underline;\" href=\"https:\/\/sadudelangedata.blob.core.windows.net\/files\/2025\/10\/FR-Violence-domestique.pdf\" target=\"_blank\" rel=\"noopener\">FR &#8211; Violence domestique<\/a><\/span> (PDF)<\/li>\n<li><a href=\"https:\/\/sadudelangedata.blob.core.windows.net\/files\/2025\/10\/DE-Hausliche-Gewalt.pdf\" target=\"_blank\" rel=\"noopener\"><span style=\"color: #ef4030;\"><span style=\"text-decoration: underline;\">DE &#8211; H\u00e4usliche Gewalt<\/span><\/span><\/a> (PDF)<\/li>\n<li><span style=\"text-decoration: underline;\"><span style=\"color: #ef4030;\"><a href=\"https:\/\/sadudelangedata.blob.core.windows.net\/files\/2025\/10\/EN-Domestic-violence.pdf\" target=\"_blank\" rel=\"noopener\"><span style=\"color: #ef4030; text-decoration: underline;\">EN &#8211; Domestic violence<\/span><\/a><\/span><\/span> (PDF)<\/li>\n<li><span style=\"text-decoration: underline;\"><span style=\"color: #ef4030;\"><a href=\"https:\/\/sadudelangedata.blob.core.windows.net\/files\/2025\/10\/PT-Violencia-domestica.pdf\" target=\"_blank\" rel=\"noopener\"><span style=\"color: #ef4030; text-decoration: underline;\">PT &#8211; Viol\u00eancia dom\u00e9stica<\/span><\/a><\/span><\/span> (PDF)<\/li>\n<\/ul>\n<hr \/>\n<p><img decoding=\"async\" class=\"lazyload \" src=\"data:image\/svg+xml,%3Csvg%20xmlns%3D%27http%3A%2F%2Fwww.w3.org%2F2000%2Fsvg%27%20width%3D%27103%27%20height%3D%27103%27%20viewBox%3D%270%200%20103%20103%27%3E%3Crect%20width%3D%27103%27%20height%3D%27103%27%20fill-opacity%3D%220%22%2F%3E%3C%2Fsvg%3E\" data-orig-src=\"https:\/\/www.profamilia.lu\/skin\/pro_familia\/images\/logo2.png\" width=\"103\" height=\"103\" \/><\/p>\n<ul>\n<li><span style=\"text-decoration: underline; color: #ef4030;\"><a style=\"color: #ef4030;\" href=\"https:\/\/www.profamilia.lu\/Femmes.html\" target=\"_blank\" rel=\"noopener\">www.profamilia.lu<\/a><\/span><\/li>\n<li>T\u00e9l. 51 72 72 440<\/li>\n<li>T\u00e9l. 51 72 72 400<\/li>\n<li><span style=\"text-decoration: underline;\"><span style=\"color: #ef4030;\"><a style=\"color: #ef4030; text-decoration: underline;\" href=\"mailto:femmes@profamilia.lu\" target=\"_blank\" rel=\"noopener\">femmes@profamilia.lu<\/a><\/span><\/span><\/li>\n<\/ul>\n<hr \/>\n<p><img decoding=\"async\" class=\"lazyload \" src=\"data:image\/svg+xml,%3Csvg%20xmlns%3D%27http%3A%2F%2Fwww.w3.org%2F2000%2Fsvg%27%20width%3D%27152%27%20height%3D%2771%27%20viewBox%3D%270%200%20152%2071%27%3E%3Crect%20width%3D%27152%27%20height%3D%2771%27%20fill-opacity%3D%220%22%2F%3E%3C%2Fsvg%3E\" data-orig-src=\"https:\/\/www.umedo.lu\/img\/logo.svg\" alt=\"Logo Umedo\" width=\"152\" height=\"71\" \/><\/p>\n<ul>\n<li class=\"title-h3\"><span style=\"text-decoration: underline; color: #ef4030;\"><a style=\"color: #ef4030; text-decoration: underline;\" href=\"https:\/\/www.umedo.lu\/fr\" target=\"_blank\" rel=\"noopener\">www.umedo.lu<\/a><\/span><\/li>\n<li>T\u00e9l. 621 858 080 (jour et nuit)<\/li>\n<li><span style=\"text-decoration: underline;\"><span style=\"color: #ef4030;\"><a style=\"color: #ef4030; text-decoration: underline;\" href=\"mailto:info@umedo.lu\" target=\"_blank\" rel=\"noopener\">info@umedo.lu<\/a><\/span><\/span><\/li>\n<li><span style=\"text-decoration: underline;\"><span style=\"color: #ef4030; text-decoration: underline;\"><a style=\"color: #ef4030; text-decoration: underline;\" href=\"https:\/\/sadudelangedata.blob.core.windows.net\/files\/2025\/10\/LNS_depliant_FR.pdf\">D\u00e9pliant<\/a><\/span><\/span> (PDF)<\/li>\n<\/ul>\n<hr \/>\n<p><img decoding=\"async\" class=\"lazyload alignnone wp-image-29074\" src=\"data:image\/svg+xml,%3Csvg%20xmlns%3D%27http%3A%2F%2Fwww.w3.org%2F2000%2Fsvg%27%20width%3D%27160%27%20height%3D%2784%27%20viewBox%3D%270%200%20160%2084%27%3E%3Crect%20width%3D%27160%27%20height%3D%2784%27%20fill-opacity%3D%220%22%2F%3E%3C%2Fsvg%3E\" data-orig-src=\"https:\/\/sadudelangedata.blob.core.windows.net\/files\/2025\/10\/cnvv.jpg\" alt=\"\" width=\"160\" height=\"84\" \/><\/p>\n<ul>\n<li><span style=\"text-decoration: underline;\"><span style=\"color: #ef4030; text-decoration: underline;\"><a id=\"logo\" class=\"no-image\" style=\"color: #ef4030; text-decoration: underline;\" href=\"https:\/\/violence.lu\/\" target=\"_blank\" rel=\"noopener\" data-supplied-ml=\"false\">www.violence.lu<\/a><\/span><\/span><\/li>\n<li>T\u00e9l. 2060 1060 (7j\/7, 12h-20h)<\/li>\n<li><span style=\"text-decoration: underline;\"><span style=\"color: #ef4030; text-decoration: underline;\"><a style=\"color: #ef4030; text-decoration: underline;\" href=\"https:\/\/sadudelangedata.blob.core.windows.net\/files\/2025\/10\/MEGA-Affiche-Gewalt-ass-keng-Privaatsaach-A3.pdf\">Affiche<\/a><\/span><\/span> (PDF)<\/li>\n<\/ul>\n<hr \/>\n<h5>Vous \u00eates auteur\u00b7e de violence?<br \/>\nDemandez de l&rsquo;aide :<\/h5>\n<p><img decoding=\"async\" class=\"lazyload \" src=\"data:image\/svg+xml,%3Csvg%20xmlns%3D%27http%3A%2F%2Fwww.w3.org%2F2000%2Fsvg%27%20width%3D%27167%27%20height%3D%2773%27%20viewBox%3D%270%200%20167%2073%27%3E%3Crect%20width%3D%27167%27%20height%3D%2773%27%20fill-opacity%3D%220%22%2F%3E%3C%2Fsvg%3E\" data-orig-src=\"https:\/\/www.croix-rouge.lu\/wp-content\/themes\/ia\/assets\/img\/logo.svg\" width=\"167\" height=\"73\" \/><\/p>\n<ul>\n<li><span style=\"text-decoration: underline;\"><span style=\"color: #ef4030; text-decoration: underline;\"><a style=\"color: #ef4030; text-decoration: underline;\" href=\"https:\/\/www.croix-rouge.lu\/fr\/action\/riicht-eraus\/\" target=\"_blank\" rel=\"noopener\">www.croix-rouge.lu<\/a><\/span><\/span><\/li>\n<li>T\u00e9l. 2755 5800<\/li>\n<li><span style=\"text-decoration: underline;\"><span style=\"color: #ef4030;\"><a style=\"color: #ef4030; text-decoration: underline;\" href=\"mailto:riichteraus@croix-rouge.lu\" target=\"_blank\" rel=\"noopener\">riichteraus@croix-rouge.lu<\/a><\/span><\/span><\/li>\n<\/ul>\n<p>&nbsp;<\/p>\n<hr \/>\n<p>&nbsp;<\/p>\n<p><strong>PLUS DE RENSEIGNEMENTS<\/strong><\/p>\n<ul>\n<li><span style=\"color: #ef4030;\"><a style=\"color: #ef4030;\" href=\"https:\/\/www.dudelange.lu\/index.php\/services-communaux\/egalite-des-chances\/\" target=\"_blank\" rel=\"noopener\"><span style=\"text-decoration: underline;\">Service \u00e0 l&rsquo;\u00c9galit\u00e9 des chances de la Ville de Dudelange<\/span><\/a><\/span><\/li>\n<\/ul>\n","protected":false},"excerpt":{"rendered":"<p>L&rsquo;Orange Week se d\u00e9roule du 25 novembre (journ\u00e9e internationale pour [&hellip;]<\/p>\n","protected":false},"author":8,"featured_media":29081,"parent":0,"menu_order":0,"comment_status":"closed","ping_status":"closed","template":"","meta":{"footnotes":""},"class_list":["post-29058","page","type-page","status-publish","has-post-thumbnail","hentry"],"publishpress_future_action":{"enabled":false,"date":"2026-04-27 04:44:56","action":"change-status","newStatus":"draft","terms":[],"taxonomy":"","extraData":[]},"publishpress_future_workflow_manual_trigger":{"enabledWorkflows":[]},"_links":{"self":[{"href":"https:\/\/www.dudelange.lu\/index.php\/wp-json\/wp\/v2\/pages\/29058","targetHints":{"allow":["GET"]}}],"collection":[{"href":"https:\/\/www.dudelange.lu\/index.php\/wp-json\/wp\/v2\/pages"}],"about":[{"href":"https:\/\/www.dudelange.lu\/index.php\/wp-json\/wp\/v2\/types\/page"}],"author":[{"embeddable":true,"href":"https:\/\/www.dudelange.lu\/index.php\/wp-json\/wp\/v2\/users\/8"}],"replies":[{"embeddable":true,"href":"https:\/\/www.dudelange.lu\/index.php\/wp-json\/wp\/v2\/comments?post=29058"}],"version-history":[{"count":24,"href":"https:\/\/www.dudelange.lu\/index.php\/wp-json\/wp\/v2\/pages\/29058\/revisions"}],"predecessor-version":[{"id":29115,"href":"https:\/\/www.dudelange.lu\/index.php\/wp-json\/wp\/v2\/pages\/29058\/revisions\/29115"}],"wp:featuredmedia":[{"embeddable":true,"href":"https:\/\/www.dudelange.lu\/index.php\/wp-json\/wp\/v2\/media\/29081"}],"wp:attachment":[{"href":"https:\/\/www.dudelange.lu\/index.php\/wp-json\/wp\/v2\/media?parent=29058"}],"curies":[{"name":"wp","href":"https:\/\/api.w.org\/{rel}","templated":true}]}}