{"id":2966,"date":"2021-09-02T11:33:29","date_gmt":"2021-09-02T09:33:29","guid":{"rendered":"http:\/\/app-dudelange-dev.azurewebsites.net\/?page_id=2966"},"modified":"2024-12-24T09:51:08","modified_gmt":"2024-12-24T08:51:08","slug":"autorisation-parentale","status":"publish","type":"page","link":"https:\/\/www.dudelange.lu\/index.php\/demarches-administratives\/autorisation-parentale\/","title":{"rendered":"Autorisation parentale"},"content":{"rendered":"<p>\u200b\u200b\u200bTout\u00b7e mineur\u00b7e qui voyage \u00e0 l\u2019\u00e9tranger sans \u00eatre accompagn\u00e9\u00b7e de ses parents doit \u00eatre muni\u00b7e en plus d\u2019une pi\u00e8ce d\u2019identit\u00e9 valable d\u2019une autorisation parentale. La personne qui d\u00e9tient l\u2019autorit\u00e9 parentale (p\u00e8re, m\u00e8re et tuteur\u00b7rice) doit s\u2019adresser \u00e0 <a href=\"https:\/\/www.dudelange.lu\/index.php\/services-communaux\/office-des-citoyens-biergeramt\/\"><span style=\"text-decoration: underline;\"><span style=\"color: #ef4030; text-decoration: underline;\">l&rsquo;Office des citoyen\u00b7nes<\/span><\/span><\/a>\u200b.\u00a0Elle devra signer un formulaire d\u2019autorisation et pr\u00e9senter:<\/p>\n<ul>\n<li>une pi\u00e8ce d\u2019identit\u00e9;<\/li>\n<li>la destination du voyage;<\/li>\n<li>les dates du voyage;<\/li>\n<li>le nom du\u00b7de la responsable par lequel l\u2019enfant sera accompagn\u00e9\u00b7e.\u200b<\/li>\n<\/ul>\n","protected":false},"excerpt":{"rendered":"<p>\u200b\u200b\u200bTout\u00b7e mineur\u00b7e qui voyage \u00e0 l\u2019\u00e9tranger sans \u00eatre accompagn\u00e9\u00b7e de [&hellip;]<\/p>\n","protected":false},"author":3,"featured_media":0,"parent":2127,"menu_order":0,"comment_status":"closed","ping_status":"closed","template":"","meta":{"footnotes":""},"class_list":["post-2966","page","type-page","status-publish","hentry"],"publishpress_future_action":{"enabled":false,"date":"2026-05-15 04:00:50","action":"change-status","newStatus":"draft","terms":[],"taxonomy":"","extraData":[]},"publishpress_future_workflow_manual_trigger":{"enabledWorkflows":[]},"_links":{"self":[{"href":"https:\/\/www.dudelange.lu\/index.php\/wp-json\/wp\/v2\/pages\/2966","targetHints":{"allow":["GET"]}}],"collection":[{"href":"https:\/\/www.dudelange.lu\/index.php\/wp-json\/wp\/v2\/pages"}],"about":[{"href":"https:\/\/www.dudelange.lu\/index.php\/wp-json\/wp\/v2\/types\/page"}],"author":[{"embeddable":true,"href":"https:\/\/www.dudelange.lu\/index.php\/wp-json\/wp\/v2\/users\/3"}],"replies":[{"embeddable":true,"href":"https:\/\/www.dudelange.lu\/index.php\/wp-json\/wp\/v2\/comments?post=2966"}],"version-history":[{"count":7,"href":"https:\/\/www.dudelange.lu\/index.php\/wp-json\/wp\/v2\/pages\/2966\/revisions"}],"predecessor-version":[{"id":26366,"href":"https:\/\/www.dudelange.lu\/index.php\/wp-json\/wp\/v2\/pages\/2966\/revisions\/26366"}],"up":[{"embeddable":true,"href":"https:\/\/www.dudelange.lu\/index.php\/wp-json\/wp\/v2\/pages\/2127"}],"wp:attachment":[{"href":"https:\/\/www.dudelange.lu\/index.php\/wp-json\/wp\/v2\/media?parent=2966"}],"curies":[{"name":"wp","href":"https:\/\/api.w.org\/{rel}","templated":true}]}}