{"id":30185,"date":"2026-03-16T12:29:25","date_gmt":"2026-03-16T11:29:25","guid":{"rendered":"https:\/\/www.dudelange.lu\/?page_id=30185"},"modified":"2026-03-16T12:29:25","modified_gmt":"2026-03-16T11:29:25","slug":"subside-pour-les-activites-sportives-des-jeunes","status":"publish","type":"page","link":"https:\/\/www.dudelange.lu\/index.php\/demarches-administratives\/subside-pour-les-activites-sportives-des-jeunes\/","title":{"rendered":"Subside pour les activit\u00e9s sportives des jeunes"},"content":{"rendered":"<p><img decoding=\"async\" class=\" lazyloaded\" src=\"https:\/\/sadudelangedata.blob.core.windows.net\/files\/2023\/09\/FR.png\" width=\"20\" height=\"20\" data-orig-src=\"https:\/\/sadudelangedata.blob.core.windows.net\/files\/2023\/09\/FR.png\" \/>\u00a0\u00a0\u00a0Le 13 f\u00e9vrier 2026, la\u00a0<span class=\"hover:entity-accent entity-underline inline cursor-pointer align-baseline\"><span class=\"whitespace-normal\">Ville de Dudelange et l\u2019Office social, avec le soutien de l\u2019\u0152uvre Nationale,<\/span><\/span>\u00a0ont annonc\u00e9 la cr\u00e9ation d\u2019un\u00a0<strong>nouveau subside<\/strong>\u00a0destin\u00e9 \u00e0 favoriser la participation sportive des enfants et jeunes issus de\u00a0<strong>familles \u00e0 faibles revenus<\/strong>.<\/p>\n<p data-start=\"216\" data-end=\"468\">Cette aide est destin\u00e9e \u00e0 prendre en charge une partie des frais d\u2019inscription dans un club sportif local officiellement enregistr\u00e9, \u00e0 hauteur de\u00a0<strong data-start=\"423\" data-end=\"465\">150 euros maximum par an et par enfant<\/strong>\u00a0(moins de 18 ans).<\/p>\n<p data-start=\"470\" data-end=\"771\">L\u2019objectif est de garantir l\u2019\u00e9galit\u00e9 des chances, de promouvoir la sant\u00e9 physique et mentale, et de renforcer l\u2019int\u00e9gration sociale par le sport. Ce projet pilote s\u2019inscrit dans le\u00a0<strong data-start=\"651\" data-end=\"679\">Plan local de sant\u00e9 2025<\/strong>\u00a0et dans la strat\u00e9gie \u00e0 long terme de la Ville liant sant\u00e9, pr\u00e9vention et justice sociale.<\/p>\n<p data-start=\"773\" data-end=\"880\" data-is-last-node=\"\" data-is-only-node=\"\">Les demandes peuvent \u00eatre introduites d\u00e8s maintenant, avec un versement r\u00e9troactif \u00e0 partir du 1er f\u00e9vrier.<\/p>\n<p data-start=\"773\" data-end=\"880\" data-is-last-node=\"\" data-is-only-node=\"\">Vous trouverez le formulaire en cliquant sur ce lien:<\/p>\n<ul>\n<li data-start=\"773\" data-end=\"880\"><a href=\"https:\/\/sadudelangedata.blob.core.windows.net\/files\/2026\/02\/Subvention-sport-enfants-FR.pdf\" target=\"_blank\" rel=\"noopener\"><img decoding=\"async\" class=\" lazyloaded\" src=\"https:\/\/sadudelangedata.blob.core.windows.net\/files\/2023\/09\/FR.png\" width=\"20\" height=\"20\" data-orig-src=\"https:\/\/sadudelangedata.blob.core.windows.net\/files\/2023\/09\/FR.png\" \/><\/a>\u00a0\u00a0<span style=\"text-decoration: underline;\"><span style=\"color: #ef4030; text-decoration: underline;\"><a style=\"color: #ef4030; text-decoration: underline;\" href=\"https:\/\/sadudelangedata.blob.core.windows.net\/files\/2026\/02\/Subvention-sport-enfants-FR.pdf\" target=\"_blank\" rel=\"noopener\">Formulaire subside sports enfants (PDF)<\/a><\/span><\/span><\/li>\n<\/ul>\n<p data-start=\"773\" data-end=\"880\" data-is-last-node=\"\" data-is-only-node=\"\">\u2013<\/p>\n<p><img decoding=\"async\" class=\" lazyloaded\" src=\"https:\/\/cdn-icons-png.flaticon.com\/512\/330\/330146.png\" alt=\"United kingdom free icon\" width=\"20\" height=\"20\" data-orig-src=\"https:\/\/cdn-icons-png.flaticon.com\/512\/330\/330146.png\" \/>\u00a0 \u00a0On 13 February 2026, the City of Dudelange and the Social Services Department, with the support of the \u0152uvre Nationale, announced the introduction of a\u00a0<strong>new grant<\/strong>\u00a0designed to encourage children and young people from\u00a0<strong>low-income families<\/strong>\u00a0to take part in sport.<\/p>\n<p>This grant is intended to cover part of the costs of joining an officially registered local sports club, up to a\u00a0<strong>maximum of \u20ac150 per year per child<\/strong>\u00a0(under 18).<\/p>\n<p>The aim is to ensure equal opportunities, promote physical and mental health, and strengthen social integration through sport. This pilot project forms part of the\u00a0<strong>Local Health Plan 2025<\/strong>\u00a0and the town\u2019s long-term strategy, which combines health, prevention and social justice.<\/p>\n<p>Applications can be submitted immediately, with payments made retrospectively from 1 February.<\/p>\n<p>The form can be found via this link:<\/p>\n<ul>\n<li data-start=\"773\" data-end=\"880\"><img decoding=\"async\" class=\" lazyloaded\" src=\"https:\/\/cdn-icons-png.flaticon.com\/512\/330\/330146.png\" alt=\"United kingdom free icon\" width=\"20\" height=\"20\" data-orig-src=\"https:\/\/cdn-icons-png.flaticon.com\/512\/330\/330146.png\" \/>\u00a0\u00a0<span style=\"text-decoration: underline;\"><span style=\"color: #ef4030; text-decoration: underline;\"><a style=\"color: #ef4030; text-decoration: underline;\" href=\"https:\/\/sadudelangedata.blob.core.windows.net\/files\/2026\/02\/Subvention-sport-enfants-EN.pdf\" target=\"_blank\" rel=\"noopener\">Form subsidy for children\u2019s sports activities (PDF)<\/a><\/span><\/span><\/li>\n<\/ul>\n<p>\u2013<\/p>\n<p><img decoding=\"async\" class=\" ls-is-cached lazyloaded\" src=\"https:\/\/cdn-icons-png.flaticon.com\/512\/329\/329985.png\" alt=\"Germany free icon\" width=\"21\" height=\"21\" data-orig-src=\"https:\/\/cdn-icons-png.flaticon.com\/512\/329\/329985.png\" \/>\u00a0 \u00a0Am 13. Februar 2026 k\u00fcndigten die Stadt Dudelange und das Sozialamt, mit Unterst\u00fctzung der \u0152uvre Nationale, die Schaffung einer\u00a0<strong>neuen Beihilfe<\/strong>\u00a0an, die die Teilnahme von Kindern und Jugendlichen\u00a0<strong>aus einkommensschwachen Familien<\/strong>\u00a0am Sport f\u00f6rdern soll.<\/p>\n<p>Diese Beihilfe soll einen Teil der Kosten f\u00fcr die Anmeldung in einem offiziell registrierten lokalen Sportverein in H\u00f6he von maximal\u00a0<b>150 Euro pro Jahr und Kind<\/b>\u00a0(unter 18) \u00fcbernehmen.<\/p>\n<p>Ziel ist es, Chancengleichheit zu gew\u00e4hrleisten, die k\u00f6rperliche und geistige Gesundheit zu f\u00f6rdern und die soziale Integration durch Sport zu st\u00e4rken. Dieses Pilotprojekt ist Teil des\u00a0<b>lokalen Gesundheitsplans 2025<\/b>\u00a0und der langfristigen Strategie der Stadt, die Gesundheit, Pr\u00e4vention und soziale Gerechtigkeit miteinander verbindet.<\/p>\n<p>Antr\u00e4ge k\u00f6nnen ab sofort gestellt werden, wobei die Zahlung r\u00fcckwirkend ab dem 1. Februar erfolgt.<\/p>\n<p>Das Formular finden Sie unter diesem Link:<\/p>\n<ul>\n<li data-start=\"773\" data-end=\"880\"><a href=\"https:\/\/sadudelangedata.blob.core.windows.net\/files\/2026\/02\/Subvention-sport-enfants-FR.pdf\" target=\"_blank\" rel=\"noopener\"><img decoding=\"async\" class=\" lazyloaded\" src=\"https:\/\/sadudelangedata.blob.core.windows.net\/files\/2023\/09\/FR.png\" width=\"20\" height=\"20\" data-orig-src=\"https:\/\/sadudelangedata.blob.core.windows.net\/files\/2023\/09\/FR.png\" \/><\/a>\u00a0\u00a0<span style=\"text-decoration: underline;\"><span style=\"color: #ef4030; text-decoration: underline;\"><a style=\"color: #ef4030; text-decoration: underline;\" href=\"https:\/\/sadudelangedata.blob.core.windows.net\/files\/2026\/02\/Subvention-sport-enfants-FR.pdf\" target=\"_blank\" rel=\"noopener\">Formulaire subside sports enfants (PDF)<\/a><\/span><\/span><\/li>\n<li><img decoding=\"async\" class=\" lazyloaded\" src=\"https:\/\/cdn-icons-png.flaticon.com\/512\/330\/330146.png\" alt=\"United kingdom free icon\" width=\"20\" height=\"20\" data-orig-src=\"https:\/\/cdn-icons-png.flaticon.com\/512\/330\/330146.png\" \/>\u00a0<span style=\"text-decoration: underline;\"><span style=\"color: #ef4030; text-decoration: underline;\">\u00a0<a style=\"color: #ef4030; text-decoration: underline;\" href=\"https:\/\/sadudelangedata.blob.core.windows.net\/files\/2026\/02\/Subvention-sport-enfants-EN.pdf\" target=\"_blank\" rel=\"noopener\">Form subsidy for children\u2019s sports activities (PDF)<\/a><\/span><\/span><\/li>\n<\/ul>\n<p>\u2013<\/p>\n<p><strong>INFOS<\/strong><\/p>\n<p>Maison sociale<br \/>\n27 rue du Commerce, L-3450 Dudelange<br \/>\nT 516121 -724\u200b<br \/>\n<span style=\"text-decoration: underline;\"><span style=\"color: #ef4030;\"><a style=\"color: #ef4030; text-decoration: underline;\" href=\"mailto:officesocialsecretariat@dudelange.lu\">officesocialsecretariat@dudelange.lu<\/a><\/span><\/span><\/p>\n","protected":false},"excerpt":{"rendered":"<p>\u00a0\u00a0\u00a0Le 13 f\u00e9vrier 2026, la\u00a0Ville de Dudelange et l\u2019Office social, [&hellip;]<\/p>\n","protected":false},"author":10,"featured_media":29996,"parent":2127,"menu_order":0,"comment_status":"closed","ping_status":"closed","template":"","meta":{"footnotes":""},"class_list":["post-30185","page","type-page","status-publish","has-post-thumbnail","hentry"],"publishpress_future_action":{"enabled":false,"date":"2026-05-08 00:29:59","action":"change-status","newStatus":"draft","terms":[],"taxonomy":"","extraData":[]},"publishpress_future_workflow_manual_trigger":{"enabledWorkflows":[]},"_links":{"self":[{"href":"https:\/\/www.dudelange.lu\/index.php\/wp-json\/wp\/v2\/pages\/30185","targetHints":{"allow":["GET"]}}],"collection":[{"href":"https:\/\/www.dudelange.lu\/index.php\/wp-json\/wp\/v2\/pages"}],"about":[{"href":"https:\/\/www.dudelange.lu\/index.php\/wp-json\/wp\/v2\/types\/page"}],"author":[{"embeddable":true,"href":"https:\/\/www.dudelange.lu\/index.php\/wp-json\/wp\/v2\/users\/10"}],"replies":[{"embeddable":true,"href":"https:\/\/www.dudelange.lu\/index.php\/wp-json\/wp\/v2\/comments?post=30185"}],"version-history":[{"count":1,"href":"https:\/\/www.dudelange.lu\/index.php\/wp-json\/wp\/v2\/pages\/30185\/revisions"}],"predecessor-version":[{"id":30186,"href":"https:\/\/www.dudelange.lu\/index.php\/wp-json\/wp\/v2\/pages\/30185\/revisions\/30186"}],"up":[{"embeddable":true,"href":"https:\/\/www.dudelange.lu\/index.php\/wp-json\/wp\/v2\/pages\/2127"}],"wp:featuredmedia":[{"embeddable":true,"href":"https:\/\/www.dudelange.lu\/index.php\/wp-json\/wp\/v2\/media\/29996"}],"wp:attachment":[{"href":"https:\/\/www.dudelange.lu\/index.php\/wp-json\/wp\/v2\/media?parent=30185"}],"curies":[{"name":"wp","href":"https:\/\/api.w.org\/{rel}","templated":true}]}}