{"id":3035,"date":"2021-09-16T09:38:32","date_gmt":"2021-09-16T07:38:32","guid":{"rendered":"https:\/\/dudelange.devoteamlab.lu\/?page_id=3035"},"modified":"2022-03-03T08:55:14","modified_gmt":"2022-03-03T07:55:14","slug":"repas-sur-roues","status":"publish","type":"page","link":"https:\/\/www.dudelange.lu\/index.php\/demarches-administratives\/repas-sur-roues\/","title":{"rendered":"Repas sur roues"},"content":{"rendered":"<p>La Ville de Dudelange dispose d\u2019un service \u00ab\u00a0Repas sur roues\u00a0\u00bb qui vous apporte, du lundi au samedi \u00e0 midi, un repas chaud \u00e0 domicile. Un repas suppl\u00e9mentaire \u00e0 r\u00e9chauffer le dimanche vous sera livr\u00e9 le samedi. Sur demande un repas diab\u00e9tique ou sans sel vous sera livr\u00e9 sur base d\u2019une ordonnance m\u00e9dicale.<\/p>\n<p>Les personnes qui souhaitent faire appel au service \u00ab Repas sur roues \u00bb sont pri\u00e9es de s\u2019adresser pour la demande d\u2019inscription \u00e0 l&rsquo;<a href=\"https:\/\/www.dudelange.lu\/index.php\/services-communaux\/office-des-citoyens-biergeramt\/\"><span style=\"text-decoration: underline;\"><span style=\"color: #ef4030; text-decoration: underline;\">Office des citoyens<\/span><\/span>\u200b<\/a>.<\/p>\n<p>D\u00e9commande d\u2019un repas (pour un ou plusieurs jours):<br \/>\nSERVIOR, T <span id=\"DeltaPlaceHolderMain\">26 55 00 54<\/span><\/p>\n","protected":false},"excerpt":{"rendered":"<p>La Ville de Dudelange dispose d\u2019un service \u00ab\u00a0Repas sur roues\u00a0\u00bb [&hellip;]<\/p>\n","protected":false},"author":3,"featured_media":0,"parent":2127,"menu_order":0,"comment_status":"closed","ping_status":"closed","template":"","meta":{"footnotes":""},"class_list":["post-3035","page","type-page","status-publish","hentry"],"publishpress_future_action":{"enabled":false,"date":"2026-04-23 04:59:46","action":"change-status","newStatus":"draft","terms":[],"taxonomy":"","extraData":[]},"publishpress_future_workflow_manual_trigger":{"enabledWorkflows":[]},"_links":{"self":[{"href":"https:\/\/www.dudelange.lu\/index.php\/wp-json\/wp\/v2\/pages\/3035","targetHints":{"allow":["GET"]}}],"collection":[{"href":"https:\/\/www.dudelange.lu\/index.php\/wp-json\/wp\/v2\/pages"}],"about":[{"href":"https:\/\/www.dudelange.lu\/index.php\/wp-json\/wp\/v2\/types\/page"}],"author":[{"embeddable":true,"href":"https:\/\/www.dudelange.lu\/index.php\/wp-json\/wp\/v2\/users\/3"}],"replies":[{"embeddable":true,"href":"https:\/\/www.dudelange.lu\/index.php\/wp-json\/wp\/v2\/comments?post=3035"}],"version-history":[{"count":7,"href":"https:\/\/www.dudelange.lu\/index.php\/wp-json\/wp\/v2\/pages\/3035\/revisions"}],"predecessor-version":[{"id":16362,"href":"https:\/\/www.dudelange.lu\/index.php\/wp-json\/wp\/v2\/pages\/3035\/revisions\/16362"}],"up":[{"embeddable":true,"href":"https:\/\/www.dudelange.lu\/index.php\/wp-json\/wp\/v2\/pages\/2127"}],"wp:attachment":[{"href":"https:\/\/www.dudelange.lu\/index.php\/wp-json\/wp\/v2\/media?parent=3035"}],"curies":[{"name":"wp","href":"https:\/\/api.w.org\/{rel}","templated":true}]}}