{"id":3040,"date":"2021-09-16T09:57:01","date_gmt":"2021-09-16T07:57:01","guid":{"rendered":"https:\/\/dudelange.devoteamlab.lu\/?page_id=3040"},"modified":"2026-04-22T15:10:01","modified_gmt":"2026-04-22T13:10:01","slug":"activites-et-loisirs-2","status":"publish","type":"page","link":"https:\/\/www.dudelange.lu\/index.php\/activites-et-loisirs-2\/","title":{"rendered":"Activit\u00e9s et loisirs"},"content":{"rendered":"<p><strong>Club Aktif+ Diddeleng<br \/>\n<\/strong>Le Club Aktif+ Diddeleng propose des activit\u00e9s permanentes comme le sport, les ateliers cr\u00e9atifs, les randonn\u00e9es ou petites promenades ainsi que l\u2019organisation de visites guid\u00e9es, conf\u00e9rences, th\u00e9\u00e2tres, excursions, f\u00eates et th\u00e9 dansant, repas r\u00e9guliers de midi et <span id=\"DeltaPlaceHolderMain\">caf\u00e9t\u00e9rias<\/span>.<\/p>\n<p><span class=\"ms-rteThemeForeColor-2-0\">Diddelenger Haus fir Senioren asbl<\/span><br \/>\nClub Aktif+ Diddeleng<br \/>\n48 rue de la Lib\u00e9ration, L-3511 Dudelange<br \/>\nT 26 51 55-1 \/ <span style=\"text-decoration: underline; color: #ef4030;\"><a style=\"color: #ef4030; text-decoration: underline;\" href=\"mailto:info@aktiv.diddeleng.lu\" target=\"_blank\" rel=\"noopener\">info@aktiv-diddeleng.lu<\/a><br \/>\n<\/span><span style=\"text-decoration: underline;\"><span style=\"color: #ef4030;\"><a style=\"color: #ef4030; text-decoration: underline;\" href=\"http:\/\/www.aktiv-diddeleng.lu\" target=\"_blank\" rel=\"noopener\">www.aktiv-diddeleng.lu<\/a><\/span><\/span><\/p>\n<p>&nbsp;<\/p>\n<p><strong>Amiperas<br \/>\n<\/strong>\u200bL\u2019amiperas propose des activit\u00e9s pour seniors\u200b. <span class=\"ms-rteStyle-IntenseEmphasis\"><span class=\"ms-rteThemeForeColor-2-0\">Plus d&rsquo;infos: <\/span><\/span>Edm\u00e9e Anen, T 621 142 820<\/p>\n<p>&nbsp;<\/p>\n<p><strong>G\u00eblle Joeren asbl<br \/>\n<\/strong>Le CIPA (Maison des a\u00een\u00e9\u00b7es de Dudelange) organise des activit\u00e9s de loisirs <span style=\"text-decoration: underline;\">pour leurs r\u00e9sident\u00b7es<\/span>.<\/p>\n<p>SERVIOR Grand-Duc Jean<br \/>\n9 rue Pierre Dupong, L-3449 Dudelange<br \/>\nT 518787 -1<br \/>\n<a href=\"mailto:cipa.grand-duc-jean@servior.lu\" target=\"_blank\" rel=\"noopener\"><span style=\"text-decoration: underline;\"><span style=\"color: #ef4030; text-decoration: underline;\">cipa.grand-duc-jean@servior.lu<\/span><\/span><\/a><br \/>\nCIPA Grand-Duc Jean \u00e0 Dudelange: <span style=\"color: #ef4030;\"><a style=\"color: #ef4030; text-decoration: underline;\" href=\"http:\/\/www.servior.lu\/site\/services_sites_cipa_dudelange\/\" target=\"_blank\" rel=\"noopener\">www.servior.lu<\/a><\/span><\/p>\n<p>&nbsp;<\/p>\n<p><strong>Seniorefitness<br \/>\n<\/strong>\u00c9quipements de fitness en plein air pour les seniors qui se trouvent au lieu-dit &lsquo;Schnauzelach&rsquo;, rue du Centenaire (en face du Centre culturel opderschmelz)<\/p>\n","protected":false},"excerpt":{"rendered":"<p>Club Aktif+ Diddeleng Le Club Aktif+ Diddeleng propose des activit\u00e9s [&hellip;]<\/p>\n","protected":false},"author":3,"featured_media":3041,"parent":0,"menu_order":0,"comment_status":"closed","ping_status":"closed","template":"","meta":{"footnotes":""},"class_list":["post-3040","page","type-page","status-publish","has-post-thumbnail","hentry"],"publishpress_future_action":{"enabled":false,"date":"2026-05-10 05:59:10","action":"change-status","newStatus":"draft","terms":[],"taxonomy":"","extraData":[]},"publishpress_future_workflow_manual_trigger":{"enabledWorkflows":[]},"_links":{"self":[{"href":"https:\/\/www.dudelange.lu\/index.php\/wp-json\/wp\/v2\/pages\/3040","targetHints":{"allow":["GET"]}}],"collection":[{"href":"https:\/\/www.dudelange.lu\/index.php\/wp-json\/wp\/v2\/pages"}],"about":[{"href":"https:\/\/www.dudelange.lu\/index.php\/wp-json\/wp\/v2\/types\/page"}],"author":[{"embeddable":true,"href":"https:\/\/www.dudelange.lu\/index.php\/wp-json\/wp\/v2\/users\/3"}],"replies":[{"embeddable":true,"href":"https:\/\/www.dudelange.lu\/index.php\/wp-json\/wp\/v2\/comments?post=3040"}],"version-history":[{"count":28,"href":"https:\/\/www.dudelange.lu\/index.php\/wp-json\/wp\/v2\/pages\/3040\/revisions"}],"predecessor-version":[{"id":30651,"href":"https:\/\/www.dudelange.lu\/index.php\/wp-json\/wp\/v2\/pages\/3040\/revisions\/30651"}],"wp:featuredmedia":[{"embeddable":true,"href":"https:\/\/www.dudelange.lu\/index.php\/wp-json\/wp\/v2\/media\/3041"}],"wp:attachment":[{"href":"https:\/\/www.dudelange.lu\/index.php\/wp-json\/wp\/v2\/media?parent=3040"}],"curies":[{"name":"wp","href":"https:\/\/api.w.org\/{rel}","templated":true}]}}