{"id":3061,"date":"2021-09-16T10:32:31","date_gmt":"2021-09-16T08:32:31","guid":{"rendered":"https:\/\/dudelange.devoteamlab.lu\/?page_id=3061"},"modified":"2024-10-14T14:07:25","modified_gmt":"2024-10-14T12:07:25","slug":"etat-civil","status":"publish","type":"page","link":"https:\/\/www.dudelange.lu\/index.php\/services-communaux\/etat-civil\/","title":{"rendered":"\u00c9tat civil"},"content":{"rendered":"<p>H\u00f4tel de Ville,\u00a0<span id=\"DeltaPlaceHolderMain\">rez-de-chauss\u00e9e<\/span>, bureau 1<\/p>\n<p><strong>Permanence en cas de d\u00e9c\u00e8s\/naissance:\u00a0<\/strong><span id=\"DeltaPlaceHolderMain\"><strong>M 621 323 324<\/strong><\/span><br \/>\n(de\u00a0<span id=\"DeltaPlaceHolderMain\">9h30 \u00e0 11h30\u00a0<\/span>les samedis ainsi que les jours f\u00e9ri\u00e9s mentionn\u00e9s express\u00e9ment<br \/>\npar voie d&rsquo;affichage \u00e0 la porte\u00a0de\u00a0l&rsquo;enceinte communale)<br \/>\n<span id=\"DeltaPlaceHolderMain\"><\/span><\/p>\n<div>\n<p><span class=\"ms-rteStyle-IntenseEmphasis\"><span class=\"ms-rteThemeForeColor-2-0\">Missions:<\/span><\/span><\/p>\n<div>\n<ul>\n<li>Naissances<\/li>\n<li>Reconnaissances<\/li>\n<li>Partenariats<\/li>\n<li>Mariages<\/li>\n<li>D\u00e9c\u00e8s<\/li>\n<li>Extraits des registres de l&rsquo;\u00e9tat civil\u00a0\u200b<\/li>\n<li>Naturalisations, recouvrements, options<\/li>\n<li>L\u00e9galisation de signature<\/li>\n<li>Cimeti\u00e8res: Gestion de\u00a0<span id=\"DeltaPlaceHolderMain\">concessions<\/span>\u00a0et a\u200bchat de nouvelles concessions<\/li>\n<\/ul>\n<\/div>\n<p>&nbsp;<\/p>\n<p>Myriam HAMMES<br \/>\nT 516121 -223<br \/>\n<a style=\"color: #ef4030;\" href=\"mailto:etatcivil@dudelange.lu\">Prendre contact<br \/>\n<\/a><\/p>\n<\/div>\n<div><\/div>\n<div>Pascale GANTREL<br \/>\nT 516121 -225<br \/>\n<a style=\"color: #ef4030;\" href=\"mailto:etatcivil@dudelange.lu\">Prendre contact<\/a><\/p>\n<p>Camelia SCHMITZ<br \/>\n<span id=\"DeltaPlaceHolderMain\">T 516121 -224<br \/>\n<span style=\"color: #ef4030;\"><a style=\"color: #ef4030;\" href=\"mailto:etatcivil@dudelange.lu\">Prendre contact<\/a><\/span><\/span><\/div>\n<p>&nbsp;<\/p>\n<ul>\n<li><span style=\"text-decoration: underline;\"><span style=\"color: #ef4030;\"><a style=\"color: #ef4030; text-decoration: underline;\" href=\"https:\/\/www.dudelange.lu\/index.php\/demarches-administratives\/lieux-mariage-pacs\/\">Diff\u00e9rents lieux pour c\u00e9l\u00e9brer les mariages civils \/ PACS<\/a><\/span><\/span><\/li>\n<\/ul>\n","protected":false},"excerpt":{"rendered":"<p>H\u00f4tel de Ville,\u00a0rez-de-chauss\u00e9e, bureau 1 Permanence en cas de d\u00e9c\u00e8s\/naissance:\u00a0M [&hellip;]<\/p>\n","protected":false},"author":10,"featured_media":0,"parent":2203,"menu_order":0,"comment_status":"closed","ping_status":"closed","template":"","meta":{"footnotes":""},"class_list":["post-3061","page","type-page","status-publish","hentry"],"publishpress_future_action":{"enabled":false,"date":"2026-04-18 18:00:22","action":"change-status","newStatus":"draft","terms":[],"taxonomy":"","extraData":[]},"publishpress_future_workflow_manual_trigger":{"enabledWorkflows":[]},"_links":{"self":[{"href":"https:\/\/www.dudelange.lu\/index.php\/wp-json\/wp\/v2\/pages\/3061","targetHints":{"allow":["GET"]}}],"collection":[{"href":"https:\/\/www.dudelange.lu\/index.php\/wp-json\/wp\/v2\/pages"}],"about":[{"href":"https:\/\/www.dudelange.lu\/index.php\/wp-json\/wp\/v2\/types\/page"}],"author":[{"embeddable":true,"href":"https:\/\/www.dudelange.lu\/index.php\/wp-json\/wp\/v2\/users\/10"}],"replies":[{"embeddable":true,"href":"https:\/\/www.dudelange.lu\/index.php\/wp-json\/wp\/v2\/comments?post=3061"}],"version-history":[{"count":17,"href":"https:\/\/www.dudelange.lu\/index.php\/wp-json\/wp\/v2\/pages\/3061\/revisions"}],"predecessor-version":[{"id":25729,"href":"https:\/\/www.dudelange.lu\/index.php\/wp-json\/wp\/v2\/pages\/3061\/revisions\/25729"}],"up":[{"embeddable":true,"href":"https:\/\/www.dudelange.lu\/index.php\/wp-json\/wp\/v2\/pages\/2203"}],"wp:attachment":[{"href":"https:\/\/www.dudelange.lu\/index.php\/wp-json\/wp\/v2\/media?parent=3061"}],"curies":[{"name":"wp","href":"https:\/\/api.w.org\/{rel}","templated":true}]}}