{"id":3083,"date":"2021-09-16T10:56:54","date_gmt":"2021-09-16T08:56:54","guid":{"rendered":"https:\/\/dudelange.devoteamlab.lu\/?page_id=3083"},"modified":"2025-07-11T08:51:51","modified_gmt":"2025-07-11T06:51:51","slug":"bibliotheque-publique-regionale","status":"publish","type":"page","link":"https:\/\/www.dudelange.lu\/index.php\/bibliotheque-publique-regionale\/","title":{"rendered":"Biblioth\u00e8que publique r\u00e9gionale"},"content":{"rendered":"<p><strong>Heures d&rsquo;ouverture :<br \/>\n<\/strong><\/p>\n<ul>\n<li>Lundi: ferm\u00e9<\/li>\n<li>Mardi: 9h00-11h30 et 14h00-18h00<\/li>\n<li>Mercredi: 14h00-17h00<\/li>\n<li>Jeudi: 9h00-11h30 et 14h00-18h00<\/li>\n<li>Vendredi: 13h00-17h00<\/li>\n<li>Samedi: 9h00-11h30 et 14h00-17h00 \u200b\u200b\u200b<\/li>\n<\/ul>\n<p><strong>La biblioth\u00e8que vous offre :\u00a0<\/strong><\/p>\n<ul>\n<li>Plus de 34 000\u200b livres, magazines et CDs (livres audio) \u00e0 emprunter<\/li>\n<li>Une grande vari\u00e9t\u00e9 de lectures pour adultes et enfants<\/li>\n<li>Des livres en fran\u00e7ais, allemand, luxembourgeois, anglais, portugais, italien et espagnol<\/li>\n<li>Une inscription gratuite (apportez votre carte d&rsquo;identit\u00e9)<\/li>\n<li>Des journaux \u00e0 consulter sur place<\/li>\n<li>Plusieurs salles de lecture<\/li>\n<li>Des ordinateurs \u00e0 utiliser sur place<\/li>\n<li>Un programme vari\u00e9<\/li>\n<li>La consultation du catalogue en ligne sur <a href=\"https:\/\/www.a-z.lu\/discovery\/search?vid=352LUX_BIBNET_NETWORK:BIBNET_UNION\" target=\"_blank\" rel=\"noopener\"><span style=\"color: #ef4030;\"><u>a-z.lu<\/u><\/span><\/a><strong><em><span style=\"color: #ef4030;\">\u00a0<\/span>\u00a0<\/em><\/strong><\/li>\n<li>Le pr\u00eat d&rsquo;ebooks (plus d&rsquo;informations sur <span style=\"text-decoration: underline; color: #ef4030;\"><a style=\"color: #ef4030; text-decoration: underline;\" href=\"https:\/\/ebooks.lu\/fr\/\" target=\"_blank\" rel=\"noopener\" data-auth=\"NotApplicable\">ebooks.lu<\/a><\/span>)<\/li>\n<li>L&rsquo;acc\u00e8s au service vid\u00e9o \u00e0 la demande \u00ab M\u00e9diath\u00e8que num\u00e9rique du Luxembourg \u00bb\u00a0pour visionner des films, s\u00e9ries et documentaires<\/li>\n<\/ul>\n<p><strong>Biblioth\u00e8que publique r\u00e9gionale<\/strong><br \/>\n24 rue du Commerce, L-3450 Dudelange<br \/>\nT 516121 -250<br \/>\n<span style=\"text-decoration: underline;\"><span style=\"color: #ef4030; text-decoration: underline;\"><a style=\"color: #ef4030; text-decoration: underline;\" href=\"mailto:bibliotheque@dudelange.lu\" target=\"_blank\" rel=\"noopener\">bibliotheque@dudelange.lu<\/a><br \/>\n<\/span><\/span><span style=\"text-decoration: underline;\"><span style=\"color: #ef4030; text-decoration: underline;\"><a style=\"color: #ef4030; text-decoration: underline;\" href=\"http:\/\/www.bibliodudelange.lu\" target=\"_blank\" rel=\"noopener\">www.bibliodudelange.lu<\/a><br \/>\n<\/span><\/span><span style=\"text-decoration: underline;\"><span style=\"color: #ef4030;\"><a style=\"color: #ef4030; text-decoration: underline;\" href=\"https:\/\/www.facebook.com\/bibliodiddeleng\" target=\"_blank\" rel=\"noopener\">Facebook<\/a><br \/>\n<\/span><\/span><span style=\"color: #ef4030;\"><u><a style=\"color: #ef4030;\" href=\"https:\/\/www.instagram.com\/bibliodudelange\/\" target=\"_blank\" rel=\"noopener\">Instagram<\/a><\/u><\/span><\/p>\n<p>[PDF] <span style=\"text-decoration: underline;\"><span style=\"color: #ef4030; text-decoration: underline;\"><a style=\"color: #ef4030; text-decoration: underline;\" href=\"https:\/\/sadudelangedata.blob.core.windows.net\/files\/2021\/09\/614305b431a30-614305b431a31Biblitoheque-depliant-2017.pdf.pdf\" target=\"_blank\" rel=\"noopener\">Biblioth\u00e8que publique r\u00e9gionale<\/a><\/span><\/span><\/p>\n","protected":false},"excerpt":{"rendered":"<p>Heures d&rsquo;ouverture : Lundi: ferm\u00e9 Mardi: 9h00-11h30 et 14h00-18h00 Mercredi: [&hellip;]<\/p>\n","protected":false},"author":10,"featured_media":3795,"parent":0,"menu_order":0,"comment_status":"closed","ping_status":"closed","template":"","meta":{"footnotes":""},"class_list":["post-3083","page","type-page","status-publish","has-post-thumbnail","hentry"],"publishpress_future_action":{"enabled":false,"date":"2026-04-23 15:01:14","action":"change-status","newStatus":"draft","terms":[],"taxonomy":"","extraData":[]},"publishpress_future_workflow_manual_trigger":{"enabledWorkflows":[]},"_links":{"self":[{"href":"https:\/\/www.dudelange.lu\/index.php\/wp-json\/wp\/v2\/pages\/3083","targetHints":{"allow":["GET"]}}],"collection":[{"href":"https:\/\/www.dudelange.lu\/index.php\/wp-json\/wp\/v2\/pages"}],"about":[{"href":"https:\/\/www.dudelange.lu\/index.php\/wp-json\/wp\/v2\/types\/page"}],"author":[{"embeddable":true,"href":"https:\/\/www.dudelange.lu\/index.php\/wp-json\/wp\/v2\/users\/10"}],"replies":[{"embeddable":true,"href":"https:\/\/www.dudelange.lu\/index.php\/wp-json\/wp\/v2\/comments?post=3083"}],"version-history":[{"count":32,"href":"https:\/\/www.dudelange.lu\/index.php\/wp-json\/wp\/v2\/pages\/3083\/revisions"}],"predecessor-version":[{"id":28127,"href":"https:\/\/www.dudelange.lu\/index.php\/wp-json\/wp\/v2\/pages\/3083\/revisions\/28127"}],"wp:featuredmedia":[{"embeddable":true,"href":"https:\/\/www.dudelange.lu\/index.php\/wp-json\/wp\/v2\/media\/3795"}],"wp:attachment":[{"href":"https:\/\/www.dudelange.lu\/index.php\/wp-json\/wp\/v2\/media?parent=3083"}],"curies":[{"name":"wp","href":"https:\/\/api.w.org\/{rel}","templated":true}]}}