{"id":3094,"date":"2021-09-16T11:05:04","date_gmt":"2021-09-16T09:05:04","guid":{"rendered":"https:\/\/dudelange.devoteamlab.lu\/?page_id=3094"},"modified":"2021-09-30T08:43:16","modified_gmt":"2021-09-30T06:43:16","slug":"centre-culturel-opderschmelz","status":"publish","type":"page","link":"https:\/\/www.dudelange.lu\/index.php\/centre-culturel-opderschmelz\/","title":{"rendered":"Centre Culturel opderschmelz"},"content":{"rendered":"<p>Le Centre culturel r\u00e9gional opderschmelz affiche depuis 2007, ann\u00e9e de sa cr\u00e9ation, une programmation pluridisciplinaire et vari\u00e9e. Lieu de r\u00e9f\u00e9rence pour les amateurs de jazz, le centre est soucieux d\u2019offrir \u00e0 son public, au-del\u00e0 des traditionnels rendez-vous de jazz, une panoplie de disciplines allant de la musique pop, rock et blues au th\u00e9\u00e2tre en passant par la danse, les \u00e9v\u00e9nements litt\u00e9raires et les conf\u00e9rences. Le Centre Culturel organise les festivals Touch of Noir et Like a Jazz Machine et assure l\u2019organisation musicale entre autres du festival Zeltik, de la F\u00eate de la Musique et du Summerstage \u00e0 Dudelange. Le b\u00e2timent abrite le Service culturel et ses deux salles de concert et ateliers, l\u2019<a href=\"https:\/\/www.dudelange.lu\/index.php\/ecole-regionale-de-musique\/\" target=\"_blank\" rel=\"noopener\"><span style=\"text-decoration: underline;\"><span style=\"color: #ef4030; text-decoration: underline;\">\u00c9cole r\u00e9gionale de musique<\/span><\/span><\/a> et la salle de r\u00e9p\u00e9tition de l\u2019Harmonie Municipale et de l\u2019Harmonie Forge du Sud.<\/p>\n<p>&nbsp;<\/p>\n<p><strong>Centre culturel r\u00e9gional opderschmelz<\/strong><br \/>\n1a rue du Centenaire, L-3475 Dudelange<br \/>\nT 516121 -2942<br \/>\n<span style=\"text-decoration: underline;\"><span style=\"color: #ef4030;\"><a style=\"color: #ef4030; text-decoration: underline;\" href=\"mailto:culture@dudelange.lu\">culture@dudelange.lu\u200b<\/a><\/span><\/span><br \/>\n<a href=\"https:\/\/opderschmelz.lu\/\" target=\"_blank\" rel=\"noopener\"><span style=\"text-decoration: underline; color: #ef4030;\">www.opderschmelz.lu<\/span>\u200b<\/a><br \/>\n<span style=\"text-decoration: underline;\"><span style=\"color: #ef4030; text-decoration: underline;\"><a style=\"color: #ef4030; text-decoration: underline;\" href=\"https:\/\/www.facebook.com\/opderschmelz\" target=\"_blank\" rel=\"noopener\">Facebook<\/a><\/span><\/span><\/p>\n<p>&nbsp;<\/p>\n<p><strong>Vente de tickets<\/strong><\/p>\n<ul>\n<li><a style=\"color: #ef4030; text-decoration: underline;\" href=\"https:\/\/opderschmelz.lu\/tickets.html\" target=\"_blank\" rel=\"noopener\">Points de vente<\/a><\/li>\n<\/ul>\n<p>La taxe de pr\u00e9vente peut varier selon les points de vente.<br \/>\nPas de taxe de pr\u00e9vente au CCRD opderschmelz et \u00e0 la caisse communale. \u200b<\/p>\n","protected":false},"excerpt":{"rendered":"<p>Le Centre culturel r\u00e9gional opderschmelz affiche depuis 2007, ann\u00e9e de [&hellip;]<\/p>\n","protected":false},"author":10,"featured_media":3100,"parent":0,"menu_order":0,"comment_status":"closed","ping_status":"closed","template":"","meta":{"footnotes":""},"class_list":["post-3094","page","type-page","status-publish","has-post-thumbnail","hentry"],"publishpress_future_action":{"enabled":false,"date":"2026-05-20 13:38:05","action":"change-status","newStatus":"draft","terms":[],"taxonomy":"","extraData":[]},"publishpress_future_workflow_manual_trigger":{"enabledWorkflows":[]},"_links":{"self":[{"href":"https:\/\/www.dudelange.lu\/index.php\/wp-json\/wp\/v2\/pages\/3094","targetHints":{"allow":["GET"]}}],"collection":[{"href":"https:\/\/www.dudelange.lu\/index.php\/wp-json\/wp\/v2\/pages"}],"about":[{"href":"https:\/\/www.dudelange.lu\/index.php\/wp-json\/wp\/v2\/types\/page"}],"author":[{"embeddable":true,"href":"https:\/\/www.dudelange.lu\/index.php\/wp-json\/wp\/v2\/users\/10"}],"replies":[{"embeddable":true,"href":"https:\/\/www.dudelange.lu\/index.php\/wp-json\/wp\/v2\/comments?post=3094"}],"version-history":[{"count":12,"href":"https:\/\/www.dudelange.lu\/index.php\/wp-json\/wp\/v2\/pages\/3094\/revisions"}],"predecessor-version":[{"id":5059,"href":"https:\/\/www.dudelange.lu\/index.php\/wp-json\/wp\/v2\/pages\/3094\/revisions\/5059"}],"wp:featuredmedia":[{"embeddable":true,"href":"https:\/\/www.dudelange.lu\/index.php\/wp-json\/wp\/v2\/media\/3100"}],"wp:attachment":[{"href":"https:\/\/www.dudelange.lu\/index.php\/wp-json\/wp\/v2\/media?parent=3094"}],"curies":[{"name":"wp","href":"https:\/\/api.w.org\/{rel}","templated":true}]}}