{"id":3095,"date":"2021-09-16T11:08:02","date_gmt":"2021-09-16T09:08:02","guid":{"rendered":"https:\/\/dudelange.devoteamlab.lu\/?page_id=3095"},"modified":"2021-09-27T08:18:55","modified_gmt":"2021-09-27T06:18:55","slug":"centre-dart-dominique-lang","status":"publish","type":"page","link":"https:\/\/www.dudelange.lu\/index.php\/centre-dart-dominique-lang\/","title":{"rendered":"Centre d&rsquo;Art Dominique Lang"},"content":{"rendered":"<p>\u200b\u200bLa vocation de ce centre d\u2019art est de permettre \u00e0 tous l&rsquo;acc\u00e8s \u00e0 l&rsquo;art et \u00e0 la culture dans les meilleures conditions. Expositions r\u00e9guli\u00e8res d&rsquo;art contemporain: peintures, sculptures et installation d&rsquo;artistes luxembourgeois et \u00e9trangers. Ouvert du mercredi au dimanche 15h-19h.<\/p>\n<p><strong><br \/>\nCentre d&rsquo;art Dominique Lang<\/strong><br \/>\nGare Dudelange-Ville\u200b<br \/>\nT 516121 -292<br \/>\n<span style=\"text-decoration: underline;\"><span style=\"color: #ef4030;\"><a style=\"color: #ef4030; text-decoration: underline;\" href=\"http:\/\/www.centredart-dudelange.lu\u200b\u200b\u200b\" target=\"_blank\" rel=\"noopener\">www.centredart-dudelange.lu\u200b\u200b\u200b<\/a><br \/>\n<\/span><\/span><span style=\"text-decoration: underline;\"><span style=\"color: #ef4030; text-decoration: underline;\"><a style=\"color: #ef4030; text-decoration: underline;\" href=\"https:\/\/www.facebook.com\/centredartdudelange\" target=\"_blank\" rel=\"noopener\">Facebook<\/a><\/span><\/span><\/p>\n","protected":false},"excerpt":{"rendered":"<p>\u200b\u200bLa vocation de ce centre d\u2019art est de permettre \u00e0 [&hellip;]<\/p>\n","protected":false},"author":9,"featured_media":3725,"parent":0,"menu_order":0,"comment_status":"closed","ping_status":"closed","template":"","meta":{"footnotes":""},"class_list":["post-3095","page","type-page","status-publish","has-post-thumbnail","hentry"],"publishpress_future_action":{"enabled":false,"date":"2026-05-10 05:59:03","action":"change-status","newStatus":"draft","terms":[],"taxonomy":"","extraData":[]},"publishpress_future_workflow_manual_trigger":{"enabledWorkflows":[]},"_links":{"self":[{"href":"https:\/\/www.dudelange.lu\/index.php\/wp-json\/wp\/v2\/pages\/3095","targetHints":{"allow":["GET"]}}],"collection":[{"href":"https:\/\/www.dudelange.lu\/index.php\/wp-json\/wp\/v2\/pages"}],"about":[{"href":"https:\/\/www.dudelange.lu\/index.php\/wp-json\/wp\/v2\/types\/page"}],"author":[{"embeddable":true,"href":"https:\/\/www.dudelange.lu\/index.php\/wp-json\/wp\/v2\/users\/9"}],"replies":[{"embeddable":true,"href":"https:\/\/www.dudelange.lu\/index.php\/wp-json\/wp\/v2\/comments?post=3095"}],"version-history":[{"count":12,"href":"https:\/\/www.dudelange.lu\/index.php\/wp-json\/wp\/v2\/pages\/3095\/revisions"}],"predecessor-version":[{"id":4104,"href":"https:\/\/www.dudelange.lu\/index.php\/wp-json\/wp\/v2\/pages\/3095\/revisions\/4104"}],"wp:featuredmedia":[{"embeddable":true,"href":"https:\/\/www.dudelange.lu\/index.php\/wp-json\/wp\/v2\/media\/3725"}],"wp:attachment":[{"href":"https:\/\/www.dudelange.lu\/index.php\/wp-json\/wp\/v2\/media?parent=3095"}],"curies":[{"name":"wp","href":"https:\/\/api.w.org\/{rel}","templated":true}]}}