{"id":3271,"date":"2021-09-17T11:12:04","date_gmt":"2021-09-17T09:12:04","guid":{"rendered":"https:\/\/dudelange.devoteamlab.lu\/?page_id=3271"},"modified":"2022-08-10T15:07:00","modified_gmt":"2022-08-10T13:07:00","slug":"carsharing","status":"publish","type":"page","link":"https:\/\/www.dudelange.lu\/index.php\/carsharing\/","title":{"rendered":"Carsharing"},"content":{"rendered":"<p><strong>\u200bFLEX &#8211; Carsharing by CFL<\/strong><\/p>\n<p>Les stations FLEX se trouvent pr\u00e8s des gares ou des arr\u00eats CFL et sont ainsi facilement combinables avec les transports en public. A Dudelange, les stations se situent pr\u00e8s de la gare Dudelange-ville et dans la rue Karl Marx (Place Fohrmann), pr\u00e8s de l&rsquo;arr\u00eat Dudelange-centre.<\/p>\n<p>La carte client FLEX (compatible mKaart) remplace int\u00e9gralement les cl\u00e9s du v\u00e9hicule. L\u2019ouverture et la fermeture du v\u00e9hicule FLEX se fait exclusivement au moyen de cette carte. La carte client FLEX \u00e9tant une mKaart, elle peut en m\u00eame temps \u00eatre charg\u00e9e de billets pour trains et bus, ainsi que l\u2019acc\u00e8s aux mBox. Trois mod\u00e8les d\u2019abonnements sont disponibles qui offrent chacun des tarifs comp\u00e9titifs et simples. Le payement sera effectu\u00e9 par cartes de cr\u00e9dit. Le d\u00e9compte se fera par quart d\u2019heure r\u00e9serv\u00e9 et kilom\u00e9trage consomm\u00e9.<\/p>\n<p>Vous pourrez r\u00e9server facilement votre v\u00e9hicule FLEX par l\u2019application mobile FLEX Carsharing (App Store et Google Play), par <span style=\"text-decoration: underline;\"><span style=\"color: #ef4030;\"><a style=\"color: #ef4030; text-decoration: underline;\" href=\"http:\/\/www.flex.lu\" target=\"_blank\" rel=\"noopener\">www.flex.lu<\/a><\/span><\/span> ou en contactant le Servicecenter au t\u00e9l. 2883 3882.<\/p>\n<p>Stations \u00e0 Dudelange:<\/p>\n<ul>\n<li>Gare Dudelange-Ville<\/li>\n<li>rue Karl Marx (c\u00f4t\u00e9 place Fohrmann).<\/li>\n<\/ul>\n<p>&nbsp;<\/p>\n<p><strong>Plus d&rsquo;infos<br \/>\n<\/strong><span style=\"text-decoration: underline;\"><span style=\"color: #ef4030; text-decoration: underline;\"><a style=\"color: #ef4030; text-decoration: underline;\" href=\"http:\/\/www.flex.lu\" target=\"_blank\" rel=\"noopener\"><span style=\"color: #ef4030; text-decoration: underline;\">www.flex.lu<\/span><\/a><\/span><\/span><\/p>\n<p>&nbsp;<\/p>\n","protected":false},"excerpt":{"rendered":"<p>\u200bFLEX &#8211; Carsharing by CFL Les stations FLEX se trouvent [&hellip;]<\/p>\n","protected":false},"author":10,"featured_media":3766,"parent":0,"menu_order":0,"comment_status":"closed","ping_status":"closed","template":"","meta":{"footnotes":""},"class_list":["post-3271","page","type-page","status-publish","has-post-thumbnail","hentry"],"publishpress_future_action":{"enabled":false,"date":"2026-05-10 05:58:43","action":"change-status","newStatus":"draft","terms":[],"taxonomy":"","extraData":[]},"publishpress_future_workflow_manual_trigger":{"enabledWorkflows":[]},"_links":{"self":[{"href":"https:\/\/www.dudelange.lu\/index.php\/wp-json\/wp\/v2\/pages\/3271","targetHints":{"allow":["GET"]}}],"collection":[{"href":"https:\/\/www.dudelange.lu\/index.php\/wp-json\/wp\/v2\/pages"}],"about":[{"href":"https:\/\/www.dudelange.lu\/index.php\/wp-json\/wp\/v2\/types\/page"}],"author":[{"embeddable":true,"href":"https:\/\/www.dudelange.lu\/index.php\/wp-json\/wp\/v2\/users\/10"}],"replies":[{"embeddable":true,"href":"https:\/\/www.dudelange.lu\/index.php\/wp-json\/wp\/v2\/comments?post=3271"}],"version-history":[{"count":7,"href":"https:\/\/www.dudelange.lu\/index.php\/wp-json\/wp\/v2\/pages\/3271\/revisions"}],"predecessor-version":[{"id":18067,"href":"https:\/\/www.dudelange.lu\/index.php\/wp-json\/wp\/v2\/pages\/3271\/revisions\/18067"}],"wp:featuredmedia":[{"embeddable":true,"href":"https:\/\/www.dudelange.lu\/index.php\/wp-json\/wp\/v2\/media\/3766"}],"wp:attachment":[{"href":"https:\/\/www.dudelange.lu\/index.php\/wp-json\/wp\/v2\/media?parent=3271"}],"curies":[{"name":"wp","href":"https:\/\/api.w.org\/{rel}","templated":true}]}}