{"id":3296,"date":"2021-09-17T14:05:08","date_gmt":"2021-09-17T12:05:08","guid":{"rendered":"https:\/\/dudelange.devoteamlab.lu\/?page_id=3296"},"modified":"2025-03-13T08:52:29","modified_gmt":"2025-03-13T07:52:29","slug":"comtabilite","status":"publish","type":"page","link":"https:\/\/www.dudelange.lu\/index.php\/services-communaux\/comtabilite\/","title":{"rendered":"Comptabilit\u00e9 (fournisseurs)"},"content":{"rendered":"<p>H\u00f4tel de Ville, 1er \u00e9tage, bureau 110<\/p>\n<p>Missions:<\/p>\n<ul>\n<li>\u00c9laboration \u200bet suivi du budget<\/li>\n<li>\u00c9critures comptables<\/li>\n<li>D\u00e9claration TVA et Intrastat<\/li>\n<li>Compte administratif<\/li>\n<li>Plan pluriannuel de financement (P.P.F.)<\/li>\n<li>Gestion et suivi fournisseurs<\/li>\n<\/ul>\n<p>&nbsp;<\/p>\n<p>Pascal POULL<br \/>\nChef de service<br \/>\nT 516121 -485<br \/>\n<span style=\"text-decoration: underline; color: #ef4030;\"><a style=\"color: #ef4030; text-decoration: underline;\" href=\"mailto:compta@dudelange.lu\" target=\"_blank\" rel=\"noopener\">Prendre contact<\/a><\/span><\/p>\n<p>Ana BASTOS<br \/>\nT 516121 -487<br \/>\n<span style=\"text-decoration: underline;\"><span style=\"color: #ef4030; text-decoration: underline;\"><a style=\"color: #ef4030; text-decoration: underline;\" href=\"mailto:compta@dudelange.lu\" target=\"_blank\" rel=\"noopener\">Prendre contact<\/a><\/span><\/span><\/p>\n<p>Jessica SPINA<br \/>\nT 516121 -488<br \/>\n<span style=\"text-decoration: underline;\"><span style=\"color: #ef4030; text-decoration: underline;\"><a style=\"color: #ef4030; text-decoration: underline;\" href=\"mailto:compta@dudelange.lu\" target=\"_blank\" rel=\"noopener\">Prendre contact<\/a><\/span><\/span><\/p>\n<p>Marc WOZNIAK<br \/>\nT 516121 -486<br \/>\n<a href=\"mailto:compta@dudelange.lu\"><span style=\"text-decoration: underline;\"><span style=\"color: #ef4030; text-decoration: underline;\">Prendre contact<\/span><\/span><\/a><\/p>\n","protected":false},"excerpt":{"rendered":"<p>H\u00f4tel de Ville, 1er \u00e9tage, bureau 110 Missions: \u00c9laboration \u200bet [&hellip;]<\/p>\n","protected":false},"author":9,"featured_media":0,"parent":2203,"menu_order":0,"comment_status":"closed","ping_status":"closed","template":"","meta":{"footnotes":""},"class_list":["post-3296","page","type-page","status-publish","hentry"],"publishpress_future_action":{"enabled":false,"date":"2026-05-02 15:45:07","action":"change-status","newStatus":"draft","terms":[],"taxonomy":"","extraData":[]},"publishpress_future_workflow_manual_trigger":{"enabledWorkflows":[]},"_links":{"self":[{"href":"https:\/\/www.dudelange.lu\/index.php\/wp-json\/wp\/v2\/pages\/3296","targetHints":{"allow":["GET"]}}],"collection":[{"href":"https:\/\/www.dudelange.lu\/index.php\/wp-json\/wp\/v2\/pages"}],"about":[{"href":"https:\/\/www.dudelange.lu\/index.php\/wp-json\/wp\/v2\/types\/page"}],"author":[{"embeddable":true,"href":"https:\/\/www.dudelange.lu\/index.php\/wp-json\/wp\/v2\/users\/9"}],"replies":[{"embeddable":true,"href":"https:\/\/www.dudelange.lu\/index.php\/wp-json\/wp\/v2\/comments?post=3296"}],"version-history":[{"count":10,"href":"https:\/\/www.dudelange.lu\/index.php\/wp-json\/wp\/v2\/pages\/3296\/revisions"}],"predecessor-version":[{"id":26983,"href":"https:\/\/www.dudelange.lu\/index.php\/wp-json\/wp\/v2\/pages\/3296\/revisions\/26983"}],"up":[{"embeddable":true,"href":"https:\/\/www.dudelange.lu\/index.php\/wp-json\/wp\/v2\/pages\/2203"}],"wp:attachment":[{"href":"https:\/\/www.dudelange.lu\/index.php\/wp-json\/wp\/v2\/media?parent=3296"}],"curies":[{"name":"wp","href":"https:\/\/api.w.org\/{rel}","templated":true}]}}