{"id":3302,"date":"2021-09-17T14:17:12","date_gmt":"2021-09-17T12:17:12","guid":{"rendered":"https:\/\/dudelange.devoteamlab.lu\/?page_id=3302"},"modified":"2024-09-05T09:58:27","modified_gmt":"2024-09-05T07:58:27","slug":"shared-space","status":"publish","type":"page","link":"https:\/\/www.dudelange.lu\/index.php\/shared-space\/","title":{"rendered":"Shared Space"},"content":{"rendered":"<p><strong><em>L&rsquo;art du bon vivre ensemble<\/em><\/strong><\/p>\n<p>Depuis quelque temps maintenant, l\u2019enti\u00e8ret\u00e9 de l\u2019avenue Grande-Duchesse Charlotte est devenue une zone shared space. La 1\u00e8re phase de travaux a \u00e9t\u00e9 cl\u00f4tur\u00e9e en mai 2017, la 2\u00e8me en juin 2020 et la 3\u00e8me phase en mai 2023.<\/p>\n<p>Le \u00ab shared space \u00bb (en fran\u00e7ais \u00ab espace partag\u00e9 \u00bb) est un principe qui vise \u00e0 faire cohabiter les diff\u00e9rents modes de transport et \u00e0 repenser en particulier la signalisation. L\u2019objectif vis\u00e9 est un comportement plus courtois et une responsabilisation de chacun. La vitesse des v\u00e9hicules est r\u00e9duite, la signalisation aussi, la mobilit\u00e9 douce est renforc\u00e9e (pi\u00e9tons, cyclistes), le quartier devient plus agr\u00e9able \u00e0 vivre pour chacun.<\/p>\n<ul>\n<li>Voies, trottoirs, feux rouges, passages pi\u00e9tons et autres marquages sont remplac\u00e9s par une zone unique o\u00f9 tous cohabitent et circulent.<\/li>\n<li>Ce sont les pi\u00e9tons qui ont la priorit\u00e9 absolue, puis les cyclistes et finalement les automobilistes.<\/li>\n<li>Les automobilistes ne sont autoris\u00e9s \u00e0 circuler qu\u2019\u00e0 une vitesse tr\u00e8s limit\u00e9e (max. 20 km\/h).<\/li>\n<\/ul>\n<p><strong>Ses avantages<\/strong>:\u00a0une zone de rencontre harmonieuse et conviviale, favorise la mobilit\u00e9 douce, moins de bruit et de pollution, b\u00e9n\u00e9fique pour la sant\u00e9, l\u2019environnement et la s\u00e9curit\u00e9 routi\u00e8re.<\/p>\n<ul>\n<li>[BLOG] <a style=\"color: #ef4030; text-decoration: underline;\" href=\"https:\/\/www.ondiraitlesud.lu\/category\/shared-space\/\" target=\"_blank\" rel=\"noopener\">Shared Space<\/a><\/li>\n<\/ul>\n<p>&#8211;<\/p>\n<p><em><strong>Die Kunst des guten Miteinanders<\/strong><\/em><\/p>\n<p>Seit einiger Zeit ist nun die gesamte Avenue Grande-Duchesse Charlotte zu einer Shared Space Zone geworden. Die erste Bauphase wurde im Mai 2017 abgeschlossen, die zweite im Juni 2020 und die dritte Phase im Mai 2023.<\/p>\n<p>Der \u201eshared space\u201c (zu Deutsch \u201egeteilter Raum\u201c) ist ein Prinzip, das auf die Koexistenz verschiedener Verkehrsmittel abzielt und insbesondere die Beschilderung neu \u00fcberdenkt. Das angestrebte Ziel ist ein h\u00f6flicheres Verhalten und die \u00dcbernahme von Verantwortung durch jeden Einzelnen. Die Geschwindigkeit der Fahrzeuge wird reduziert, die Beschilderung ebenfalls, die sanfte Mobilit\u00e4t wird gest\u00e4rkt (Fu\u00dfg\u00e4nger, Radfahrer), das Viertel wird f\u00fcr alle lebenswerter.<\/p>\n<ul>\n<li>Fahrbahnen, Gehwege, Ampeln, Zebrastreifen und andere Markierungen werden durch eine einzige Zone ersetzt, in der alle zusammenleben und verkehren.<\/li>\n<li>Fu\u00dfg\u00e4nger haben absoluten Vorrang, gefolgt von Radfahrern und schlie\u00dflich Autofahrern.<\/li>\n<li>Autofahrer d\u00fcrfen nur mit einer sehr begrenzten Geschwindigkeit (max. 20 km\/h) fahren.<\/li>\n<\/ul>\n<p><strong>Vorteile<\/strong>: Eine harmonische und freundliche Begegnungszone, die den Langsamverkehr f\u00f6rdert, weniger L\u00e4rm und Verschmutzung verursacht, der Gesundheit, der Umwelt und der Verkehrssicherheit zugute kommt.<\/p>\n<ul>\n<li>[BLOG] <a style=\"color: #ef4030; text-decoration: underline;\" href=\"https:\/\/www.ondiraitlesud.lu\/category\/shared-space\/\" target=\"_blank\" rel=\"noopener\">Shared Space<\/a><\/li>\n<\/ul>\n","protected":false},"excerpt":{"rendered":"<p>L&rsquo;art du bon vivre ensemble Depuis quelque temps maintenant, l\u2019enti\u00e8ret\u00e9 [&hellip;]<\/p>\n","protected":false},"author":10,"featured_media":20953,"parent":0,"menu_order":0,"comment_status":"closed","ping_status":"closed","template":"","meta":{"footnotes":""},"class_list":["post-3302","page","type-page","status-publish","has-post-thumbnail","hentry"],"publishpress_future_action":{"enabled":false,"date":"2026-05-08 17:52:23","action":"change-status","newStatus":"draft","terms":[],"taxonomy":"","extraData":[]},"publishpress_future_workflow_manual_trigger":{"enabledWorkflows":[]},"_links":{"self":[{"href":"https:\/\/www.dudelange.lu\/index.php\/wp-json\/wp\/v2\/pages\/3302","targetHints":{"allow":["GET"]}}],"collection":[{"href":"https:\/\/www.dudelange.lu\/index.php\/wp-json\/wp\/v2\/pages"}],"about":[{"href":"https:\/\/www.dudelange.lu\/index.php\/wp-json\/wp\/v2\/types\/page"}],"author":[{"embeddable":true,"href":"https:\/\/www.dudelange.lu\/index.php\/wp-json\/wp\/v2\/users\/10"}],"replies":[{"embeddable":true,"href":"https:\/\/www.dudelange.lu\/index.php\/wp-json\/wp\/v2\/comments?post=3302"}],"version-history":[{"count":12,"href":"https:\/\/www.dudelange.lu\/index.php\/wp-json\/wp\/v2\/pages\/3302\/revisions"}],"predecessor-version":[{"id":25192,"href":"https:\/\/www.dudelange.lu\/index.php\/wp-json\/wp\/v2\/pages\/3302\/revisions\/25192"}],"wp:featuredmedia":[{"embeddable":true,"href":"https:\/\/www.dudelange.lu\/index.php\/wp-json\/wp\/v2\/media\/20953"}],"wp:attachment":[{"href":"https:\/\/www.dudelange.lu\/index.php\/wp-json\/wp\/v2\/media?parent=3302"}],"curies":[{"name":"wp","href":"https:\/\/api.w.org\/{rel}","templated":true}]}}