{"id":3356,"date":"2021-09-17T15:11:10","date_gmt":"2021-09-17T13:11:10","guid":{"rendered":"https:\/\/dudelange.devoteamlab.lu\/?page_id=3356"},"modified":"2021-09-20T11:59:57","modified_gmt":"2021-09-20T09:59:57","slug":"train","status":"publish","type":"page","link":"https:\/\/www.dudelange.lu\/index.php\/train\/","title":{"rendered":"Train"},"content":{"rendered":"<p><strong>Ligne 60a<\/strong>: Luxembourg &#8211; Bettembourg &#8211; Dudelange &#8211; Volmerange-les-Mines<\/p>\n<p>La Ville de Dudelange dispose de 4 arr\u00eats CFL qui sont reli\u00e9s \u00e0 Volmerange-les-Mines (dot\u00e9 d\u2019un P&amp;R) respectivement \u00e0 Bettembourg, o\u00f9 le voyageur peut continuer son trajet vers Luxembourg ou Esch-sur-Alzette.<\/p>\n<p><strong><br \/>\nArr\u00eats \u00e0 Dudelange:<\/strong><\/p>\n<ul>\n<li>Dudelange-Burange<\/li>\n<li>Dudelange-Ville<\/li>\n<li>Dudelange-Centre<\/li>\n<li>Dudelange-Usines<\/li>\n<\/ul>\n<p>&nbsp;<\/p>\n<p><strong>Plus d&rsquo;infos<\/strong><br \/>\n<span style=\"text-decoration: underline;\"><span style=\"color: #ef4030; text-decoration: underline;\"><a style=\"color: #ef4030; text-decoration: underline;\" href=\"http:\/\/www.cfl.lu\u200b\" target=\"_blank\" rel=\"noopener\">www.cfl.lu\u200b<\/a><\/span><\/span>\u00a0&#8211; <span style=\"text-decoration: underline;\"><span style=\"color: #ef4030; text-decoration: underline;\"><a style=\"color: #ef4030; text-decoration: underline;\" href=\"http:\/\/www.mobiliteit.lu\" target=\"_blank\" rel=\"noopener\">www.mobiliteit.lu<\/a><\/span><\/span><\/p>\n","protected":false},"excerpt":{"rendered":"<p>Ligne 60a: Luxembourg &#8211; Bettembourg &#8211; Dudelange &#8211; Volmerange-les-Mines La [&hellip;]<\/p>\n","protected":false},"author":10,"featured_media":3360,"parent":0,"menu_order":0,"comment_status":"closed","ping_status":"closed","template":"","meta":{"footnotes":""},"class_list":["post-3356","page","type-page","status-publish","has-post-thumbnail","hentry"],"publishpress_future_action":{"enabled":false,"date":"2026-05-08 13:24:02","action":"change-status","newStatus":"draft","terms":[],"taxonomy":"","extraData":[]},"publishpress_future_workflow_manual_trigger":{"enabledWorkflows":[]},"_links":{"self":[{"href":"https:\/\/www.dudelange.lu\/index.php\/wp-json\/wp\/v2\/pages\/3356","targetHints":{"allow":["GET"]}}],"collection":[{"href":"https:\/\/www.dudelange.lu\/index.php\/wp-json\/wp\/v2\/pages"}],"about":[{"href":"https:\/\/www.dudelange.lu\/index.php\/wp-json\/wp\/v2\/types\/page"}],"author":[{"embeddable":true,"href":"https:\/\/www.dudelange.lu\/index.php\/wp-json\/wp\/v2\/users\/10"}],"replies":[{"embeddable":true,"href":"https:\/\/www.dudelange.lu\/index.php\/wp-json\/wp\/v2\/comments?post=3356"}],"version-history":[{"count":6,"href":"https:\/\/www.dudelange.lu\/index.php\/wp-json\/wp\/v2\/pages\/3356\/revisions"}],"predecessor-version":[{"id":3556,"href":"https:\/\/www.dudelange.lu\/index.php\/wp-json\/wp\/v2\/pages\/3356\/revisions\/3556"}],"wp:featuredmedia":[{"embeddable":true,"href":"https:\/\/www.dudelange.lu\/index.php\/wp-json\/wp\/v2\/media\/3360"}],"wp:attachment":[{"href":"https:\/\/www.dudelange.lu\/index.php\/wp-json\/wp\/v2\/media?parent=3356"}],"curies":[{"name":"wp","href":"https:\/\/api.w.org\/{rel}","templated":true}]}}