{"id":3369,"date":"2021-09-17T15:24:12","date_gmt":"2021-09-17T13:24:12","guid":{"rendered":"https:\/\/dudelange.devoteamlab.lu\/?page_id=3369"},"modified":"2025-07-16T12:59:16","modified_gmt":"2025-07-16T10:59:16","slug":"velo","status":"publish","type":"page","link":"https:\/\/www.dudelange.lu\/index.php\/velo\/","title":{"rendered":"V\u00e9lo"},"content":{"rendered":"<p>Dans sa contribution \u00e0 la lutte contre le r\u00e9chauffement climatique, la Ville de Dudelange soutient activement le d\u00e9veloppement de la mobilit\u00e9 douce.<br \/>\nParmi les subsides mis en place \u00e0 cet effet, vous trouverez ici le formulaire pour la demande de subside \u00e0 l&rsquo;achat d&rsquo;un v\u00e9lo\/casque (en page 4 du formulaire): <span style=\"text-decoration: underline; color: #ef4030;\"><a style=\"color: #ef4030;\" href=\"https:\/\/sadudelangedata.blob.core.windows.net\/files\/2022\/09\/Formulaire-de-demande-utilisation-rationnelle-de-lenergie.pdf\" target=\"_blank\" rel=\"noopener\">Formulaire de demande de subside<\/a><\/span><\/p>\n<p>&nbsp;<\/p>\n<p><strong>V\u00ebl&rsquo;Ok R\u00e9gional<\/strong><\/p>\n<p>V\u00ebl\u2019Ok R\u00e9gional est un projet r\u00e9gional de mise \u00e0 disposition gratuite de v\u00e9los \u00e9lectriques en libre-service du CIGL Esch.\u00a0Rendez-vous \u00e0 l\u2019accueil de l\u2019H\u00f4tel de Ville avec votre carte d\u2019identit\u00e9 pour faire une inscription gratuite. Une inscription en ligne est \u00e9galement possible.<\/p>\n<p>Les stations \u00e0 Dudelange sont:<\/p>\n<ul style=\"list-style-type: disc;\">\n<li>Butschebuerg \/ Place Gymnich<\/li>\n<li>Gare CFL Dudelange-Ville \/ Rue Dominique Lang<\/li>\n<li>Centre Sportif Ren\u00e9 Hartmann \/ Rue du Parc<\/li>\n<li>Parc Le&rsquo;h \/ Rue de la For\u00eat<\/li>\n<li>H\u00f4tel de Ville \/ Place de l&rsquo;H\u00f4tel de Ville<\/li>\n<li>Chapelle Saint-Eloi \/ Rue de la Lib\u00e9ration<\/li>\n<li>Quartier Italie \/ Rue Gare-Usines<\/li>\n<li>Route de Hellange \/ Rue des Pr\u00e9s<\/li>\n<li>Kra\u00efzbierg \/ Rue des Gen\u00eats<\/li>\n<li>Centre culturel opderschmelz\/CNA \/ Rue du Centenaire<\/li>\n<li>\u00c9cole Ribeschpont \/ Rue des Modeleurs<\/li>\n<li>\u00c9cole Op L\u00e9nkeschl\u00e9i \/ Rue Marthe Bigelbach-Fohrmann<\/li>\n<li>Rue Triny Bourkel \/ Rue Anne Holtz<\/li>\n<li>Rue Marion Hammang \/ Rue Triny Bourkel<\/li>\n<li>Schmelz \/ Place Thierry van Werveke<\/li>\n<li>\u00c9cole Strutzbierg \/ Rue des \u00c9coles<\/li>\n<\/ul>\n<p>Inscription: <span style=\"text-decoration: underline;\"><span style=\"color: #ef4030;\"><a style=\"color: #ef4030; text-decoration: underline;\" href=\"https:\/\/formulaires.esch.lu\/Velok\/Controler?action=login&amp;documentId=form_inscription_fr&amp;mediaType=ji_html\" target=\"_blank\" rel=\"noopener\">Formulaire d&rsquo;inscription V\u00ebl&rsquo;Ok R\u00e9gional<\/a><br \/>\n<\/span><\/span>Plus d&rsquo;infos: <a href=\"http:\/\/www.velok.lu\" target=\"_blank\" rel=\"noopener\"><span style=\"text-decoration: underline;\"><span style=\"color: #ef4030; text-decoration: underline;\">www.velok.lu<\/span><\/span><\/a><\/p>\n<p>&nbsp;<\/p>\n<p><strong>Pistes cyclables<\/strong><\/p>\n<p>Les pistes cyclables entre les diff\u00e9rents quartiers permettent un d\u00e9placement facile au sein de la ville. Il existe sur le plan national des pistes cyclables qui longent le territoire de le Ville de Dudelange:<\/p>\n<ul>\n<li>Piste cyclable des 3 Cantons \u2013 PC 6 (54 km)<\/li>\n<li>Piste cyclable de la Terre Rouge \u2013 PC 8 (42.5 km)<\/li>\n<li>Pistes cyclables (et p\u00e9destres) de Dudelange \u00e0 Bettembourg<\/li>\n<\/ul>\n<p>[PDF] <span style=\"text-decoration: underline;\"><span style=\"color: #ef4030;\"><a style=\"color: #ef4030; text-decoration: underline;\" href=\"https:\/\/sadudelangedata.blob.core.windows.net\/files\/2022\/07\/Dudelange-a-velo-2022.pdf\" target=\"_blank\" rel=\"noopener\">Dudelange \u00e0 v\u00e9lo (fr\/de) &#8211; plan des pistes cyclables<\/a><br \/>\n<\/span><\/span>[PDF] <span style=\"text-decoration: underline;\"><span style=\"color: #ef4030;\">P<a style=\"color: #ef4030; text-decoration: underline;\" href=\"https:\/\/sadudelangedata.blob.core.windows.net\/files\/2022\/07\/Plan-piste-cyclable-Dudelange-Bettembourg.pdf\" target=\"_blank\" rel=\"noopener\">iste cyclable<\/a><\/span><\/span><span style=\"color: #ef4030;\"><a style=\"color: #ef4030; text-decoration: underline;\" href=\"https:\/\/sadudelangedata.blob.core.windows.net\/files\/2022\/07\/Plan-piste-cyclable-Dudelange-Bettembourg.pdf\" target=\"_blank\" rel=\"noopener\"> Dudelange-Bettembourg<\/a><\/span><span style=\"color: #000000;\"><br \/>\n<\/span>[PDF] <span style=\"text-decoration: underline;\"><span style=\"color: #ef4030;\"><a style=\"color: #ef4030; text-decoration: underline;\" href=\"https:\/\/sadudelangedata.blob.core.windows.net\/files\/2021\/09\/6144a048ad098-6144a048ad099velomap.pdf.pdf\" target=\"_blank\" rel=\"noopener\">Plan des pistes nationales<\/a><\/span><\/span><\/p>\n<p>Plus d&rsquo;infos:\u00a0<span style=\"text-decoration: underline;\"><span style=\"color: #ef4030; text-decoration: underline;\"><a style=\"color: #ef4030; text-decoration: underline;\" href=\"https:\/\/travaux.public.lu\/fr\/reseau-cyclable\/itineraires-nationaux.html\" target=\"_blank\" rel=\"noopener\">www.velospisten.lu<\/a><\/span><\/span> &#8211; <span style=\"text-decoration: underline;\"><span style=\"color: #ef4030; text-decoration: underline;\"><a style=\"color: #ef4030; text-decoration: underline;\" href=\"https:\/\/provelo.lu\/\" target=\"_blank\" rel=\"noopener\">www.provelo.lu<\/a><\/span><\/span> &#8211; <span style=\"text-decoration: underline;\"><span style=\"color: #ef4030; text-decoration: underline;\"><a style=\"color: #ef4030; text-decoration: underline;\" href=\"https:\/\/www.facebook.com\/velodiddeleng\/\" target=\"_blank\" rel=\"noopener\">VELO Diddeleng<\/a><\/span><\/span><\/p>\n<p>&nbsp;<\/p>\n<p><strong>Parcours VTT<\/strong><\/p>\n<ul>\n<li>Parcours VTT Redrock &#8211; [PDF] <span style=\"text-decoration: underline;\"><span style=\"color: #ef4030;\"><a style=\"color: #ef4030; text-decoration: underline;\" href=\"https:\/\/sadudelangedata.blob.core.windows.net\/files\/2021\/09\/6144a3a7993c7-6144a3a7993c8Redrock-mtb-trails-Dudelange.pdf.pdf\" target=\"_blank\" rel=\"noopener\">Redrock MTB trails Dudelange<\/a><\/span><\/span>\n<ul>\n<li>RedRock MTB trail Haard red \/ Level S2 (27,4 km) &#8211; <a href=\"https:\/\/www.visitminett.lu\/en\/what-to-do\/sport-leisure\/fiche\/vtt\/redrock-mtb-trail-haard-red\" target=\"_blank\" rel=\"noopener\"><span style=\"text-decoration: underline;\"><span style=\"color: #ef4030; text-decoration: underline;\">Plus d&rsquo;infos<\/span><\/span><\/a><\/li>\n<li>RedRock MTB trail Haard black \/ Level S2-3 (27,6 km) &#8211; <a href=\"https:\/\/www.visitminett.lu\/en\/what-to-do\/sport-leisure\/fiche\/vtt\/minett-mtb-trail-haard-black\" target=\"_blank\" rel=\"noopener\"><span style=\"text-decoration: underline;\"><span style=\"color: #ef4030; text-decoration: underline;\">Plus d&rsquo;infos<\/span><\/span><\/a><\/li>\n<\/ul>\n<\/li>\n<li>Circuit transfrontalier de la r\u00e9gion Minette (10km) \u2013 <span style=\"text-decoration: underline; color: #ef4030;\"><a style=\"color: #ef4030; text-decoration: underline;\" href=\"https:\/\/www.visitminett.lu\/fr\/que-faire\/randonnee-marche\/fiche\/walking\/cross-border-circular-route-of-the-minett\" target=\"_blank\" rel=\"noopener\">Plus d\u2019infos<\/a><\/span><\/li>\n<\/ul>\n<p>&nbsp;<\/p>\n<p>&nbsp;<\/p>\n<p><strong>Jardin de la circulation<\/strong><\/p>\n<p>La Ville de Dudelange a am\u00e9nag\u00e9 pr\u00e9s de l&rsquo;\u00e9cole Ribeschpont un jardin de circulation qui permet, dans un cadre prot\u00e9g\u00e9 et sans trafic, l\u2019apprentissage des premiers pas du cyclisme et des r\u00e8gles de circulation. Le site a \u00e9t\u00e9 enti\u00e8rement am\u00e9nag\u00e9 et adapt\u00e9 aux cyclistes avec les signalisations les plus fr\u00e9quentes du code de la route ainsi que des situations r\u00e9elles au trafic routier, tels que des croisements ou un rond-point.<\/p>\n<p>&nbsp;<\/p>\n<p><strong>bikebox<\/strong><\/p>\n<p>La bikebox (ancienne mBox) est un parc \u00e0 v\u00e9los s\u00e9curis\u00e9 qui sert \u00e0 faciliter les correspondances entre le v\u00e9lo et le bus ou le train et \u00e0 garantir une meilleure protection contre le vol et le vandalisme des v\u00e9los. Il est situ\u00e9 \u00e0 c\u00f4t\u00e9 de la Gare Dudelange-Ville.<\/p>\n<p>Plus d&rsquo;infos: \u200b<span style=\"text-decoration: underline;\"><span style=\"color: #ef4030; text-decoration: underline;\"><a style=\"color: #ef4030; text-decoration: underline;\" href=\"https:\/\/www.cfl.lu\/fr-fr\/withoutbarrier\/detail\/bikebox\" target=\"_blank\" rel=\"noopener\">CFL bikebox<\/a><\/span><\/span> \u200b<\/p>\n<p>&nbsp;<\/p>\n<p><strong>Stations de r\u00e9parations de v\u00e9los<\/strong><\/p>\n<p>La Ville de Dudelange met \u00e0 la disposition des cyclistes deux stations de r\u00e9parations de v\u00e9los qui permettent de petits d\u00e9pannages de type gonflement des pneus, r\u00e9glage des freins ou de la hauteur de la selle, etc.<br \/>\nElles sont situ\u00e9es:<\/p>\n<ul>\n<li>au Parc Emile Mayrisch,<\/li>\n<li>rue Reiteschkopp (\u00e0 la droite du parking du stade Barozzi, pr\u00e8s de la station de lavage de v\u00e9los). \u200b\u200b\u200b<\/li>\n<\/ul>\n<p>&nbsp;<\/p>\n<p><strong>Station de lavage pour VTT<\/strong><\/p>\n<p>Cette station, situ\u00e9e rue Reiteschkopp (pr\u00e8s du parking du stade Barozzi), permet de laver son VTT \u00e0 la fin d\u2019une balade dans les bois et de gonfler ses pneus. Elle fonctionne avec des jetons disponibles gratuitement au:<\/p>\n<p>Centre sportif Ren\u00e9 Hartmann<br \/>\n2 Rue Ren\u00e9 Hartmann, L-3425 Dudelange<br \/>\nT 516121 -510 \/ sds@dudelange.lu<\/p>\n<p>Tourist Office<br \/>\n17 rue du Commerce, L-3450 Dudelange<br \/>\nT 26 52 26 20 \/ info@visitdudelange.lu<\/p>\n<p>&nbsp;<\/p>\n<p>&nbsp;<\/p>\n","protected":false},"excerpt":{"rendered":"<p>Dans sa contribution \u00e0 la lutte contre le r\u00e9chauffement climatique, [&hellip;]<\/p>\n","protected":false},"author":10,"featured_media":3558,"parent":0,"menu_order":0,"comment_status":"closed","ping_status":"closed","template":"","meta":{"footnotes":""},"class_list":["post-3369","page","type-page","status-publish","has-post-thumbnail","hentry"],"publishpress_future_action":{"enabled":false,"date":"2026-04-15 15:10:10","action":"change-status","newStatus":"draft","terms":[],"taxonomy":"","extraData":[]},"publishpress_future_workflow_manual_trigger":{"enabledWorkflows":[]},"_links":{"self":[{"href":"https:\/\/www.dudelange.lu\/index.php\/wp-json\/wp\/v2\/pages\/3369","targetHints":{"allow":["GET"]}}],"collection":[{"href":"https:\/\/www.dudelange.lu\/index.php\/wp-json\/wp\/v2\/pages"}],"about":[{"href":"https:\/\/www.dudelange.lu\/index.php\/wp-json\/wp\/v2\/types\/page"}],"author":[{"embeddable":true,"href":"https:\/\/www.dudelange.lu\/index.php\/wp-json\/wp\/v2\/users\/10"}],"replies":[{"embeddable":true,"href":"https:\/\/www.dudelange.lu\/index.php\/wp-json\/wp\/v2\/comments?post=3369"}],"version-history":[{"count":54,"href":"https:\/\/www.dudelange.lu\/index.php\/wp-json\/wp\/v2\/pages\/3369\/revisions"}],"predecessor-version":[{"id":28194,"href":"https:\/\/www.dudelange.lu\/index.php\/wp-json\/wp\/v2\/pages\/3369\/revisions\/28194"}],"wp:featuredmedia":[{"embeddable":true,"href":"https:\/\/www.dudelange.lu\/index.php\/wp-json\/wp\/v2\/media\/3558"}],"wp:attachment":[{"href":"https:\/\/www.dudelange.lu\/index.php\/wp-json\/wp\/v2\/media?parent=3369"}],"curies":[{"name":"wp","href":"https:\/\/api.w.org\/{rel}","templated":true}]}}