{"id":3404,"date":"2021-09-17T15:59:52","date_gmt":"2021-09-17T13:59:52","guid":{"rendered":"https:\/\/dudelange.devoteamlab.lu\/?page_id=3404"},"modified":"2021-10-22T15:47:41","modified_gmt":"2021-10-22T13:47:41","slug":"reserve-naturelle-haard","status":"publish","type":"page","link":"https:\/\/www.dudelange.lu\/index.php\/reserve-naturelle-haard\/","title":{"rendered":"R\u00e9serve naturelle Haard"},"content":{"rendered":"<p><strong>La plus grande r\u00e9serve naturelle du pays<\/strong><\/p>\n<p>Elle s\u2019\u00e9tend sur trois communes : Dudelange, Kayl et Rumelange. Avec sa superficie de 600 ha, c\u2019est la plus grande r\u00e9serve naturelle du pays. Faisant partie du r\u00e9seau europ\u00e9en Natura 2000 et d\u00e9clar\u00e9e officiellement r\u00e9serve naturelle en 1994, la r\u00e9serve \u00ab Haard-Hesselsbierg-Staebierg \u00bb a la particularit\u00e9 d\u2019\u00eatre compos\u00e9e d\u2019anciens sites d\u2019exploitation \u00e0 ciel ouvert.<\/p>\n<p>Apr\u00e8s leur abandon par l\u2019homme, la nature a r\u00e9investi l\u2019espace, donnant \u00e0 de nombreuses esp\u00e8ces la possibilit\u00e9 d\u2019y construire leur habitation et de s\u2019y d\u00e9velopper. Autrefois semi s\u00e8ches, les pelouses se sont peu \u00e0 peu m\u00e9tamorphos\u00e9es en paradis autant pour la faune que pour la flore. Mais pour autant, des vestiges de l\u2019\u00e9poque de l\u2019exploitation mini\u00e8re sont toujours visibles et donnent aux visiteurs et marcheurs un aper\u00e7u de ce que le terrain a pu \u00eatre jadis.<\/p>\n<p>Couches de minerai, couches de calcaires, autant d\u2019empreintes laiss\u00e9es l\u00e0 comme le t\u00e9moin d\u2019une vie pass\u00e9e. Et pour mieux d\u00e9couvrir et comprendre la richesse patrimoniale et culturelle de cette r\u00e9serve naturelle hors normes, 16 panneaux explicatifs vous accompagnent le long de votre parcours.<\/p>\n<p>&nbsp;<\/p>\n<ul>\n<li>[PDF] <a href=\"https:\/\/environnement.public.lu\/dam-assets\/documents\/natur-erliewen\/les-centres-d-acceuils\/ellergronn\/ANF-Guide-de-conduite-Minette-web.pdf\" target=\"_blank\" rel=\"noopener\"><span style=\"text-decoration: underline;\"><span style=\"color: #ef4030; text-decoration: underline;\">Guide de bonne conduite Minette<\/span><\/span><\/a><\/li>\n<li>[PDF] <span style=\"text-decoration: underline;\"><span style=\"color: #ef4030; text-decoration: underline;\"><a style=\"color: #ef4030; text-decoration: underline;\" href=\"https:\/\/environnement.public.lu\/dam-assets\/fr\/conserv_nature\/publications\/Naturschutzgebiet_reserve_naturelle_Haard-Hesselsbierg-Staebierg\/Naturschutzgebiet_R__serve_naturelle_Haard-Hesselbierg-Staebierg.pdf\" target=\"_blank\" rel=\"noopener\">R\u00e9serve naturelle Haard-Hesselsbierg-Staebierg<\/a><\/span><\/span><\/li>\n<\/ul>\n","protected":false},"excerpt":{"rendered":"<p>La plus grande r\u00e9serve naturelle du pays Elle s\u2019\u00e9tend sur [&hellip;]<\/p>\n","protected":false},"author":8,"featured_media":3393,"parent":0,"menu_order":0,"comment_status":"closed","ping_status":"closed","template":"","meta":{"footnotes":""},"class_list":["post-3404","page","type-page","status-publish","has-post-thumbnail","hentry"],"publishpress_future_action":{"enabled":false,"date":"2026-05-16 08:35:49","action":"change-status","newStatus":"draft","terms":[],"taxonomy":"","extraData":[]},"publishpress_future_workflow_manual_trigger":{"enabledWorkflows":[]},"_links":{"self":[{"href":"https:\/\/www.dudelange.lu\/index.php\/wp-json\/wp\/v2\/pages\/3404","targetHints":{"allow":["GET"]}}],"collection":[{"href":"https:\/\/www.dudelange.lu\/index.php\/wp-json\/wp\/v2\/pages"}],"about":[{"href":"https:\/\/www.dudelange.lu\/index.php\/wp-json\/wp\/v2\/types\/page"}],"author":[{"embeddable":true,"href":"https:\/\/www.dudelange.lu\/index.php\/wp-json\/wp\/v2\/users\/8"}],"replies":[{"embeddable":true,"href":"https:\/\/www.dudelange.lu\/index.php\/wp-json\/wp\/v2\/comments?post=3404"}],"version-history":[{"count":8,"href":"https:\/\/www.dudelange.lu\/index.php\/wp-json\/wp\/v2\/pages\/3404\/revisions"}],"predecessor-version":[{"id":13434,"href":"https:\/\/www.dudelange.lu\/index.php\/wp-json\/wp\/v2\/pages\/3404\/revisions\/13434"}],"wp:featuredmedia":[{"embeddable":true,"href":"https:\/\/www.dudelange.lu\/index.php\/wp-json\/wp\/v2\/media\/3393"}],"wp:attachment":[{"href":"https:\/\/www.dudelange.lu\/index.php\/wp-json\/wp\/v2\/media?parent=3404"}],"curies":[{"name":"wp","href":"https:\/\/api.w.org\/{rel}","templated":true}]}}