{"id":3418,"date":"2021-09-17T16:23:25","date_gmt":"2021-09-17T14:23:25","guid":{"rendered":"https:\/\/dudelange.devoteamlab.lu\/?page_id=3418"},"modified":"2023-11-29T12:18:29","modified_gmt":"2023-11-29T11:18:29","slug":"parcours-vtt","status":"publish","type":"page","link":"https:\/\/www.dudelange.lu\/index.php\/parcours-vtt\/","title":{"rendered":"Parcours VTT"},"content":{"rendered":"<p><strong>Parcours VTT Redrock<\/strong><\/p>\n<p>Deux parcours VTT balis\u00e9s vous sont propos\u00e9s dans la r\u00e9serve naturelle Haard.<br \/>\nD\u00e9part: Parking Boulodrome, rue Reiteschkopp L-3476 Dudelange.<\/p>\n<ul>\n<li>RedRock MTB Trail \u00ab\u00a0Haard Red\u00a0\u00bb \/ Difficult\u00e9: Moyen (24,64 km) &#8211; <span style=\"text-decoration: underline;\"><span style=\"color: #ef4030;\"><a style=\"color: #ef4030; text-decoration: underline;\" href=\"https:\/\/www.minetttrail.lu\/fr\/tour\/redrock-mtb-trail-haard-red\" target=\"_blank\" rel=\"noopener\">Plus d&rsquo;infos<\/a><\/span><\/span><\/li>\n<li>RedRock MTB Trail \u00ab\u00a0Haard Black\u00a0\u00bb \/ Difficult\u00e9: Difficile (30,96 km) &#8211; <span style=\"text-decoration: underline;\"><span style=\"color: #ef4030;\"><a style=\"color: #ef4030; text-decoration: underline;\" href=\"https:\/\/www.minetttrail.lu\/fr\/tour\/minett-mtb-trail-haard-black\" target=\"_blank\" rel=\"noopener\">Plus d&rsquo;infos<\/a><\/span><\/span><\/li>\n<\/ul>\n<p>[PDF]\u00a0<span style=\"text-decoration: underline; color: #ef4030;\"><a style=\"color: #ef4030; text-decoration: underline;\" href=\"https:\/\/sadudelangedata.blob.core.windows.net\/files\/2021\/09\/6144a3a7993c7-6144a3a7993c8Redrock-mtb-trails-Dudelange.pdf.pdf\" target=\"_blank\" rel=\"noopener\">Redrock MTB trails Dudelange<\/a><br \/>\n<\/span>[VIDEO] <span style=\"text-decoration: underline;\"><span style=\"color: #ef4030; text-decoration: underline;\"><a style=\"color: #ef4030; text-decoration: underline;\" href=\"https:\/\/www.youtube.com\/watch?v=uppujVP1hE0\" target=\"_blank\" rel=\"noopener\">Redrock MTB trails<\/a><\/span><\/span><\/p>\n<p>Station de lavange VTT Dudelange &#8211; <span style=\"text-decoration: underline;\"><span style=\"color: #ef4030; text-decoration: underline;\"><a style=\"color: #ef4030; text-decoration: underline;\" href=\"https:\/\/www.visitminett.lu\/fr\/attraction\/poste-de-lavage-vtt\" target=\"_blank\" rel=\"noopener\">Plus d&rsquo;infos<\/a><\/span><\/span><\/p>\n<p>&nbsp;<\/p>\n<p><strong>Circuit transfrontalier de la r\u00e9gion Minette<\/strong> (10km)<\/p>\n<p>La Ville de Dudelange, la communaut\u00e9 des communes de Cattenom et la commune de Volmerange-les-Mines ont \u00e9labor\u00e9 un circuit transfrontalier p\u00e9destre et VTT intitul\u00e9 \u00ab Circuit de la Minette \u00bb,\u00a0 en souven\u200bir de l\u2019exploitation du minerai de fer dans cette r\u00e9gion. Le balisage du sentier, un anneau rouge sur fond blanc, a \u00e9t\u00e9 r\u00e9alis\u00e9 par le club vosgien, qui a install\u00e9 les panneaux directionnels des deux c\u00f4t\u00e9s, le parcours pouvant ainsi \u00eatre fait au d\u00e9part de Dudelange (Boulodrome, rue Reiteschkopp) et de Volmerange-les-Mines (caserne sapeurs-pompiers). &#8211; <span style=\"text-decoration: underline;\"><span style=\"color: #ef4030; text-decoration: underline;\"><a style=\"color: #ef4030; text-decoration: underline;\" href=\"https:\/\/www.visitminett.lu\/fr\/tour\/cross-border-circular-route-of-the-minett\" target=\"_blank\" rel=\"noopener\">Plus d&rsquo;infos<\/a><\/span><\/span><\/p>\n","protected":false},"excerpt":{"rendered":"<p>Parcours VTT Redrock Deux parcours VTT balis\u00e9s vous sont propos\u00e9s [&hellip;]<\/p>\n","protected":false},"author":8,"featured_media":3425,"parent":0,"menu_order":0,"comment_status":"closed","ping_status":"closed","template":"","meta":{"footnotes":""},"class_list":["post-3418","page","type-page","status-publish","has-post-thumbnail","hentry"],"publishpress_future_action":{"enabled":false,"date":"2026-04-19 08:40:03","action":"change-status","newStatus":"draft","terms":[],"taxonomy":"","extraData":[]},"publishpress_future_workflow_manual_trigger":{"enabledWorkflows":[]},"_links":{"self":[{"href":"https:\/\/www.dudelange.lu\/index.php\/wp-json\/wp\/v2\/pages\/3418","targetHints":{"allow":["GET"]}}],"collection":[{"href":"https:\/\/www.dudelange.lu\/index.php\/wp-json\/wp\/v2\/pages"}],"about":[{"href":"https:\/\/www.dudelange.lu\/index.php\/wp-json\/wp\/v2\/types\/page"}],"author":[{"embeddable":true,"href":"https:\/\/www.dudelange.lu\/index.php\/wp-json\/wp\/v2\/users\/8"}],"replies":[{"embeddable":true,"href":"https:\/\/www.dudelange.lu\/index.php\/wp-json\/wp\/v2\/comments?post=3418"}],"version-history":[{"count":20,"href":"https:\/\/www.dudelange.lu\/index.php\/wp-json\/wp\/v2\/pages\/3418\/revisions"}],"predecessor-version":[{"id":22594,"href":"https:\/\/www.dudelange.lu\/index.php\/wp-json\/wp\/v2\/pages\/3418\/revisions\/22594"}],"wp:featuredmedia":[{"embeddable":true,"href":"https:\/\/www.dudelange.lu\/index.php\/wp-json\/wp\/v2\/media\/3425"}],"wp:attachment":[{"href":"https:\/\/www.dudelange.lu\/index.php\/wp-json\/wp\/v2\/media?parent=3418"}],"curies":[{"name":"wp","href":"https:\/\/api.w.org\/{rel}","templated":true}]}}