{"id":3496,"date":"2021-09-20T10:46:33","date_gmt":"2021-09-20T08:46:33","guid":{"rendered":"https:\/\/dudelange.devoteamlab.lu\/?page_id=3496"},"modified":"2024-11-29T16:29:40","modified_gmt":"2024-11-29T15:29:40","slug":"parcs-pour-chien","status":"publish","type":"page","link":"https:\/\/www.dudelange.lu\/index.php\/parcs-pour-chien\/","title":{"rendered":"Parcs pour chiens"},"content":{"rendered":"<p><strong>Aire de jeux pour chiens &#8211; rue des Champs<\/strong><\/p>\n<ul>\n<li>Aire de jeux pour chiens de 600 m<sup>2\u00a0<\/sup><\/li>\n<li>Enti\u00e8rement cl\u00f4tur\u00e9e, permet aux animaux de courir librement et en toute s\u00e9curit\u00e9.<\/li>\n<li>Quelques \u00e9quipements ont \u00e9t\u00e9 install\u00e9s : une bascule, une rampe et un parcours d&rsquo;obstacles, qui se pr\u00eatent au jeu et \u00e0 l&rsquo;apprentissage.<\/li>\n<li>Ouvert 24h\/24, dispose de deux entr\u00e9es pour un acc\u00e8s facile.<\/li>\n<li>Certaines r\u00e8gles ont \u00e9t\u00e9 \u00e9tablies et doivent \u00eatre respect\u00e9es par les propri\u00e9taires de chiens. Les propri\u00e9taires sont responsables du comportement de leurs chiens.<\/li>\n<li>L&rsquo;utilisation se fait aux risques et p\u00e9rils de chacun : restez attentif\u00b7ves et gardez \u00e0 l\u2019\u0153il leurs animaux.<\/li>\n<li>Des bancs invitent \u00e0 se d\u00e9tendre pendant que les chiens jouent ensemble.<\/li>\n<li>Des poubelles et des distributeurs de sacs \u00e0 d\u00e9jections canines sont disponibles.<\/li>\n<\/ul>\n<p>&nbsp;<\/p>\n<p><strong>Parc du &lsquo;Casino&rsquo; &#8211; 150 rue de la Lib\u00e9ration<\/strong><\/p>\n<p>Cette aire enti\u00e8rement cl\u00f4tur\u00e9e est d\u00e9di\u00e9e aux chiens. Ici les chiens peuvent courir librement sans laisse.<br \/>\nQuelques r\u00e8gles sont \u00e0 respecter:<\/p>\n<ul>\n<li>Les propri\u00e9taires doivent enlever eux-m\u00eames les crottes de leurs chiens.<\/li>\n<li>Les propri\u00e9taires sont responsables de leurs chiens.<\/li>\n<li>L&rsquo;utilisation du parc est sous la responsabilit\u00e9 des propri\u00e9taires de chiens.<\/li>\n<li>Des poubelles et des distributeurs de sacs \u00e0 d\u00e9jections canines sont disponibles.<\/li>\n<li>La porte du parc pour chiens doit rester ferm\u00e9e !<\/li>\n<\/ul>\n","protected":false},"excerpt":{"rendered":"<p>Aire de jeux pour chiens &#8211; rue des Champs Aire [&hellip;]<\/p>\n","protected":false},"author":8,"featured_media":3502,"parent":0,"menu_order":0,"comment_status":"closed","ping_status":"closed","template":"","meta":{"footnotes":""},"class_list":["post-3496","page","type-page","status-publish","has-post-thumbnail","hentry"],"publishpress_future_action":{"enabled":false,"date":"2026-05-15 19:03:06","action":"change-status","newStatus":"draft","terms":[],"taxonomy":"","extraData":[]},"publishpress_future_workflow_manual_trigger":{"enabledWorkflows":[]},"_links":{"self":[{"href":"https:\/\/www.dudelange.lu\/index.php\/wp-json\/wp\/v2\/pages\/3496","targetHints":{"allow":["GET"]}}],"collection":[{"href":"https:\/\/www.dudelange.lu\/index.php\/wp-json\/wp\/v2\/pages"}],"about":[{"href":"https:\/\/www.dudelange.lu\/index.php\/wp-json\/wp\/v2\/types\/page"}],"author":[{"embeddable":true,"href":"https:\/\/www.dudelange.lu\/index.php\/wp-json\/wp\/v2\/users\/8"}],"replies":[{"embeddable":true,"href":"https:\/\/www.dudelange.lu\/index.php\/wp-json\/wp\/v2\/comments?post=3496"}],"version-history":[{"count":14,"href":"https:\/\/www.dudelange.lu\/index.php\/wp-json\/wp\/v2\/pages\/3496\/revisions"}],"predecessor-version":[{"id":26156,"href":"https:\/\/www.dudelange.lu\/index.php\/wp-json\/wp\/v2\/pages\/3496\/revisions\/26156"}],"wp:featuredmedia":[{"embeddable":true,"href":"https:\/\/www.dudelange.lu\/index.php\/wp-json\/wp\/v2\/media\/3502"}],"wp:attachment":[{"href":"https:\/\/www.dudelange.lu\/index.php\/wp-json\/wp\/v2\/media?parent=3496"}],"curies":[{"name":"wp","href":"https:\/\/api.w.org\/{rel}","templated":true}]}}