{"id":3564,"date":"2021-09-20T14:29:21","date_gmt":"2021-09-20T12:29:21","guid":{"rendered":"https:\/\/dudelange.devoteamlab.lu\/?page_id=3564"},"modified":"2021-09-30T12:00:03","modified_gmt":"2021-09-30T10:00:03","slug":"zones-20-30","status":"publish","type":"page","link":"https:\/\/www.dudelange.lu\/index.php\/zones-20-30\/","title":{"rendered":"Zones 20 &#038; 30"},"content":{"rendered":"<p>\u200bLes quartiers r\u00e9sidentiels de Dudelange b\u00e9n\u00e9ficient de diff\u00e9rentes zones 20 et 30 (max. 20km\/h ou max. 30km\/h), garantissant \u00e0 la fois une plus grande qualit\u00e9 de vie et une s\u00e9curit\u00e9 accrue aux habitants, aux pi\u00e9tons et aux cyclistes.\u200b<\/p>\n<p>[PDF] <span style=\"text-decoration: underline;\"><span style=\"color: #ef4030;\"><a style=\"color: #ef4030; text-decoration: underline;\" href=\"https:\/\/sadudelangedata.blob.core.windows.net\/files\/2021\/09\/61487dbac4bba-61487dbac4bbbZone-30.pdf.pdf\" target=\"_blank\" rel=\"noopener\">Plan avec les zones 20, 30 et 50km\/h<\/a><\/span><\/span><\/p>\n","protected":false},"excerpt":{"rendered":"<p>\u200bLes quartiers r\u00e9sidentiels de Dudelange b\u00e9n\u00e9ficient de diff\u00e9rentes zones 20 [&hellip;]<\/p>\n","protected":false},"author":10,"featured_media":3665,"parent":0,"menu_order":0,"comment_status":"closed","ping_status":"closed","template":"","meta":{"footnotes":""},"class_list":["post-3564","page","type-page","status-publish","has-post-thumbnail","hentry"],"publishpress_future_action":{"enabled":false,"date":"2026-04-21 10:11:28","action":"change-status","newStatus":"draft","terms":[],"taxonomy":"","extraData":[]},"publishpress_future_workflow_manual_trigger":{"enabledWorkflows":[]},"_links":{"self":[{"href":"https:\/\/www.dudelange.lu\/index.php\/wp-json\/wp\/v2\/pages\/3564","targetHints":{"allow":["GET"]}}],"collection":[{"href":"https:\/\/www.dudelange.lu\/index.php\/wp-json\/wp\/v2\/pages"}],"about":[{"href":"https:\/\/www.dudelange.lu\/index.php\/wp-json\/wp\/v2\/types\/page"}],"author":[{"embeddable":true,"href":"https:\/\/www.dudelange.lu\/index.php\/wp-json\/wp\/v2\/users\/10"}],"replies":[{"embeddable":true,"href":"https:\/\/www.dudelange.lu\/index.php\/wp-json\/wp\/v2\/comments?post=3564"}],"version-history":[{"count":6,"href":"https:\/\/www.dudelange.lu\/index.php\/wp-json\/wp\/v2\/pages\/3564\/revisions"}],"predecessor-version":[{"id":3668,"href":"https:\/\/www.dudelange.lu\/index.php\/wp-json\/wp\/v2\/pages\/3564\/revisions\/3668"}],"wp:featuredmedia":[{"embeddable":true,"href":"https:\/\/www.dudelange.lu\/index.php\/wp-json\/wp\/v2\/media\/3665"}],"wp:attachment":[{"href":"https:\/\/www.dudelange.lu\/index.php\/wp-json\/wp\/v2\/media?parent=3564"}],"curies":[{"name":"wp","href":"https:\/\/api.w.org\/{rel}","templated":true}]}}